{"id":3663,"date":"2022-10-29T02:50:00","date_gmt":"2022-10-29T00:50:00","guid":{"rendered":"https:\/\/www.crackerstech.com\/?page_id=3663"},"modified":"2024-06-18T22:41:10","modified_gmt":"2024-06-18T20:41:10","slug":"accessibility-policy","status":"publish","type":"page","link":"https:\/\/crackerstech.com\/en\/mentions-legales\/politique-accessibilite\/","title":{"rendered":"Accessibility Policy"},"content":{"rendered":"<div data-elementor-type=\"wp-page\" data-elementor-id=\"3663\" class=\"elementor elementor-3663\" data-elementor-post-type=\"page\">\n\t\t\t\t\t\t<section data-exad-particle-enable=\"false\" class=\"elementor-section elementor-top-section elementor-element elementor-element-a4b3744 elementor-section-boxed elementor-section-height-default elementor-section-height-default exad-parallax-effect-no exad-background-color-change-no exad-glass-effect-no exad-sticky-section-no\" data-id=\"a4b3744\" data-element_type=\"section\" data-e-type=\"section\">\n\t\t\t\t\t\t<div class=\"elementor-container elementor-column-gap-default\">\n\t\t\t\t\t<div class=\"elementor-column elementor-col-100 elementor-top-column elementor-element elementor-element-0b86dcf exad-glass-effect-no exad-sticky-section-no\" data-id=\"0b86dcf\" data-element_type=\"column\" data-e-type=\"column\">\n\t\t\t<div class=\"elementor-widget-wrap elementor-element-populated\">\n\t\t\t\t\t\t<div class=\"elementor-element elementor-element-dcae72b exad-sticky-section-no exad-glass-effect-no elementor-widget elementor-widget-heading\" data-id=\"dcae72b\" data-element_type=\"widget\" data-e-type=\"widget\" data-widget_type=\"heading.default\">\n\t\t\t\t<div class=\"elementor-widget-container\">\n\t\t\t\t\t<h2 class=\"elementor-heading-title elementor-size-default\">Definition<\/h2>\t\t\t\t<\/div>\n\t\t\t\t<\/div>\n\t\t\t\t<div class=\"elementor-element elementor-element-6aada05 exad-sticky-section-no exad-glass-effect-no elementor-widget elementor-widget-text-editor\" data-id=\"6aada05\" data-element_type=\"widget\" data-e-type=\"widget\" data-widget_type=\"text-editor.default\">\n\t\t\t\t<div class=\"elementor-widget-container\">\n\t\t\t\t\t\t\t\t\t<p>The definition of Web accessibility, by Tim Berners-Lee, the director of W3C and inventor of the World Wide Web, is as follows:<\/p><p>\u00ab Make the Web and its services available to all individuals, regardless of their hardware or software, network infrastructure, native language, culture, geographic location, or physical or mental abilities. \u00bb<\/p>\t\t\t\t\t\t\t\t<\/div>\n\t\t\t\t<\/div>\n\t\t\t\t<div class=\"elementor-element elementor-element-4e07cb3 exad-sticky-section-no exad-glass-effect-no elementor-widget elementor-widget-heading\" data-id=\"4e07cb3\" data-element_type=\"widget\" data-e-type=\"widget\" data-widget_type=\"heading.default\">\n\t\t\t\t<div class=\"elementor-widget-container\">\n\t\t\t\t\t<h2 class=\"elementor-heading-title elementor-size-default\">Relative font sizes<\/h2>\t\t\t\t<\/div>\n\t\t\t\t<\/div>\n\t\t\t\t<div class=\"elementor-element elementor-element-23f9502 exad-sticky-section-no exad-glass-effect-no elementor-widget elementor-widget-text-editor\" data-id=\"23f9502\" data-element_type=\"widget\" data-e-type=\"widget\" data-widget_type=\"text-editor.default\">\n\t\t\t\t<div class=\"elementor-widget-container\">\n\t\t\t\t\t\t\t\t\t<p style=\"text-align: justify;\">The site uses relative font sizes to enable you to adapt the size of the characters displayed using your browser's controls.<br \/>You can adjust the font size to suit your needs, but beyond a certain size, some elements may overlap and make reading difficult.<\/p>\t\t\t\t\t\t\t\t<\/div>\n\t\t\t\t<\/div>\n\t\t\t\t<div class=\"elementor-element elementor-element-32f5460 exad-sticky-section-no exad-glass-effect-no elementor-widget elementor-widget-heading\" data-id=\"32f5460\" data-element_type=\"widget\" data-e-type=\"widget\" data-widget_type=\"heading.default\">\n\t\t\t\t<div class=\"elementor-widget-container\">\n\t\t\t\t\t<h2 class=\"elementor-heading-title elementor-size-default\">Relative content and sizing<\/h2>\t\t\t\t<\/div>\n\t\t\t\t<\/div>\n\t\t\t\t<div class=\"elementor-element elementor-element-b93ec08 exad-sticky-section-no exad-glass-effect-no elementor-widget elementor-widget-text-editor\" data-id=\"b93ec08\" data-element_type=\"widget\" data-e-type=\"widget\" data-widget_type=\"text-editor.default\">\n\t\t\t\t<div class=\"elementor-widget-container\">\n\t\t\t\t\t\t\t\t\t<p class=\"p1\" style=\"text-align: justify;\">This website aims to be as accessible as possible, but it's not perfect.<\/p><p class=\"p1\" style=\"text-align: justify;\">Compliance with standards: this site complies with the standards of the\u00a0<a href=\"http:\/\/www.w3.org\/\" rel=\"external noopener\" target=\"_blank\">W3C<\/a> in terms of web page development. Only the main pages (home, contacts, site map, search engine, ... and a few content pages) were tested.<\/p><p style=\"text-align: justify;\">The sizes of the blocks making up the page (menus, content, etc.) are expressed in relative units, so their dimensions adapt to the content.<\/p><p style=\"text-align: justify;\">Character sizes are defined with proportional units, i.e. you can change the size of the characters at your convenience using your browser's functions:<\/p><ul><li style=\"text-align: justify;\">in most browsers : <kbd>Ctrl<\/kbd> + \"mouse wheel\" works correctly,<\/li><li style=\"text-align: justify;\">Internet Explorer: menu \"View\" -&gt; \"Text size\" and choose the size you prefer,<\/li><li style=\"text-align: justify;\">Mozilla, Firefox or Netscape: do <kbd>Ctrl<\/kbd> + <kbd>+<\/kbd> to enlarge text and <kbd>Ctrl<\/kbd> + <kbd>-<\/kbd> to reduce it,<\/li><li style=\"text-align: justify;\">Opera: press the <kbd>+<\/kbd> or <kbd>-<\/kbd> from the numeric keypad, go to the \"View\" -&gt; \"Zoom\" menu and choose the zoom level you require.<\/li><\/ul><p style=\"text-align: justify;\">The use of these keyboard shortcuts depends on your browser and operating system:<\/p><p style=\"text-align: justify;\">For Windows :<\/p><ul><li style=\"text-align: justify;\">Goocle Chrome, Mozilla Firefox, Safari, Netscape : <kbd>Alt<\/kbd> + <kbd>Shift<\/kbd>then \"Keyboard shortcut<\/li><li style=\"text-align: justify;\">Internet Explorer : <kbd>Alt<\/kbd> + \"Keyboard shortcut\", then <kbd>Input<\/kbd><\/li><li style=\"text-align: justify;\">Opera : <kbd>Esc<\/kbd> (exhaust) + (exhaust) <kbd>Shift<\/kbd> (uppercase), then \"Keyboard shortcut\".<\/li><\/ul><p style=\"text-align: justify;\">For Macintosh :<\/p><ul><li style=\"text-align: justify;\">Mozilla, Netscape : <kbd>Ctrl<\/kbd> + \"Keyboard shortcut<\/li><li style=\"text-align: justify;\">Internet Explorer, Safari : <kbd>Ctrl<\/kbd> + \"Keyboard shortcut\", then <kbd>Input<\/kbd><\/li><li style=\"text-align: justify;\">Opera : <kbd>Esc<\/kbd> (exhaust) + (exhaust) <kbd>Shift<\/kbd> (uppercase), then \"Keyboard shortcut<\/li><\/ul><p style=\"text-align: justify;\">For Linux :<\/p><ul><li style=\"text-align: justify;\">Mozilla Firefox : <kbd>Alt<\/kbd> + \"Keyboard shortcut<\/li><li style=\"text-align: justify;\">Konqueror (3.3 or +) : <kbd>Ctrl<\/kbd>then \"Keyboard shortcut<\/li><li style=\"text-align: justify;\">Opera 7 : <kbd>Esc<\/kbd> (exhaust) + (exhaust) <kbd>Shift<\/kbd> (uppercase), then \"Keyboard shortcut\".<\/li><\/ul>\t\t\t\t\t\t\t\t<\/div>\n\t\t\t\t<\/div>\n\t\t\t\t\t<\/div>\n\t\t<\/div>\n\t\t\t\t\t<\/div>\n\t\t<\/section>\n\t\t\t\t<\/div>","protected":false},"excerpt":{"rendered":"<p>D\u00e9finition Selon la d\u00e9finition de l\u2019accessibilit\u00e9 du Web, par Tim Berners-Lee, le directeur du W3C et inventeur du World Wide Web, est la suivante : \u00ab Mettre le Web et ses services \u00e0 la disposition de tous les individus, quel que soit leur mat\u00e9riel ou logiciel, leur infrastructure r\u00e9seau, leur langue maternelle, leur culture, leur [&hellip;]<\/p>\n","protected":false},"author":1,"featured_media":712,"parent":360,"menu_order":0,"comment_status":"closed","ping_status":"closed","template":"elementor_header_footer","meta":{"_monsterinsights_skip_tracking":false,"_monsterinsights_sitenote_active":false,"_monsterinsights_sitenote_note":"","_monsterinsights_sitenote_category":0,"ocean_post_layout":"","ocean_both_sidebars_style":"","ocean_both_sidebars_content_width":0,"ocean_both_sidebars_sidebars_width":0,"ocean_sidebar":"0","ocean_second_sidebar":"0","ocean_disable_margins":"enable","ocean_add_body_class":"","ocean_shortcode_before_top_bar":"","ocean_shortcode_after_top_bar":"","ocean_shortcode_before_header":"","ocean_shortcode_after_header":"","ocean_has_shortcode":"","ocean_shortcode_after_title":"","ocean_shortcode_before_footer_widgets":"","ocean_shortcode_after_footer_widgets":"","ocean_shortcode_before_footer_bottom":"","ocean_shortcode_after_footer_bottom":"","ocean_display_top_bar":"default","ocean_display_header":"default","ocean_header_style":"","ocean_center_header_left_menu":"0","ocean_custom_header_template":"0","ocean_custom_logo":0,"ocean_custom_retina_logo":0,"ocean_custom_logo_max_width":0,"ocean_custom_logo_tablet_max_width":0,"ocean_custom_logo_mobile_max_width":0,"ocean_custom_logo_max_height":0,"ocean_custom_logo_tablet_max_height":0,"ocean_custom_logo_mobile_max_height":0,"ocean_header_custom_menu":"0","ocean_menu_typo_font_family":"0","ocean_menu_typo_font_subset":"","ocean_menu_typo_font_size":0,"ocean_menu_typo_font_size_tablet":0,"ocean_menu_typo_font_size_mobile":0,"ocean_menu_typo_font_size_unit":"px","ocean_menu_typo_font_weight":"","ocean_menu_typo_font_weight_tablet":"","ocean_menu_typo_font_weight_mobile":"","ocean_menu_typo_transform":"","ocean_menu_typo_transform_tablet":"","ocean_menu_typo_transform_mobile":"","ocean_menu_typo_line_height":0,"ocean_menu_typo_line_height_tablet":0,"ocean_menu_typo_line_height_mobile":0,"ocean_menu_typo_line_height_unit":"","ocean_menu_typo_spacing":0,"ocean_menu_typo_spacing_tablet":0,"ocean_menu_typo_spacing_mobile":0,"ocean_menu_typo_spacing_unit":"","ocean_menu_link_color":"","ocean_menu_link_color_hover":"","ocean_menu_link_color_active":"","ocean_menu_link_background":"","ocean_menu_link_hover_background":"","ocean_menu_link_active_background":"","ocean_menu_social_links_bg":"","ocean_menu_social_hover_links_bg":"","ocean_menu_social_links_color":"","ocean_menu_social_hover_links_color":"","ocean_disable_title":"default","ocean_disable_heading":"default","ocean_post_title":"","ocean_post_subheading":"","ocean_post_title_style":"","ocean_post_title_background_color":"","ocean_post_title_background":0,"ocean_post_title_bg_image_position":"","ocean_post_title_bg_image_attachment":"","ocean_post_title_bg_image_repeat":"","ocean_post_title_bg_image_size":"","ocean_post_title_height":0,"ocean_post_title_bg_overlay":0.5,"ocean_post_title_bg_overlay_color":"","ocean_disable_breadcrumbs":"default","ocean_breadcrumbs_color":"","ocean_breadcrumbs_separator_color":"","ocean_breadcrumbs_links_color":"","ocean_breadcrumbs_links_hover_color":"","ocean_display_footer_widgets":"default","ocean_display_footer_bottom":"default","ocean_custom_footer_template":"0","footnotes":""},"class_list":["post-3663","page","type-page","status-publish","has-post-thumbnail","hentry","entry","has-media","owp-thumbs-layout-horizontal","owp-btn-normal","owp-tabs-layout-horizontal","has-no-thumbnails","has-product-nav"],"_links":{"self":[{"href":"https:\/\/crackerstech.com\/en\/wp-json\/wp\/v2\/pages\/3663","targetHints":{"allow":["GET"]}}],"collection":[{"href":"https:\/\/crackerstech.com\/en\/wp-json\/wp\/v2\/pages"}],"about":[{"href":"https:\/\/crackerstech.com\/en\/wp-json\/wp\/v2\/types\/page"}],"author":[{"embeddable":true,"href":"https:\/\/crackerstech.com\/en\/wp-json\/wp\/v2\/users\/1"}],"replies":[{"embeddable":true,"href":"https:\/\/crackerstech.com\/en\/wp-json\/wp\/v2\/comments?post=3663"}],"version-history":[{"count":0,"href":"https:\/\/crackerstech.com\/en\/wp-json\/wp\/v2\/pages\/3663\/revisions"}],"up":[{"embeddable":true,"href":"https:\/\/crackerstech.com\/en\/wp-json\/wp\/v2\/pages\/360"}],"wp:featuredmedia":[{"embeddable":true,"href":"https:\/\/crackerstech.com\/en\/wp-json\/wp\/v2\/media\/712"}],"wp:attachment":[{"href":"https:\/\/crackerstech.com\/en\/wp-json\/wp\/v2\/media?parent=3663"}],"curies":[{"name":"wp","href":"https:\/\/api.w.org\/{rel}","templated":true}]}}