{"id":7739,"date":"2024-03-16T19:15:48","date_gmt":"2024-03-16T18:15:48","guid":{"rendered":"https:\/\/crackerstech.com\/?page_id=7739"},"modified":"2024-03-16T19:48:55","modified_gmt":"2024-03-16T18:48:55","slug":"swiss","status":"publish","type":"page","link":"https:\/\/crackerstech.com\/en\/nos-services\/site-internet\/wordpress-fr\/suisse\/","title":{"rendered":"Creation Site WordPress Switzerland"},"content":{"rendered":"<div data-elementor-type=\"wp-page\" data-elementor-id=\"7739\" class=\"elementor elementor-7739\" data-elementor-post-type=\"page\">\n\t\t\t\t\t\t<section data-exad-particle-enable=\"false\" class=\"elementor-section elementor-top-section elementor-element elementor-element-975a0df elementor-section-full_width elementor-section-stretched elementor-section-height-default elementor-section-height-default exad-parallax-effect-no exad-background-color-change-no exad-glass-effect-no exad-sticky-section-no\" data-id=\"975a0df\" data-element_type=\"section\" data-e-type=\"section\" data-settings=\"{&quot;stretch_section&quot;:&quot;section-stretched&quot;}\">\n\t\t\t\t\t\t<div class=\"elementor-container elementor-column-gap-no\">\n\t\t\t\t\t<div class=\"elementor-column elementor-col-100 elementor-top-column elementor-element elementor-element-4aa4ee6 exad-glass-effect-no exad-sticky-section-no\" data-id=\"4aa4ee6\" data-element_type=\"column\" data-e-type=\"column\">\n\t\t\t<div class=\"elementor-widget-wrap elementor-element-populated\">\n\t\t\t\t\t\t<div class=\"elementor-element elementor-element-f464485 elementor-widget-mobile__width-inherit elementor--h-position-center elementor--v-position-middle elementor-arrows-position-inside elementor-pagination-position-inside exad-sticky-section-no exad-glass-effect-no elementor-widget elementor-widget-slides\" data-id=\"f464485\" data-element_type=\"widget\" data-e-type=\"widget\" data-settings=\"{&quot;autoplay_speed&quot;:3000,&quot;navigation&quot;:&quot;both&quot;,&quot;autoplay&quot;:&quot;yes&quot;,&quot;pause_on_hover&quot;:&quot;yes&quot;,&quot;pause_on_interaction&quot;:&quot;yes&quot;,&quot;infinite&quot;:&quot;yes&quot;,&quot;transition&quot;:&quot;slide&quot;,&quot;transition_speed&quot;:500}\" data-widget_type=\"slides.default\">\n\t\t\t\t<div class=\"elementor-widget-container\">\n\t\t\t\t\t\t\t\t\t<div class=\"elementor-swiper\">\r\n\t\t\t\t\t<div class=\"elementor-slides-wrapper elementor-main-swiper swiper\" role=\"region\" aria-roledescription=\"carousel\" aria-label=\"Slides\" dir=\"ltr\" data-animation=\"fadeInUp\">\r\n\t\t\t\t<div class=\"swiper-wrapper elementor-slides\">\r\n\t\t\t\t\t\t\t\t\t\t<div class=\"elementor-repeater-item-fbf698a swiper-slide\" role=\"group\" aria-roledescription=\"slide\"><div class=\"swiper-slide-bg elementor-ken-burns elementor-ken-burns--out\" role=\"img\" aria-label=\"WordPress site creation and hosting in Switzerland\"><\/div><div class=\"elementor-background-overlay\"><\/div><div class=\"swiper-slide-inner\" ><div class=\"swiper-slide-contents\"><h2 class=\"elementor-slide-heading\">Swiss WordPress site creation<\/h2><p class=\"elementor-slide-description\">Cracker's Tech designs and hosts WordPress websites in Switzerland.<\/p><\/div><\/div><\/div>\t\t\t\t<\/div>\r\n\t\t\t\t\t\t\t<\/div>\r\n\t\t\t\t<\/div>\r\n\t\t\t\t\t\t\t\t<\/div>\n\t\t\t\t<\/div>\n\t\t\t\t\t<\/div>\n\t\t<\/div>\n\t\t\t\t\t<\/div>\n\t\t<\/section>\n\t\t\t\t<section data-exad-particle-enable=\"false\" class=\"elementor-section elementor-top-section elementor-element elementor-element-6625c7a elementor-section-boxed elementor-section-height-default elementor-section-height-default exad-parallax-effect-no exad-background-color-change-no exad-glass-effect-no exad-sticky-section-no\" data-id=\"6625c7a\" data-element_type=\"section\" data-e-type=\"section\" data-settings=\"{&quot;background_background&quot;:&quot;classic&quot;}\">\n\t\t\t\t\t\t<div class=\"elementor-container elementor-column-gap-default\">\n\t\t\t\t\t<div class=\"elementor-column elementor-col-100 elementor-top-column elementor-element elementor-element-7a5e3f0 exad-glass-effect-no exad-sticky-section-no\" data-id=\"7a5e3f0\" data-element_type=\"column\" data-e-type=\"column\">\n\t\t\t<div class=\"elementor-widget-wrap elementor-element-populated\">\n\t\t\t\t\t\t<div class=\"elementor-element elementor-element-35a0f5f exad-sticky-section-no exad-glass-effect-no elementor-widget elementor-widget-heading\" data-id=\"35a0f5f\" data-element_type=\"widget\" data-e-type=\"widget\" data-widget_type=\"heading.default\">\n\t\t\t\t<div class=\"elementor-widget-container\">\n\t\t\t\t\t<h1 class=\"elementor-heading-title elementor-size-default\">Creation of WordPress Site for Switzerland<\/h1>\t\t\t\t<\/div>\n\t\t\t\t<\/div>\n\t\t\t\t<div class=\"elementor-element elementor-element-0a475d3 exad-sticky-section-no exad-glass-effect-no elementor-widget elementor-widget-text-editor\" data-id=\"0a475d3\" data-element_type=\"widget\" data-e-type=\"widget\" data-widget_type=\"text-editor.default\">\n\t\t\t\t<div class=\"elementor-widget-container\">\n\t\t\t\t\t\t\t\t\t<p>At Cracker\u2019s Tech, we understand the importance of local specificity in website creation. This is why we offer tailor-made WordPress site creation and hosting services specifically for Switzerland. Our solutions are designed to meet the unique requirements of Swiss companies, combining performance, legal compliance and support for the local economy.<\/p>\t\t\t\t\t\t\t\t<\/div>\n\t\t\t\t<\/div>\n\t\t\t\t\t<\/div>\n\t\t<\/div>\n\t\t\t\t\t<\/div>\n\t\t<\/section>\n\t\t\t\t<section data-exad-particle-enable=\"false\" class=\"elementor-section elementor-top-section elementor-element elementor-element-af54c99 elementor-section-boxed elementor-section-height-default elementor-section-height-default exad-parallax-effect-no exad-background-color-change-no exad-glass-effect-no exad-sticky-section-no elementor-invisible\" data-id=\"af54c99\" data-element_type=\"section\" data-e-type=\"section\" data-settings=\"{&quot;animation&quot;:&quot;zoomIn&quot;}\">\n\t\t\t\t\t\t<div class=\"elementor-container elementor-column-gap-default\">\n\t\t\t\t\t<div class=\"elementor-column elementor-col-100 elementor-top-column elementor-element elementor-element-0f047c0 exad-glass-effect-no exad-sticky-section-no\" data-id=\"0f047c0\" data-element_type=\"column\" data-e-type=\"column\">\n\t\t\t<div class=\"elementor-widget-wrap elementor-element-populated\">\n\t\t\t\t\t\t<div class=\"elementor-element elementor-element-4109e7c elementor-widget-divider--view-line exad-sticky-section-no exad-glass-effect-no elementor-widget elementor-widget-divider\" data-id=\"4109e7c\" data-element_type=\"widget\" data-e-type=\"widget\" data-widget_type=\"divider.default\">\n\t\t\t\t<div class=\"elementor-widget-container\">\n\t\t\t\t\t\t\t<div class=\"elementor-divider\">\n\t\t\t<span class=\"elementor-divider-separator\">\n\t\t\t\t\t\t<\/span>\n\t\t<\/div>\n\t\t\t\t\t\t<\/div>\n\t\t\t\t<\/div>\n\t\t\t\t\t<\/div>\n\t\t<\/div>\n\t\t\t\t\t<\/div>\n\t\t<\/section>\n\t\t\t\t<section data-exad-particle-enable=\"false\" class=\"elementor-section elementor-top-section elementor-element elementor-element-cbeef4e elementor-section-boxed elementor-section-height-default elementor-section-height-default exad-parallax-effect-no exad-background-color-change-no exad-glass-effect-no exad-sticky-section-no\" data-id=\"cbeef4e\" data-element_type=\"section\" data-e-type=\"section\" data-settings=\"{&quot;background_background&quot;:&quot;classic&quot;}\">\n\t\t\t\t\t\t<div class=\"elementor-container elementor-column-gap-default\">\n\t\t\t\t\t<div class=\"elementor-column elementor-col-100 elementor-top-column elementor-element elementor-element-ffcb064 exad-glass-effect-no exad-sticky-section-no\" data-id=\"ffcb064\" data-element_type=\"column\" data-e-type=\"column\">\n\t\t\t<div class=\"elementor-widget-wrap elementor-element-populated\">\n\t\t\t\t\t\t<div class=\"elementor-element elementor-element-6634dea exad-sticky-section-no exad-glass-effect-no elementor-widget elementor-widget-heading\" data-id=\"6634dea\" data-element_type=\"widget\" data-e-type=\"widget\" data-widget_type=\"heading.default\">\n\t\t\t\t<div class=\"elementor-widget-container\">\n\t\t\t\t\t<h2 class=\"elementor-heading-title elementor-size-default\">Custom design for Switzerland<\/h2>\t\t\t\t<\/div>\n\t\t\t\t<\/div>\n\t\t\t\t<div class=\"elementor-element elementor-element-d865cd3 exad-sticky-section-no exad-glass-effect-no elementor-widget elementor-widget-text-editor\" data-id=\"d865cd3\" data-element_type=\"widget\" data-e-type=\"widget\" data-widget_type=\"text-editor.default\">\n\t\t\t\t<div class=\"elementor-widget-container\">\n\t\t\t\t\t\t\t\t\t<p>Our WordPress site building services for Switzerland are fully customized to match your business identity and specific needs. Aware of the linguistic and cultural diversity of Switzerland, we offer multilingual sites, adapted to communication in the four national languages: German, French, Italian and Romansh. This ensures a smooth user experience for all your visitors, regardless of their language background.<\/p>\t\t\t\t\t\t\t\t<\/div>\n\t\t\t\t<\/div>\n\t\t\t\t<section data-exad-particle-enable=\"false\" class=\"elementor-section elementor-inner-section elementor-element elementor-element-83a4441 elementor-section-content-middle elementor-section-boxed elementor-section-height-default elementor-section-height-default exad-parallax-effect-no exad-background-color-change-no exad-glass-effect-no exad-sticky-section-no\" data-id=\"83a4441\" data-element_type=\"section\" data-e-type=\"section\">\n\t\t\t\t\t\t<div class=\"elementor-container elementor-column-gap-default\">\n\t\t\t\t\t<div class=\"elementor-column elementor-col-50 elementor-inner-column elementor-element elementor-element-ac98fea exad-glass-effect-no exad-sticky-section-no\" data-id=\"ac98fea\" data-element_type=\"column\" data-e-type=\"column\">\n\t\t\t<div class=\"elementor-widget-wrap elementor-element-populated\">\n\t\t\t\t\t\t<div class=\"elementor-element elementor-element-f7ac33b exad-sticky-section-no exad-glass-effect-no elementor-invisible elementor-widget elementor-widget-exad-infobox\" data-id=\"f7ac33b\" data-element_type=\"widget\" data-e-type=\"widget\" data-settings=\"{&quot;_animation&quot;:&quot;zoomIn&quot;,&quot;_animation_tablet&quot;:&quot;zoomIn&quot;,&quot;_animation_mobile&quot;:&quot;zoomIn&quot;}\" data-widget_type=\"exad-infobox.default\">\n\t\t\t\t<div class=\"elementor-widget-container\">\n\t\t\t\t\t\t\t\r\n\t\t<div class=\"exad-infobox\">\r\n\t\t\t<div class=\"exad-infobox-item exad-infobox-align-center exad-infobox-icon-position-center exad-infobox-enable-box-yes simple-transition\">\r\n\t\t\t  \t\t\t\t\t\t<div class=\"exad-infobox-icon\">\r\n\t\t\t\t\t\t\t\t\t\t\t\t\t<i aria-hidden=\"true\" class=\"fas fa-balance-scale\"><\/i>\t\t\t\t\t\t\r\n\t\t\t\t\t\t\t\r\n\t\t\t\t\t<\/div>\r\n\t\t\t  \t\t            <div class=\"exad-infobox-content\">\r\n\t            \t\t\t\t\t\t\r\n\t            \t<h3 class=\"exad-infobox-content-title\">Legal Compliance and Security<\/h3>\t\t\t\t\t\r\n\t            \t\t\t\t\t\t\r\n\t\t\t\t\t<div class=\"exad-infobox-content-description\">\r\n\t\t\t\t\t\tCompliance with Swiss regulations is at the heart of our concerns. We ensure that your WordPress site complies with all local laws, including data protection, to ensure the security of not only your information but also that of your customers. Additionally, our sites are designed to be secure against digital threats, ensuring a safe online experience for all users.\t\t\t\t\t<\/div>\r\n\t            <\/div>\r\n          \t<\/div>\r\n        <\/div>\r\n\t\t\t\t\t\t<\/div>\n\t\t\t\t<\/div>\n\t\t\t\t\t<\/div>\n\t\t<\/div>\n\t\t\t\t<div class=\"elementor-column elementor-col-50 elementor-inner-column elementor-element elementor-element-63b95f7 exad-glass-effect-no exad-sticky-section-no\" data-id=\"63b95f7\" data-element_type=\"column\" data-e-type=\"column\">\n\t\t\t<div class=\"elementor-widget-wrap elementor-element-populated\">\n\t\t\t\t\t\t<div class=\"elementor-element elementor-element-284e513 exad-sticky-section-no exad-glass-effect-no elementor-invisible elementor-widget elementor-widget-exad-infobox\" data-id=\"284e513\" data-element_type=\"widget\" data-e-type=\"widget\" data-settings=\"{&quot;_animation&quot;:&quot;zoomIn&quot;,&quot;_animation_tablet&quot;:&quot;zoomIn&quot;,&quot;_animation_mobile&quot;:&quot;zoomIn&quot;}\" data-widget_type=\"exad-infobox.default\">\n\t\t\t\t<div class=\"elementor-widget-container\">\n\t\t\t\t\t\t\t\r\n\t\t<div class=\"exad-infobox\">\r\n\t\t\t<div class=\"exad-infobox-item exad-infobox-align-center exad-infobox-icon-position-center exad-infobox-enable-box-yes simple-transition\">\r\n\t\t\t  \t\t\t\t\t\t<div class=\"exad-infobox-icon\">\r\n\t\t\t\t\t\t\t\t\t\t\t\t\t<i aria-hidden=\"true\" class=\"fas fa-server\"><\/i>\t\t\t\t\t\t\r\n\t\t\t\t\t\t\t\r\n\t\t\t\t\t<\/div>\r\n\t\t\t  \t\t            <div class=\"exad-infobox-content\">\r\n\t            \t\t\t\t\t\t\r\n\t            \t<h3 class=\"exad-infobox-content-title\">Hosting located in Switzerland<\/h3>\t\t\t\t\t\r\n\t            \t\t\t\t\t\t\r\n\t\t\t\t\t<div class=\"exad-infobox-content-description\">\r\n\t\t\t\t\t\tWe offer WordPress hosting solutions located in Switzerland, allowing your site to benefit from fast loading speeds and better overall performance. Local hosting also contributes to meeting data sovereignty requirements and supporting the Swiss digital economy. Our secure data centers ensure your site is always protected and available.\t\t\t\t\t<\/div>\r\n\t            <\/div>\r\n          \t<\/div>\r\n        <\/div>\r\n\t\t\t\t\t\t<\/div>\n\t\t\t\t<\/div>\n\t\t\t\t\t<\/div>\n\t\t<\/div>\n\t\t\t\t\t<\/div>\n\t\t<\/section>\n\t\t\t\t<section data-exad-particle-enable=\"false\" class=\"elementor-section elementor-inner-section elementor-element elementor-element-097f075 elementor-section-content-middle elementor-section-boxed elementor-section-height-default elementor-section-height-default exad-parallax-effect-no exad-background-color-change-no exad-glass-effect-no exad-sticky-section-no\" data-id=\"097f075\" data-element_type=\"section\" data-e-type=\"section\">\n\t\t\t\t\t\t<div class=\"elementor-container elementor-column-gap-default\">\n\t\t\t\t\t<div class=\"elementor-column elementor-col-50 elementor-inner-column elementor-element elementor-element-7b59438 exad-glass-effect-no exad-sticky-section-no\" data-id=\"7b59438\" data-element_type=\"column\" data-e-type=\"column\">\n\t\t\t<div class=\"elementor-widget-wrap elementor-element-populated\">\n\t\t\t\t\t\t<div class=\"elementor-element elementor-element-87a6d01 exad-sticky-section-no exad-glass-effect-no elementor-invisible elementor-widget elementor-widget-exad-infobox\" data-id=\"87a6d01\" data-element_type=\"widget\" data-e-type=\"widget\" data-settings=\"{&quot;_animation&quot;:&quot;zoomIn&quot;,&quot;_animation_tablet&quot;:&quot;zoomIn&quot;,&quot;_animation_mobile&quot;:&quot;zoomIn&quot;}\" data-widget_type=\"exad-infobox.default\">\n\t\t\t\t<div class=\"elementor-widget-container\">\n\t\t\t\t\t\t\t\r\n\t\t<div class=\"exad-infobox\">\r\n\t\t\t<div class=\"exad-infobox-item exad-infobox-align-center exad-infobox-icon-position-center exad-infobox-enable-box-yes simple-transition\">\r\n\t\t\t  \t\t\t\t\t\t<div class=\"exad-infobox-icon\">\r\n\t\t\t\t\t\t\t\t\t\t\t\t\t<i aria-hidden=\"true\" class=\"fas fa-tools\"><\/i>\t\t\t\t\t\t\r\n\t\t\t\t\t\t\t\r\n\t\t\t\t\t<\/div>\r\n\t\t\t  \t\t            <div class=\"exad-infobox-content\">\r\n\t            \t\t\t\t\t\t\r\n\t            \t<h3 class=\"exad-infobox-content-title\">Support &amp; Maintenance<\/h3>\t\t\t\t\t\r\n\t            \t\t\t\t\t\t\r\n\t\t\t\t\t<div class=\"exad-infobox-content-description\">\r\n\t\t\t\t\t\tCracker's Tech is committed to providing ongoing support and proactive maintenance for your WordPress site. This includes regular updates, daily backups and 24\/7 monitoring to quickly detect and resolve any issues. Our dedicated team is always available to help you make changes, add features or optimize your site.\t\t\t\t\t<\/div>\r\n\t            <\/div>\r\n          \t<\/div>\r\n        <\/div>\r\n\t\t\t\t\t\t<\/div>\n\t\t\t\t<\/div>\n\t\t\t\t\t<\/div>\n\t\t<\/div>\n\t\t\t\t<div class=\"elementor-column elementor-col-50 elementor-inner-column elementor-element elementor-element-1a0c7ef exad-glass-effect-no exad-sticky-section-no\" data-id=\"1a0c7ef\" data-element_type=\"column\" data-e-type=\"column\">\n\t\t\t<div class=\"elementor-widget-wrap elementor-element-populated\">\n\t\t\t\t\t\t<div class=\"exad-link-anything-wrapper elementor-element elementor-element-d6cdd29 exad-sticky-section-no exad-glass-effect-no elementor-invisible elementor-widget elementor-widget-exad-infobox\" data-exad-element-link=\"{&quot;url&quot;:&quot;https:\\\/\\\/crackerstech.com\\\/nos-services\\\/site-internet\\\/wordpress-fr\\\/plugins-themes-wordpress\\\/&quot;,&quot;is_external&quot;:&quot;&quot;,&quot;nofollow&quot;:&quot;&quot;,&quot;custom_attributes&quot;:&quot;&quot;}\" style=\"cursor: pointer\" data-id=\"d6cdd29\" data-element_type=\"widget\" data-e-type=\"widget\" data-settings=\"{&quot;_animation&quot;:&quot;zoomIn&quot;,&quot;_animation_tablet&quot;:&quot;zoomIn&quot;,&quot;_animation_mobile&quot;:&quot;zoomIn&quot;}\" data-widget_type=\"exad-infobox.default\">\n\t\t\t\t<div class=\"elementor-widget-container\">\n\t\t\t\t\t\t\t\r\n\t\t<div class=\"exad-infobox\">\r\n\t\t\t<div class=\"exad-infobox-item exad-infobox-align-center exad-infobox-icon-position-center exad-infobox-enable-box-yes simple-transition\">\r\n\t\t\t  \t\t\t\t\t\t<div class=\"exad-infobox-icon\">\r\n\t\t\t\t\t\t\t\t\t\t\t\t\t<i aria-hidden=\"true\" class=\"fas fa-hand-holding-medical\"><\/i>\t\t\t\t\t\t\r\n\t\t\t\t\t\t\t\r\n\t\t\t\t\t<\/div>\r\n\t\t\t  \t\t            <div class=\"exad-infobox-content\">\r\n\t            \t                        <a href=\"https:\/\/crackerstech.com\/en\/services\/website\/wordpress-en\/wordpress-themes-plugins\/\">\r\n                    \t\t\t\t\t\r\n\t            \t<h3 class=\"exad-infobox-content-title\">Our WordPress Modules for Switzerland<\/h3>\t\t\t\t\t\r\n\t            \t                        <\/a>\r\n                    \t\t\t\t\t\r\n\t\t\t\t\t<div class=\"exad-infobox-content-description\">\r\n\t\t\t\t\t\tTo complete our offering, we have developed unique WordPress modules, such as CRKS PLG and CRKS ADD-ON, which are specially adapted to the needs of Swiss companies. These tools improve back office efficiency, facilitate the management of multilingual content and strengthen the security of your site. With Cracker's Tech, benefit from a WordPress site that stands out not only for its quality and design, but also for its functionality and adaptability to the Swiss market.\t\t\t\t\t<\/div>\r\n\t            <\/div>\r\n          \t<\/div>\r\n        <\/div>\r\n\t\t\t\t\t\t<\/div>\n\t\t\t\t<\/div>\n\t\t\t\t\t<\/div>\n\t\t<\/div>\n\t\t\t\t\t<\/div>\n\t\t<\/section>\n\t\t\t\t\t<\/div>\n\t\t<\/div>\n\t\t\t\t\t<\/div>\n\t\t<\/section>\n\t\t\t\t<section data-exad-particle-enable=\"false\" class=\"elementor-section elementor-top-section elementor-element elementor-element-4fe12ea elementor-section-boxed elementor-section-height-default elementor-section-height-default exad-parallax-effect-no exad-background-color-change-no exad-glass-effect-no exad-sticky-section-no elementor-invisible\" data-id=\"4fe12ea\" data-element_type=\"section\" data-e-type=\"section\" data-settings=\"{&quot;animation&quot;:&quot;zoomIn&quot;}\">\n\t\t\t\t\t\t<div class=\"elementor-container elementor-column-gap-default\">\n\t\t\t\t\t<div class=\"elementor-column elementor-col-100 elementor-top-column elementor-element elementor-element-2f117e9 exad-glass-effect-no exad-sticky-section-no\" data-id=\"2f117e9\" data-element_type=\"column\" data-e-type=\"column\">\n\t\t\t<div class=\"elementor-widget-wrap elementor-element-populated\">\n\t\t\t\t\t\t<div class=\"elementor-element elementor-element-8ca95dd elementor-widget-divider--view-line exad-sticky-section-no exad-glass-effect-no elementor-widget elementor-widget-divider\" data-id=\"8ca95dd\" data-element_type=\"widget\" data-e-type=\"widget\" data-widget_type=\"divider.default\">\n\t\t\t\t<div class=\"elementor-widget-container\">\n\t\t\t\t\t\t\t<div class=\"elementor-divider\">\n\t\t\t<span class=\"elementor-divider-separator\">\n\t\t\t\t\t\t<\/span>\n\t\t<\/div>\n\t\t\t\t\t\t<\/div>\n\t\t\t\t<\/div>\n\t\t\t\t\t<\/div>\n\t\t<\/div>\n\t\t\t\t\t<\/div>\n\t\t<\/section>\n\t\t\t\t<section data-exad-particle-enable=\"false\" class=\"elementor-section elementor-top-section elementor-element elementor-element-68430ac elementor-section-boxed elementor-section-height-default elementor-section-height-default exad-parallax-effect-no exad-background-color-change-no exad-glass-effect-no exad-sticky-section-no\" data-id=\"68430ac\" data-element_type=\"section\" data-e-type=\"section\">\n\t\t\t\t\t\t<div class=\"elementor-container elementor-column-gap-default\">\n\t\t\t\t\t<div class=\"elementor-column elementor-col-100 elementor-top-column elementor-element elementor-element-efd2961 exad-glass-effect-no exad-sticky-section-no\" data-id=\"efd2961\" data-element_type=\"column\" data-e-type=\"column\">\n\t\t\t<div class=\"elementor-widget-wrap elementor-element-populated\">\n\t\t\t\t\t\t<div class=\"elementor-element elementor-element-4648523 exad-sticky-section-no exad-glass-effect-no elementor-widget elementor-widget-text-editor\" data-id=\"4648523\" data-element_type=\"widget\" data-e-type=\"widget\" data-widget_type=\"text-editor.default\">\n\t\t\t\t<div class=\"elementor-widget-container\">\n\t\t\t\t\t\t\t\t\t<p>At Cracker\u2019s Tech, creating a WordPress site for Switzerland means offering a complete, secure solution that complies with local specificities. We are dedicated to providing high-quality services that support your business objectives while contributing to the Swiss digital landscape. Contact us to start creating your personalized, high-performance WordPress site.<\/p>\t\t\t\t\t\t\t\t<\/div>\n\t\t\t\t<\/div>\n\t\t\t\t\t<\/div>\n\t\t<\/div>\n\t\t\t\t\t<\/div>\n\t\t<\/section>\n\t\t\t\t<\/div>","protected":false},"excerpt":{"rendered":"<p>Cr\u00e9ation de site WordPress Suisses Cracker&rsquo;s Tech con\u00e7oit et h\u00e9berge des sites internet WordPress en Suisse. Cr\u00e9ation de Site WordPress pour la Suisse Chez Cracker&rsquo;s Tech, nous comprenons l&rsquo;importance de la sp\u00e9cificit\u00e9 locale dans la cr\u00e9ation de sites web. C&rsquo;est pourquoi nous proposons des services sur mesure de cr\u00e9ation et d&rsquo;h\u00e9bergement de sites WordPress sp\u00e9cifiquement [&hellip;]<\/p>\n","protected":false},"author":1,"featured_media":7749,"parent":7395,"menu_order":0,"comment_status":"closed","ping_status":"closed","template":"elementor_header_footer","meta":{"_monsterinsights_skip_tracking":false,"_monsterinsights_sitenote_active":false,"_monsterinsights_sitenote_note":"","_monsterinsights_sitenote_category":0,"ocean_post_layout":"","ocean_both_sidebars_style":"","ocean_both_sidebars_content_width":0,"ocean_both_sidebars_sidebars_width":0,"ocean_sidebar":"0","ocean_second_sidebar":"0","ocean_disable_margins":"enable","ocean_add_body_class":"","ocean_shortcode_before_top_bar":"","ocean_shortcode_after_top_bar":"","ocean_shortcode_before_header":"","ocean_shortcode_after_header":"","ocean_has_shortcode":"","ocean_shortcode_after_title":"","ocean_shortcode_before_footer_widgets":"","ocean_shortcode_after_footer_widgets":"","ocean_shortcode_before_footer_bottom":"","ocean_shortcode_after_footer_bottom":"","ocean_display_top_bar":"default","ocean_display_header":"default","ocean_header_style":"","ocean_center_header_left_menu":"0","ocean_custom_header_template":"0","ocean_custom_logo":0,"ocean_custom_retina_logo":0,"ocean_custom_logo_max_width":0,"ocean_custom_logo_tablet_max_width":0,"ocean_custom_logo_mobile_max_width":0,"ocean_custom_logo_max_height":0,"ocean_custom_logo_tablet_max_height":0,"ocean_custom_logo_mobile_max_height":0,"ocean_header_custom_menu":"0","ocean_menu_typo_font_family":"0","ocean_menu_typo_font_subset":"","ocean_menu_typo_font_size":0,"ocean_menu_typo_font_size_tablet":0,"ocean_menu_typo_font_size_mobile":0,"ocean_menu_typo_font_size_unit":"px","ocean_menu_typo_font_weight":"","ocean_menu_typo_font_weight_tablet":"","ocean_menu_typo_font_weight_mobile":"","ocean_menu_typo_transform":"","ocean_menu_typo_transform_tablet":"","ocean_menu_typo_transform_mobile":"","ocean_menu_typo_line_height":0,"ocean_menu_typo_line_height_tablet":0,"ocean_menu_typo_line_height_mobile":0,"ocean_menu_typo_line_height_unit":"","ocean_menu_typo_spacing":0,"ocean_menu_typo_spacing_tablet":0,"ocean_menu_typo_spacing_mobile":0,"ocean_menu_typo_spacing_unit":"","ocean_menu_link_color":"","ocean_menu_link_color_hover":"","ocean_menu_link_color_active":"","ocean_menu_link_background":"","ocean_menu_link_hover_background":"","ocean_menu_link_active_background":"","ocean_menu_social_links_bg":"","ocean_menu_social_hover_links_bg":"","ocean_menu_social_links_color":"","ocean_menu_social_hover_links_color":"","ocean_disable_title":"on","ocean_disable_heading":"default","ocean_post_title":"","ocean_post_subheading":"","ocean_post_title_style":"","ocean_post_title_background_color":"","ocean_post_title_background":0,"ocean_post_title_bg_image_position":"","ocean_post_title_bg_image_attachment":"","ocean_post_title_bg_image_repeat":"","ocean_post_title_bg_image_size":"","ocean_post_title_height":0,"ocean_post_title_bg_overlay":0.5,"ocean_post_title_bg_overlay_color":"","ocean_disable_breadcrumbs":"default","ocean_breadcrumbs_color":"","ocean_breadcrumbs_separator_color":"","ocean_breadcrumbs_links_color":"","ocean_breadcrumbs_links_hover_color":"","ocean_display_footer_widgets":"default","ocean_display_footer_bottom":"default","ocean_custom_footer_template":"0","footnotes":""},"class_list":["post-7739","page","type-page","status-publish","has-post-thumbnail","hentry","entry","has-media","owp-thumbs-layout-horizontal","owp-btn-normal","owp-tabs-layout-horizontal","has-no-thumbnails","has-product-nav"],"_links":{"self":[{"href":"https:\/\/crackerstech.com\/en\/wp-json\/wp\/v2\/pages\/7739","targetHints":{"allow":["GET"]}}],"collection":[{"href":"https:\/\/crackerstech.com\/en\/wp-json\/wp\/v2\/pages"}],"about":[{"href":"https:\/\/crackerstech.com\/en\/wp-json\/wp\/v2\/types\/page"}],"author":[{"embeddable":true,"href":"https:\/\/crackerstech.com\/en\/wp-json\/wp\/v2\/users\/1"}],"replies":[{"embeddable":true,"href":"https:\/\/crackerstech.com\/en\/wp-json\/wp\/v2\/comments?post=7739"}],"version-history":[{"count":0,"href":"https:\/\/crackerstech.com\/en\/wp-json\/wp\/v2\/pages\/7739\/revisions"}],"up":[{"embeddable":true,"href":"https:\/\/crackerstech.com\/en\/wp-json\/wp\/v2\/pages\/7395"}],"wp:featuredmedia":[{"embeddable":true,"href":"https:\/\/crackerstech.com\/en\/wp-json\/wp\/v2\/media\/7749"}],"wp:attachment":[{"href":"https:\/\/crackerstech.com\/en\/wp-json\/wp\/v2\/media?parent=7739"}],"curies":[{"name":"wp","href":"https:\/\/api.w.org\/{rel}","templated":true}]}}