{"id":869,"date":"2022-10-20T21:40:32","date_gmt":"2022-10-20T19:40:32","guid":{"rendered":"https:\/\/www.crackerstech.com\/?page_id=869"},"modified":"2024-02-20T17:15:24","modified_gmt":"2024-02-20T16:15:24","slug":"cookie-management-policy","status":"publish","type":"page","link":"https:\/\/crackerstech.com\/en\/mentions-legales\/politique-de-gestion-des-cookies\/","title":{"rendered":"Cookies policy"},"content":{"rendered":"<div data-elementor-type=\"wp-page\" data-elementor-id=\"869\" class=\"elementor elementor-869\" data-elementor-post-type=\"page\">\n\t\t\t\t\t\t<section data-exad-particle-enable=\"false\" class=\"elementor-section elementor-top-section elementor-element elementor-element-ca27502 elementor-section-boxed elementor-section-height-default elementor-section-height-default exad-parallax-effect-no exad-background-color-change-no exad-glass-effect-no exad-sticky-section-no\" data-id=\"ca27502\" data-element_type=\"section\" data-e-type=\"section\">\n\t\t\t\t\t\t<div class=\"elementor-container elementor-column-gap-default\">\n\t\t\t\t\t<div class=\"elementor-column elementor-col-100 elementor-top-column elementor-element elementor-element-0560dac exad-glass-effect-no exad-sticky-section-no\" data-id=\"0560dac\" data-element_type=\"column\" data-e-type=\"column\">\n\t\t\t<div class=\"elementor-widget-wrap elementor-element-populated\">\n\t\t\t\t\t\t<div class=\"elementor-element elementor-element-9b5dca0 exad-sticky-section-no exad-glass-effect-no elementor-widget elementor-widget-heading\" data-id=\"9b5dca0\" data-element_type=\"widget\" data-e-type=\"widget\" data-widget_type=\"heading.default\">\n\t\t\t\t<div class=\"elementor-widget-container\">\n\t\t\t\t\t<h2 class=\"elementor-heading-title elementor-size-default\">Definition of a cookie<\/h2>\t\t\t\t<\/div>\n\t\t\t\t<\/div>\n\t\t\t\t<section data-exad-particle-enable=\"false\" class=\"elementor-section elementor-inner-section elementor-element elementor-element-aa01e6d elementor-section-boxed elementor-section-height-default elementor-section-height-default exad-parallax-effect-no exad-background-color-change-no exad-glass-effect-no exad-sticky-section-no\" data-id=\"aa01e6d\" data-element_type=\"section\" data-e-type=\"section\">\n\t\t\t\t\t\t<div class=\"elementor-container elementor-column-gap-default\">\n\t\t\t\t\t<div class=\"elementor-column elementor-col-100 elementor-inner-column elementor-element elementor-element-93253d7 exad-glass-effect-no exad-sticky-section-no\" data-id=\"93253d7\" data-element_type=\"column\" data-e-type=\"column\">\n\t\t\t<div class=\"elementor-widget-wrap elementor-element-populated\">\n\t\t\t\t\t\t<div class=\"elementor-element elementor-element-890609e exad-sticky-section-no exad-glass-effect-no elementor-widget elementor-widget-text-editor\" data-id=\"890609e\" data-element_type=\"widget\" data-e-type=\"widget\" data-widget_type=\"text-editor.default\">\n\t\t\t\t<div class=\"elementor-widget-container\">\n\t\t\t\t\t\t\t\t\t<p style=\"text-align: justify;\">According to the <span style=\"text-decoration: underline;\"><a href=\"https:\/\/cnpd.public.lu\/fr.html\" target=\"_blank\" rel=\"noopener\">CNPD<\/a><\/span> (National Commission for Data Protection) of the Grand Duchy of Luxembourg, a cookie is defined as :<\/p><p style=\"text-align: justify;\">\u00ab\u00a0A cookie is a small text file in alphanumeric format that is deposited on the Internet user's terminal (Internet browser, computer, mobile device, etc.) by the server of the online service used (the website visited) or by a third-party server. In particular, such a cookie makes it possible to recognize a visitor when he or she returns to the website, to remember the language the user had chosen during a previous visit or, in the case of shopping services, the products he or she had placed in his or her shopping cart during a previous shopping session \u00bb.<\/p><p style=\"text-align: justify;\"><span style=\"text-decoration: underline;\"><a href=\"https:\/\/cnpd.public.lu\/fr\/dossiers-thematiques\/cookies\/introduction.html\" target=\"_blank\" rel=\"noopener\">See the full article on the CNPD website<\/a>.<\/span><\/p>\t\t\t\t\t\t\t\t<\/div>\n\t\t\t\t<\/div>\n\t\t\t\t\t<\/div>\n\t\t<\/div>\n\t\t\t\t\t<\/div>\n\t\t<\/section>\n\t\t\t\t<div class=\"elementor-element elementor-element-281838a exad-sticky-section-no exad-glass-effect-no elementor-widget elementor-widget-heading\" data-id=\"281838a\" data-element_type=\"widget\" data-e-type=\"widget\" data-widget_type=\"heading.default\">\n\t\t\t\t<div class=\"elementor-widget-container\">\n\t\t\t\t\t<h2 class=\"elementor-heading-title elementor-size-default\">Cookies used<\/h2>\t\t\t\t<\/div>\n\t\t\t\t<\/div>\n\t\t\t\t<div class=\"elementor-element elementor-element-1fac119 exad-sticky-section-no exad-glass-effect-no elementor-widget elementor-widget-text-editor\" data-id=\"1fac119\" data-element_type=\"widget\" data-e-type=\"widget\" data-widget_type=\"text-editor.default\">\n\t\t\t\t<div class=\"elementor-widget-container\">\n\t\t\t\t\t\t\t\t\t<p style=\"text-align: justify;\">The site is designed to be particularly attentive to visitors' needs. To this end, a number of cookies are used.<\/p><p style=\"text-align: justify;\">The deposit of cookies, carried out within the framework of the use of the site, does not make it possible to identify the visitor personally. It records information relating to the navigation of the visitor's terminal within the site, which may be read during subsequent visits.<\/p><p style=\"text-align: justify;\">The information collected is for the exclusive use of Cracker's Tech and its parent company CrackyShell Holding Ltd. and its subsidiaries or its technical service providers, and will not be transferred to third parties or advertisers.<\/p><p style=\"text-align: justify;\">The cookies used are for exclusive purposes:<\/p><ul><li style=\"text-align: justify;\">to compile visitor statistics in order to improve the site.<\/li><li style=\"text-align: justify;\">to offer you high-quality content that meets your expectations.<\/li><li>secure Cracker's Tech's IT infrastructure.<\/li><li>memorize your login to the platform <a href=\"https:\/\/crackerstech.com\/en\/my-account\/\"><span style=\"text-decoration: underline;\">My Account<\/span><\/a> when you click on the \"Remember me\" box.<\/li><\/ul>\t\t\t\t\t\t\t\t<\/div>\n\t\t\t\t<\/div>\n\t\t\t\t<div class=\"elementor-element elementor-element-67e0bb8 exad-sticky-section-no exad-glass-effect-no elementor-widget elementor-widget-heading\" data-id=\"67e0bb8\" data-element_type=\"widget\" data-e-type=\"widget\" data-widget_type=\"heading.default\">\n\t\t\t\t<div class=\"elementor-widget-container\">\n\t\t\t\t\t<h2 class=\"elementor-heading-title elementor-size-default\">Third-party cookies<\/h2>\t\t\t\t<\/div>\n\t\t\t\t<\/div>\n\t\t\t\t<div class=\"elementor-element elementor-element-0c6f8a7 exad-sticky-section-no exad-glass-effect-no elementor-widget elementor-widget-heading\" data-id=\"0c6f8a7\" data-element_type=\"widget\" data-e-type=\"widget\" data-widget_type=\"heading.default\">\n\t\t\t\t<div class=\"elementor-widget-container\">\n\t\t\t\t\t<h3 class=\"elementor-heading-title elementor-size-default\">Complete list of third-party cookies<\/h3>\t\t\t\t<\/div>\n\t\t\t\t<\/div>\n\t\t\t\t<div class=\"elementor-element elementor-element-8a2e2ba exad-sticky-section-no exad-glass-effect-no elementor-widget elementor-widget-text-editor\" data-id=\"8a2e2ba\" data-element_type=\"widget\" data-e-type=\"widget\" data-widget_type=\"text-editor.default\">\n\t\t\t\t<div class=\"elementor-widget-container\">\n\t\t\t\t\t\t\t\t\t<div class=\"table-responsive\"><table class=\"table table-bordered\" role=\"presentation\"><tbody><tr><td class=\"text-align-center\"><strong>Name<\/strong><\/td><td class=\"text-align-center\"><strong>Type (Internal \/ External)<\/strong><\/td><td class=\"text-align-center\"><strong>Purpose<\/strong><\/td><td class=\"text-align-center\"><strong>Maximum shelf life<\/strong><\/td><\/tr><tr><td class=\"text-align-center\">Google reCAPTCHA<\/td><td class=\"text-align-center\">PLC (external)<\/td><td class=\"text-align-center\">We use the reCAPTCHA service from Google Inc (Google) to protect form entries on our site. The latter may deposit cookies to enable its operation.<\/td><td class=\"text-align-center\">13 months<\/td><\/tr><\/tbody><\/table><\/div>\t\t\t\t\t\t\t\t<\/div>\n\t\t\t\t<\/div>\n\t\t\t\t<div class=\"elementor-element elementor-element-f041382 exad-sticky-section-no exad-glass-effect-no elementor-widget elementor-widget-heading\" data-id=\"f041382\" data-element_type=\"widget\" data-e-type=\"widget\" data-widget_type=\"heading.default\">\n\t\t\t\t<div class=\"elementor-widget-container\">\n\t\t\t\t\t<h2 class=\"elementor-heading-title elementor-size-default\">Information and consent to cookies<\/h2>\t\t\t\t<\/div>\n\t\t\t\t<\/div>\n\t\t\t\t<div class=\"elementor-element elementor-element-4f8f5b4 exad-sticky-section-no exad-glass-effect-no elementor-widget elementor-widget-text-editor\" data-id=\"4f8f5b4\" data-element_type=\"widget\" data-e-type=\"widget\" data-widget_type=\"text-editor.default\">\n\t\t\t\t<div class=\"elementor-widget-container\">\n\t\t\t\t\t\t\t\t\t<p style=\"text-align: justify;\">The purposes of all cookies are set out in the table above.<\/p><p style=\"text-align: justify;\">The consent of the user is not applicable, insofar as he accepts the <span style=\"text-decoration: underline;\"><a href=\"https:\/\/crackerstech.com\/en\/tcs\/\">Terms &amp; Conditions<\/a><\/span> of the website through simple browsing. The only two cookies are used solely to prevent form spam and to give the user access to the customer area that has been created following the order of a product\/service.<\/p><p style=\"text-align: justify;\">Visitors may also configure their browser software so that cookies are stored on their terminal or, conversely, so that they are rejected, either systematically or depending on the sender. Visitors can also configure their browsers to accept or reject cookies from time to time, before a cookie is stored on their terminal. Each browser is configured differently to manage cookies and visitor choices. This is described in the browser's help menu, which will enable visitors to find out how to modify their cookie preferences. Visitors can choose to express and modify their cookie preferences at any time.<\/p>\t\t\t\t\t\t\t\t<\/div>\n\t\t\t\t<\/div>\n\t\t\t\t<div class=\"elementor-element elementor-element-26652cf exad-sticky-section-no exad-glass-effect-no elementor-widget elementor-widget-heading\" data-id=\"26652cf\" data-element_type=\"widget\" data-e-type=\"widget\" data-widget_type=\"heading.default\">\n\t\t\t\t<div class=\"elementor-widget-container\">\n\t\t\t\t\t<h2 class=\"elementor-heading-title elementor-size-default\">Information on right of access<\/h2>\t\t\t\t<\/div>\n\t\t\t\t<\/div>\n\t\t\t\t<div class=\"elementor-element elementor-element-7708004 exad-sticky-section-no exad-glass-effect-no elementor-widget elementor-widget-text-editor\" data-id=\"7708004\" data-element_type=\"widget\" data-e-type=\"widget\" data-widget_type=\"text-editor.default\">\n\t\t\t\t<div class=\"elementor-widget-container\">\n\t\t\t\t\t\t\t\t\t<p style=\"text-align: justify;\">In accordance with the provisions of Regulation (EU) 2016\/679 of the European Parliament and of the Council of April 27, 2016, on the protection of individuals with regard to the processing of personal data and on the free movement of such data and the amended French Data Protection Act (Loi Informatique et Libert\u00e9s) of January 6, 1978, visitors are informed that they have a right of access to personal information concerning them, a right of rectification, a right to withdraw their consent and to delete said information. These rights may be exercised:<\/p><ul><li style=\"text-align: justify;\">by simple written request, by e-mail, to the following address: <a class=\"mailto-link\" href=\"mailto:rgpd@crackerstech.com\">rgpd@crackerstech.com<\/a><\/li><\/ul><p>You can also consult our privacy statement by <a href=\"https:\/\/crackerstech.com\/en\/privacy-policy\/\"><span style=\"text-decoration: underline;\">click on this link<\/span><\/a>.<\/p>\t\t\t\t\t\t\t\t<\/div>\n\t\t\t\t<\/div>\n\t\t\t\t\t<\/div>\n\t\t<\/div>\n\t\t\t\t\t<\/div>\n\t\t<\/section>\n\t\t\t\t<section data-exad-particle-enable=\"false\" class=\"elementor-section elementor-top-section elementor-element elementor-element-143868b elementor-section-boxed elementor-section-height-default elementor-section-height-default exad-parallax-effect-no exad-background-color-change-no exad-glass-effect-no exad-sticky-section-no\" data-id=\"143868b\" data-element_type=\"section\" data-e-type=\"section\">\n\t\t\t\t\t\t<div class=\"elementor-container elementor-column-gap-default\">\n\t\t\t\t\t<section class=\"elementor-column elementor-col-100 elementor-top-column elementor-element elementor-element-a583c6d exad-glass-effect-no exad-sticky-section-no\" data-id=\"a583c6d\" data-element_type=\"column\" data-e-type=\"column\">\n\t\t\t<div class=\"elementor-widget-wrap elementor-element-populated\">\n\t\t\t\t\t\t<div class=\"elementor-element elementor-element-93d4664 animated-fast exad-sticky-section-no exad-glass-effect-no elementor-invisible elementor-widget elementor-widget-text-editor\" data-id=\"93d4664\" data-element_type=\"widget\" data-e-type=\"widget\" data-settings=\"{&quot;_animation&quot;:&quot;zoomIn&quot;,&quot;_animation_tablet&quot;:&quot;zoomIn&quot;,&quot;_animation_mobile&quot;:&quot;zoomIn&quot;}\" data-widget_type=\"text-editor.default\">\n\t\t\t\t<div class=\"elementor-widget-container\">\n\t\t\t\t\t\t\t\t\t<p class=\"has-text-align-center\"><span style=\"color: #000000;\"><em>This document was updated on December 19, 2023.<\/em><\/span><\/p><p class=\"has-text-align-center\"><em><span style=\"color: #000000;\"> Document certified for use by\u00a0<\/span><\/em><\/p><p class=\"has-text-align-center\"><em><span style=\"color: #ffcc00;\"><a style=\"color: #ffcc00;\" href=\"https:\/\/redacteurs-legaux-juridiques.com\/\" target=\"_blank\" rel=\"noopener\">RLJ \u2013 R\u00e9dacteurs L\u00e9gaux Juridiques<\/a><\/span><\/em><\/p><p class=\"has-text-align-center\"><em><span style=\"color: #000000;\">Specialists in writing legal content.<\/span><\/em><\/p><p><a href=\"https:\/\/redacteurs-legaux-juridiques.com\/\" target=\"_blank\" rel=\"noopener\"><img decoding=\"async\" class=\"wp-image-4997\" src=\"https:\/\/crackerstech.com\/wp-content\/uploads\/2023\/06\/RLJ-Redaction-Juridique-300x107.png\" alt=\"RLJ logo - Legal writers\" width=\"118\" height=\"42\" srcset=\"https:\/\/crackerstech.com\/wp-content\/uploads\/2023\/06\/RLJ-Redaction-Juridique-300x107.png 300w, https:\/\/crackerstech.com\/wp-content\/uploads\/2023\/06\/RLJ-Redaction-Juridique-600x214.png 600w, https:\/\/crackerstech.com\/wp-content\/uploads\/2023\/06\/RLJ-Redaction-Juridique-768x274.png 768w, https:\/\/crackerstech.com\/wp-content\/uploads\/2023\/06\/RLJ-Redaction-Juridique.png 1002w\" sizes=\"(max-width: 118px) 100vw, 118px\" \/><\/a> \u00a0<\/p>\t\t\t\t\t\t\t\t<\/div>\n\t\t\t\t<\/div>\n\t\t\t\t\t<\/div>\n\t\t<\/section>\n\t\t\t\t\t<\/div>\n\t\t<\/section>\n\t\t\t\t<\/div>","protected":false},"excerpt":{"rendered":"<p>D\u00e9finition d&rsquo;un cookie Selon la CNPD (Commission Nationale pour la Protection des Donn\u00e9es) du Grand-Duch\u00e9 de Luxembourg, un cookie se d\u00e9fini par : \u00ab\u00a0Un cookie d\u00e9signe un petit fichier texte au format alphanum\u00e9rique qui est d\u00e9pos\u00e9 sur le terminal de l\u2019internaute (navigateur internet, ordinateur, appareil mobile, etc.) par le serveur du service en ligne utilis\u00e9 [&hellip;]<\/p>\n","protected":false},"author":1,"featured_media":712,"parent":360,"menu_order":0,"comment_status":"closed","ping_status":"closed","template":"","meta":{"_monsterinsights_skip_tracking":false,"_monsterinsights_sitenote_active":false,"_monsterinsights_sitenote_note":"","_monsterinsights_sitenote_category":0,"ocean_post_layout":"","ocean_both_sidebars_style":"","ocean_both_sidebars_content_width":0,"ocean_both_sidebars_sidebars_width":0,"ocean_sidebar":"0","ocean_second_sidebar":"0","ocean_disable_margins":"enable","ocean_add_body_class":"","ocean_shortcode_before_top_bar":"","ocean_shortcode_after_top_bar":"","ocean_shortcode_before_header":"","ocean_shortcode_after_header":"","ocean_has_shortcode":"","ocean_shortcode_after_title":"","ocean_shortcode_before_footer_widgets":"","ocean_shortcode_after_footer_widgets":"","ocean_shortcode_before_footer_bottom":"","ocean_shortcode_after_footer_bottom":"","ocean_display_top_bar":"default","ocean_display_header":"default","ocean_header_style":"","ocean_center_header_left_menu":"0","ocean_custom_header_template":"0","ocean_custom_logo":0,"ocean_custom_retina_logo":0,"ocean_custom_logo_max_width":0,"ocean_custom_logo_tablet_max_width":0,"ocean_custom_logo_mobile_max_width":0,"ocean_custom_logo_max_height":0,"ocean_custom_logo_tablet_max_height":0,"ocean_custom_logo_mobile_max_height":0,"ocean_header_custom_menu":"0","ocean_menu_typo_font_family":"0","ocean_menu_typo_font_subset":"","ocean_menu_typo_font_size":0,"ocean_menu_typo_font_size_tablet":0,"ocean_menu_typo_font_size_mobile":0,"ocean_menu_typo_font_size_unit":"px","ocean_menu_typo_font_weight":"","ocean_menu_typo_font_weight_tablet":"","ocean_menu_typo_font_weight_mobile":"","ocean_menu_typo_transform":"","ocean_menu_typo_transform_tablet":"","ocean_menu_typo_transform_mobile":"","ocean_menu_typo_line_height":0,"ocean_menu_typo_line_height_tablet":0,"ocean_menu_typo_line_height_mobile":0,"ocean_menu_typo_line_height_unit":"","ocean_menu_typo_spacing":0,"ocean_menu_typo_spacing_tablet":0,"ocean_menu_typo_spacing_mobile":0,"ocean_menu_typo_spacing_unit":"","ocean_menu_link_color":"","ocean_menu_link_color_hover":"","ocean_menu_link_color_active":"","ocean_menu_link_background":"","ocean_menu_link_hover_background":"","ocean_menu_link_active_background":"","ocean_menu_social_links_bg":"","ocean_menu_social_hover_links_bg":"","ocean_menu_social_links_color":"","ocean_menu_social_hover_links_color":"","ocean_disable_title":"default","ocean_disable_heading":"default","ocean_post_title":"","ocean_post_subheading":"","ocean_post_title_style":"","ocean_post_title_background_color":"","ocean_post_title_background":0,"ocean_post_title_bg_image_position":"","ocean_post_title_bg_image_attachment":"","ocean_post_title_bg_image_repeat":"","ocean_post_title_bg_image_size":"","ocean_post_title_height":0,"ocean_post_title_bg_overlay":0.5,"ocean_post_title_bg_overlay_color":"","ocean_disable_breadcrumbs":"default","ocean_breadcrumbs_color":"","ocean_breadcrumbs_separator_color":"","ocean_breadcrumbs_links_color":"","ocean_breadcrumbs_links_hover_color":"","ocean_display_footer_widgets":"default","ocean_display_footer_bottom":"default","ocean_custom_footer_template":"0","footnotes":""},"class_list":["post-869","page","type-page","status-publish","has-post-thumbnail","hentry","entry","has-media","owp-thumbs-layout-horizontal","owp-btn-normal","owp-tabs-layout-horizontal","has-no-thumbnails","has-product-nav"],"_links":{"self":[{"href":"https:\/\/crackerstech.com\/en\/wp-json\/wp\/v2\/pages\/869","targetHints":{"allow":["GET"]}}],"collection":[{"href":"https:\/\/crackerstech.com\/en\/wp-json\/wp\/v2\/pages"}],"about":[{"href":"https:\/\/crackerstech.com\/en\/wp-json\/wp\/v2\/types\/page"}],"author":[{"embeddable":true,"href":"https:\/\/crackerstech.com\/en\/wp-json\/wp\/v2\/users\/1"}],"replies":[{"embeddable":true,"href":"https:\/\/crackerstech.com\/en\/wp-json\/wp\/v2\/comments?post=869"}],"version-history":[{"count":0,"href":"https:\/\/crackerstech.com\/en\/wp-json\/wp\/v2\/pages\/869\/revisions"}],"up":[{"embeddable":true,"href":"https:\/\/crackerstech.com\/en\/wp-json\/wp\/v2\/pages\/360"}],"wp:featuredmedia":[{"embeddable":true,"href":"https:\/\/crackerstech.com\/en\/wp-json\/wp\/v2\/media\/712"}],"wp:attachment":[{"href":"https:\/\/crackerstech.com\/en\/wp-json\/wp\/v2\/media?parent=869"}],"curies":[{"name":"wp","href":"https:\/\/api.w.org\/{rel}","templated":true}]}}