{"id":39,"date":"2022-10-12T23:00:07","date_gmt":"2022-10-12T21:00:07","guid":{"rendered":"https:\/\/crackerstech.com\/?page_id=39"},"modified":"2024-03-16T17:15:19","modified_gmt":"2024-03-16T16:15:19","slug":"gestion-de-empresas-erp-pgi","status":"publish","type":"page","link":"https:\/\/crackerstech.com\/es\/nos-services\/gestion-entreprise-erp-pgi\/","title":{"rendered":"Planificaci\u00f3n de recursos empresariales (ERP)"},"content":{"rendered":"\t\t<div data-elementor-type=\"wp-page\" data-elementor-id=\"39\" class=\"elementor elementor-39\" data-elementor-post-type=\"page\">\n\t\t\t\t\t\t<section data-exad-particle-enable=\"false\" class=\"elementor-section elementor-top-section elementor-element elementor-element-24720a5 elementor-section-boxed elementor-section-height-default elementor-section-height-default exad-parallax-effect-no exad-background-color-change-no exad-glass-effect-no exad-sticky-section-no\" data-id=\"24720a5\" data-element_type=\"section\" data-e-type=\"section\">\n\t\t\t\t\t\t<div class=\"elementor-container elementor-column-gap-default\">\n\t\t\t\t\t<div class=\"elementor-column elementor-col-100 elementor-top-column elementor-element elementor-element-f52a879 exad-glass-effect-no exad-sticky-section-no\" data-id=\"f52a879\" data-element_type=\"column\" data-e-type=\"column\">\n\t\t\t<div class=\"elementor-widget-wrap elementor-element-populated\">\n\t\t\t\t\t\t<div class=\"elementor-element elementor-element-b3afe7d exad-sticky-section-no exad-glass-effect-no elementor-widget elementor-widget-text-editor\" data-id=\"b3afe7d\" data-element_type=\"widget\" data-e-type=\"widget\" data-widget_type=\"text-editor.default\">\n\t\t\t\t<div class=\"elementor-widget-container\">\n\t\t\t\t\t\t\t\t\t<p style=\"text-align: center;\">Les suites de logiciels de gestion d&rsquo;entreprise ou ERP (Entreprise ressource planning) sont des progiciels int\u00e9grant une <span style=\"color: #7ac230;\"><strong>game compl\u00e8te d&rsquo;outils<\/strong><\/span> permettant de g\u00e9rer <span style=\"color: #7ac230;\"><strong>plusieurs aspects de l&rsquo;entreprise<\/strong><\/span> : situation comptable, factures, fournisseurs, portefeuille client, notes de frais&#8230;\u00a0<\/p><p style=\"text-align: center;\">En temps d&rsquo;int\u00e9grateur de solutions ERP\/PGI nous disposons de <strong><span style=\"color: #7ac230;\">plusieurs environnements<\/span><\/strong> diff\u00e9rents \u00e0 proposer \u00e0 nos clients, nos syst\u00e8mes d&rsquo;ERP sont bas\u00e9s sur le <span style=\"color: #7ac230;\"><strong>Cloud<\/strong><\/span> est sont accessibles depuis n&rsquo;importe quelle machine, nous utilisons la technologie libre <strong><span style=\"color: #7ac230;\">Dolibarr<\/span><\/strong> que nous adaptons \u00e0 votre entreprise, o\u00f9 la technologie propri\u00e9taire\u00a0<span style=\"color: #7ac230;\"><strong>SharePoint<\/strong><\/span> de Microsoft, si vous utilisez l&rsquo;\u00e9cosyst\u00e8me Office dans votre environnement professionnel.<\/p><p style=\"text-align: center;\">Nous pouvons \u00e9galement configurer, pour vous, un autre PGI sur demande, apr\u00e8s une \u00e9tude de celui-ci.<\/p>\t\t\t\t\t\t\t\t<\/div>\n\t\t\t\t<\/div>\n\t\t\t\t<div class=\"elementor-element elementor-element-6e42ea9 exad-sticky-section-no exad-glass-effect-no elementor-widget elementor-widget-heading\" data-id=\"6e42ea9\" data-element_type=\"widget\" data-e-type=\"widget\" data-widget_type=\"heading.default\">\n\t\t\t\t<div class=\"elementor-widget-container\">\n\t\t\t\t\t<h2 class=\"elementor-heading-title elementor-size-large\">Nos diff\u00e9rentes offres de PGI\/ERP<\/h2>\t\t\t\t<\/div>\n\t\t\t\t<\/div>\n\t\t\t\t<section data-exad-particle-enable=\"false\" class=\"elementor-section elementor-inner-section elementor-element elementor-element-973adcc elementor-section-content-middle elementor-section-boxed elementor-section-height-default elementor-section-height-default exad-parallax-effect-no exad-background-color-change-no exad-glass-effect-no exad-sticky-section-no\" data-id=\"973adcc\" data-element_type=\"section\" data-e-type=\"section\">\n\t\t\t\t\t\t<div class=\"elementor-container elementor-column-gap-default\">\n\t\t\t\t\t<div class=\"elementor-column elementor-col-33 elementor-inner-column elementor-element elementor-element-d31cd82 exad-glass-effect-no exad-sticky-section-no\" data-id=\"d31cd82\" data-element_type=\"column\" data-e-type=\"column\">\n\t\t\t<div class=\"elementor-widget-wrap elementor-element-populated\">\n\t\t\t\t\t\t<div class=\"elementor-element elementor-element-fa4ecef exad-sticky-section-no exad-glass-effect-no elementor-widget elementor-widget-exad-exclusive-card\" data-id=\"fa4ecef\" data-element_type=\"widget\" data-e-type=\"widget\" data-widget_type=\"exad-exclusive-card.default\">\n\t\t\t\t<div class=\"elementor-widget-container\">\n\t\t\t\t\t\r\n\t\t<div class=\"exad-card center default yes\">\r\n\t\t\t\t        \t<div class=\"exad-card-thumb\">\r\n\t\t\t\t\t<img fetchpriority=\"high\" decoding=\"async\" width=\"1920\" height=\"978\" src=\"https:\/\/crackerstech.com\/wp-content\/uploads\/2022\/11\/Capture-decran-2022-11-01-a-23.24.11.png\" class=\"attachment-full size-full wp-image-3738\" alt=\"Screenshot du CRM Dolibarr\" srcset=\"https:\/\/crackerstech.com\/wp-content\/uploads\/2022\/11\/Capture-decran-2022-11-01-a-23.24.11.png 1920w, https:\/\/crackerstech.com\/wp-content\/uploads\/2022\/11\/Capture-decran-2022-11-01-a-23.24.11-600x306.png 600w, https:\/\/crackerstech.com\/wp-content\/uploads\/2022\/11\/Capture-decran-2022-11-01-a-23.24.11-300x153.png 300w, https:\/\/crackerstech.com\/wp-content\/uploads\/2022\/11\/Capture-decran-2022-11-01-a-23.24.11-1024x522.png 1024w, https:\/\/crackerstech.com\/wp-content\/uploads\/2022\/11\/Capture-decran-2022-11-01-a-23.24.11-768x391.png 768w, https:\/\/crackerstech.com\/wp-content\/uploads\/2022\/11\/Capture-decran-2022-11-01-a-23.24.11-1536x782.png 1536w\" sizes=\"(max-width: 1920px) 100vw, 1920px\" \/>\t\t\t\t<\/div>\r\n\t\t\t\r\n          \t<div class=\"exad-card-body\">\r\n\t\t\t  \t\t          \t\t<a class=\"exad-card-title\">\r\n\t            \t\t<h3>Dolibarr\t\t\t\t\t\t<\/h3>\r\n\t        \t\t<\/a>\r\n\t\t\t\t\t<div class=\"exad-card-description\">Configuration initiale, personnalisation sur mesure, h\u00e9bergement et sauvegarde journali\u00e8re.<\/div>\t\t\t\t\t<a class=\"exad-card-action\" href=\"#\" target=\"_blank\">\r\n\t\t\t\t\t\t\r\n\t\t\t\t\t\t<span>\r\n\t\t\t\t\t\t\tDetails\t\t\t\t\t\t<\/span>\r\n\r\n\t\t\t\t\t\t\t            \t<\/a>\r\n\t\t\t\t          \t<\/div>\r\n        <\/div>\r\n\t\t\t\t\t<\/div>\n\t\t\t\t<\/div>\n\t\t\t\t\t<\/div>\n\t\t<\/div>\n\t\t\t\t<div class=\"elementor-column elementor-col-33 elementor-inner-column elementor-element elementor-element-2d655c2 exad-glass-effect-no exad-sticky-section-no\" data-id=\"2d655c2\" data-element_type=\"column\" data-e-type=\"column\">\n\t\t\t<div class=\"elementor-widget-wrap elementor-element-populated\">\n\t\t\t\t\t\t<div class=\"elementor-element elementor-element-e40fee1 exad-sticky-section-no exad-glass-effect-no elementor-widget elementor-widget-exad-exclusive-card\" data-id=\"e40fee1\" data-element_type=\"widget\" data-e-type=\"widget\" data-widget_type=\"exad-exclusive-card.default\">\n\t\t\t\t<div class=\"elementor-widget-container\">\n\t\t\t\t\t\r\n\t\t<div class=\"exad-card center default yes\">\r\n\t\t\t\t        \t<div class=\"exad-card-thumb\">\r\n\t\t\t\t\t<img decoding=\"async\" width=\"1920\" height=\"978\" src=\"https:\/\/crackerstech.com\/wp-content\/uploads\/2022\/11\/Sharepoint-Crackers-Tech.png\" class=\"attachment-full size-full wp-image-3743\" alt=\"Screenshot du SharePoint Crackers Tech\" srcset=\"https:\/\/crackerstech.com\/wp-content\/uploads\/2022\/11\/Sharepoint-Crackers-Tech.png 1920w, https:\/\/crackerstech.com\/wp-content\/uploads\/2022\/11\/Sharepoint-Crackers-Tech-600x306.png 600w, https:\/\/crackerstech.com\/wp-content\/uploads\/2022\/11\/Sharepoint-Crackers-Tech-300x153.png 300w, https:\/\/crackerstech.com\/wp-content\/uploads\/2022\/11\/Sharepoint-Crackers-Tech-1024x522.png 1024w, https:\/\/crackerstech.com\/wp-content\/uploads\/2022\/11\/Sharepoint-Crackers-Tech-768x391.png 768w, https:\/\/crackerstech.com\/wp-content\/uploads\/2022\/11\/Sharepoint-Crackers-Tech-1536x782.png 1536w\" sizes=\"(max-width: 1920px) 100vw, 1920px\" \/>\t\t\t\t<\/div>\r\n\t\t\t\r\n          \t<div class=\"exad-card-body\">\r\n\t\t\t  \t\t          \t\t<a class=\"exad-card-title\">\r\n\t            \t\t<h3>Microsoft SharePoint\t\t\t\t\t\t<\/h3>\r\n\t        \t\t<\/a>\r\n\t\t\t\t\t<div class=\"exad-card-description\">D\u00e9ploiement d'un SharePoint, connexion \u00e0 votre tenant Microsoft, personnalisation de la solution selon vos besoins.<\/div>\t\t\t\t\t<a class=\"exad-card-action\" href=\"#\" target=\"_blank\">\r\n\t\t\t\t\t\t\r\n\t\t\t\t\t\t<span>\r\n\t\t\t\t\t\t\tDetails\t\t\t\t\t\t<\/span>\r\n\r\n\t\t\t\t\t\t\t            \t<\/a>\r\n\t\t\t\t          \t<\/div>\r\n        <\/div>\r\n\t\t\t\t\t<\/div>\n\t\t\t\t<\/div>\n\t\t\t\t\t<\/div>\n\t\t<\/div>\n\t\t\t\t<div class=\"elementor-column elementor-col-33 elementor-inner-column elementor-element elementor-element-7c33a37 exad-glass-effect-no exad-sticky-section-no\" data-id=\"7c33a37\" data-element_type=\"column\" data-e-type=\"column\">\n\t\t\t<div class=\"elementor-widget-wrap elementor-element-populated\">\n\t\t\t\t\t\t<div class=\"elementor-element elementor-element-ee4017b exad-sticky-section-no exad-glass-effect-no elementor-widget elementor-widget-exad-exclusive-card\" data-id=\"ee4017b\" data-element_type=\"widget\" data-e-type=\"widget\" data-widget_type=\"exad-exclusive-card.default\">\n\t\t\t\t<div class=\"elementor-widget-container\">\n\t\t\t\t\t\r\n\t\t<div class=\"exad-card center default yes\">\r\n\t\t\t\t        \t<div class=\"exad-card-thumb\">\r\n\t\t\t\t\t<img decoding=\"async\" width=\"1600\" height=\"840\" src=\"https:\/\/crackerstech.com\/wp-content\/uploads\/2022\/10\/Site-application-web.svg\" class=\"attachment-full size-full wp-image-1343\" alt=\"Conception d&#039;application web\" \/>\t\t\t\t<\/div>\r\n\t\t\t\r\n          \t<div class=\"exad-card-body\">\r\n\t\t\t  \t\t          \t\t<a class=\"exad-card-title\" href=\"https:\/\/crackerstech.com\/nos-services\/site-internet\/?#site-internet-webapp\" target=\"_blank\">\r\n\t            \t\t<h3>Application WEB sur mesure\t\t\t\t\t\t<\/h3>\r\n\t        \t\t<\/a>\r\n\t\t\t\t\t<div class=\"exad-card-description\">Une application web cr\u00e9\u00e9e sur mesure sp\u00e9cialement pour votre activit\u00e9, chaque partie de l'interface est concue par votre utilisation.<\/div>\t\t\t\t\t<a class=\"exad-card-action\" href=\"https:\/\/crackerstech.com\/nos-services\/site-internet\/?#site-internet-webapp\" target=\"_blank\">\r\n\t\t\t\t\t\t\r\n\t\t\t\t\t\t<span>\r\n\t\t\t\t\t\t\tDetails\t\t\t\t\t\t<\/span>\r\n\r\n\t\t\t\t\t\t\t            \t<\/a>\r\n\t\t\t\t          \t<\/div>\r\n        <\/div>\r\n\t\t\t\t\t<\/div>\n\t\t\t\t<\/div>\n\t\t\t\t\t<\/div>\n\t\t<\/div>\n\t\t\t\t\t<\/div>\n\t\t<\/section>\n\t\t\t\t<div class=\"elementor-element elementor-element-c18cec2 exad-sticky-section-no exad-glass-effect-no elementor-widget elementor-widget-heading\" data-id=\"c18cec2\" data-element_type=\"widget\" data-e-type=\"widget\" data-widget_type=\"heading.default\">\n\t\t\t\t<div class=\"elementor-widget-container\">\n\t\t\t\t\t<h2 class=\"elementor-heading-title elementor-size-large\">Questions sur les progiciels de gestion d'entreprise (PGI)<\/h2>\t\t\t\t<\/div>\n\t\t\t\t<\/div>\n\t\t\t\t<div class=\"elementor-element elementor-element-863bbf2 exad-sticky-section-no exad-glass-effect-no elementor-widget elementor-widget-toggle\" data-id=\"863bbf2\" data-element_type=\"widget\" data-e-type=\"widget\" data-widget_type=\"toggle.default\">\n\t\t\t\t<div class=\"elementor-widget-container\">\n\t\t\t\t\t\t\t<div class=\"elementor-toggle\">\n\t\t\t\t\t\t\t<div class=\"elementor-toggle-item\">\n\t\t\t\t\t<h3 id=\"elementor-tab-title-1401\" class=\"elementor-tab-title\" data-tab=\"1\" role=\"button\" aria-controls=\"elementor-tab-content-1401\" aria-expanded=\"false\">\n\t\t\t\t\t\t\t\t\t\t\t\t<span class=\"elementor-toggle-icon elementor-toggle-icon-left\" aria-hidden=\"true\">\n\t\t\t\t\t\t\t\t\t\t\t\t\t\t\t<span class=\"elementor-toggle-icon-closed\"><i class=\"fas fa-caret-right\"><\/i><\/span>\n\t\t\t\t\t\t\t\t<span class=\"elementor-toggle-icon-opened\"><i class=\"elementor-toggle-icon-opened fas fa-caret-up\"><\/i><\/span>\n\t\t\t\t\t\t\t\t\t\t\t\t\t<\/span>\n\t\t\t\t\t\t\t\t\t\t\t\t<a class=\"elementor-toggle-title\" tabindex=\"0\">Que contient un progiciel de gestion d'entreprise ?<\/a>\n\t\t\t\t\t<\/h3>\n\n\t\t\t\t\t<div id=\"elementor-tab-content-1401\" class=\"elementor-tab-content elementor-clearfix\" data-tab=\"1\" role=\"region\" aria-labelledby=\"elementor-tab-title-1401\"><p style=\"text-align: center;\">Le progiciel de gestion comprend l&rsquo;ensemble des donn\u00e9es d&rsquo;une entreprise, notamment :<\/p><ul><li style=\"text-align: left;\">Le portefeuille de clients et les contacts associ\u00e9s pour chacun d&rsquo;eux.<\/li><li style=\"text-align: left;\">Un gestionnaire de projet avec gestion de ressources allou\u00e9es.<\/li><li style=\"text-align: left;\">Un syst\u00e8me de facturation complet (gestion des affaires, devis et facturier).<\/li><li style=\"text-align: left;\">Un planning d&rsquo;\u00e9quipe (assignation \u00e0 une t\u00e2che, cong\u00e9s, absences).<\/li><li>Un syst\u00e8me de gestion des commandes (envoi des bons de commande aux fournisseurs, anticipation des co\u00fbts, et comparatifs des meilleurs prix).<\/li><li>Une gestion avanc\u00e9e\u00a0des stocks (de plusieurs entrep\u00f4ts diff\u00e8rents avec un syst\u00e8me d&rsquo;alerte en cas de stock bas).<\/li><li>Une suite comptable compl\u00e8te avec rapprochement des op\u00e9rations (exportable facilement avec un acc\u00e8s pour votre comptable).<\/li><li>Une base de donn\u00e9es des biens et services en vente.<\/li><\/ul><p>Cette liste est non exhaustive, un PGI fonctionnant sous forme de module, il est facile de l&rsquo;agr\u00e9menter de multiples options suppl\u00e9mentaires en fonction du type d&rsquo;activit\u00e9 exerc\u00e9e.<\/p><\/div>\n\t\t\t\t<\/div>\n\t\t\t\t\t\t\t<div class=\"elementor-toggle-item\">\n\t\t\t\t\t<h3 id=\"elementor-tab-title-1402\" class=\"elementor-tab-title\" data-tab=\"2\" role=\"button\" aria-controls=\"elementor-tab-content-1402\" aria-expanded=\"false\">\n\t\t\t\t\t\t\t\t\t\t\t\t<span class=\"elementor-toggle-icon elementor-toggle-icon-left\" aria-hidden=\"true\">\n\t\t\t\t\t\t\t\t\t\t\t\t\t\t\t<span class=\"elementor-toggle-icon-closed\"><i class=\"fas fa-caret-right\"><\/i><\/span>\n\t\t\t\t\t\t\t\t<span class=\"elementor-toggle-icon-opened\"><i class=\"elementor-toggle-icon-opened fas fa-caret-up\"><\/i><\/span>\n\t\t\t\t\t\t\t\t\t\t\t\t\t<\/span>\n\t\t\t\t\t\t\t\t\t\t\t\t<a class=\"elementor-toggle-title\" tabindex=\"0\">Quels sont les avantages d'un PGI\/ERP ?<\/a>\n\t\t\t\t\t<\/h3>\n\n\t\t\t\t\t<div id=\"elementor-tab-content-1402\" class=\"elementor-tab-content elementor-clearfix\" data-tab=\"2\" role=\"region\" aria-labelledby=\"elementor-tab-title-1402\"><p style=\"text-align: center;\">Les avantages \u00e0 l&rsquo;utilisation d&rsquo;un PGI sont nombreux, parmi ceux-ci, les plus appr\u00e9ci\u00e9s sont\u00a0notamment la centralisation des processus m\u00e9tiers au sein d&rsquo;un seul et m\u00eame applicatif et le fait que toutes les ressources soient accessibles depuis n&rsquo;importe quel appareil, m\u00eame en mobilit\u00e9.<\/p><p style=\"text-align: center;\">Nous pouvons \u00e9galement citer\u00a0la sauvegarde r\u00e9guli\u00e8re de toutes les donn\u00e9es, une comptabilit\u00e9 simplifi\u00e9e, un tableau de bord permettant en un coup d&rsquo;\u0153il de conna\u00eetre tous les indicateurs cl\u00e9s, l&rsquo;automatisation d&rsquo;action&#8230;<\/p><\/div>\n\t\t\t\t<\/div>\n\t\t\t\t\t\t\t\t\t\t<script type=\"application\/ld+json\">{\"@context\":\"https:\\\/\\\/schema.org\",\"@type\":\"FAQPage\",\"mainEntity\":[{\"@type\":\"Question\",\"name\":\"Que contient un progiciel de gestion d'entreprise ?\",\"acceptedAnswer\":{\"@type\":\"Answer\",\"text\":\"<p style=\\\"text-align: center;\\\">Le progiciel de gestion comprend l&rsquo;ensemble des donn\\u00e9es d&rsquo;une entreprise, notamment :<\\\/p><ul><li style=\\\"text-align: left;\\\">Le portefeuille de clients et les contacts associ\\u00e9s pour chacun d&rsquo;eux.<\\\/li><li style=\\\"text-align: left;\\\">Un gestionnaire de projet avec gestion de ressources allou\\u00e9es.<\\\/li><li style=\\\"text-align: left;\\\">Un syst\\u00e8me de facturation complet (gestion des affaires, devis et facturier).<\\\/li><li style=\\\"text-align: left;\\\">Un planning d&rsquo;\\u00e9quipe (assignation \\u00e0 une t\\u00e2che, cong\\u00e9s, absences).<\\\/li><li>Un syst\\u00e8me de gestion des commandes (envoi des bons de commande aux fournisseurs, anticipation des co\\u00fbts, et comparatifs des meilleurs prix).<\\\/li><li>Une gestion avanc\\u00e9e\\u00a0des stocks (de plusieurs entrep\\u00f4ts diff\\u00e8rents avec un syst\\u00e8me d&rsquo;alerte en cas de stock bas).<\\\/li><li>Une suite comptable compl\\u00e8te avec rapprochement des op\\u00e9rations (exportable facilement avec un acc\\u00e8s pour votre comptable).<\\\/li><li>Une base de donn\\u00e9es des biens et services en vente.<\\\/li><\\\/ul><p>Cette liste est non exhaustive, un PGI fonctionnant sous forme de module, il est facile de l&rsquo;agr\\u00e9menter de multiples options suppl\\u00e9mentaires en fonction du type d&rsquo;activit\\u00e9 exerc\\u00e9e.<\\\/p>\"}},{\"@type\":\"Question\",\"name\":\"Quels sont les avantages d'un PGI\\\/ERP ?\",\"acceptedAnswer\":{\"@type\":\"Answer\",\"text\":\"<p style=\\\"text-align: center;\\\">Les avantages \\u00e0 l&rsquo;utilisation d&rsquo;un PGI sont nombreux, parmi ceux-ci, les plus appr\\u00e9ci\\u00e9s sont\\u00a0notamment la centralisation des processus m\\u00e9tiers au sein d&rsquo;un seul et m\\u00eame applicatif et le fait que toutes les ressources soient accessibles depuis n&rsquo;importe quel appareil, m\\u00eame en mobilit\\u00e9.<\\\/p><p style=\\\"text-align: center;\\\">Nous pouvons \\u00e9galement citer\\u00a0la sauvegarde r\\u00e9guli\\u00e8re de toutes les donn\\u00e9es, une comptabilit\\u00e9 simplifi\\u00e9e, un tableau de bord permettant en un coup d&rsquo;\\u0153il de conna\\u00eetre tous les indicateurs cl\\u00e9s, l&rsquo;automatisation d&rsquo;action&#8230;<\\\/p>\"}}]}<\/script>\n\t\t\t\t\t<\/div>\n\t\t\t\t\t\t<\/div>\n\t\t\t\t<\/div>\n\t\t\t\t\t<\/div>\n\t\t<\/div>\n\t\t\t\t\t<\/div>\n\t\t<\/section>\n\t\t\t\t<\/div>\n\t\t","protected":false},"excerpt":{"rendered":"<p>Les suites de logiciels de gestion d&rsquo;entreprise ou ERP (Entreprise ressource planning) sont des progiciels int\u00e9grant une game compl\u00e8te d&rsquo;outils permettant de g\u00e9rer plusieurs aspects de l&rsquo;entreprise : situation comptable, factures, fournisseurs, portefeuille client, notes de frais&#8230;\u00a0 En temps d&rsquo;int\u00e9grateur de solutions ERP\/PGI nous disposons de plusieurs environnements diff\u00e9rents \u00e0 proposer \u00e0 nos clients, nos [&hellip;]<\/p>\n","protected":false},"author":1,"featured_media":3709,"parent":12,"menu_order":0,"comment_status":"closed","ping_status":"closed","template":"","meta":{"_monsterinsights_skip_tracking":false,"_monsterinsights_sitenote_active":false,"_monsterinsights_sitenote_note":"","_monsterinsights_sitenote_category":0,"ocean_post_layout":"","ocean_both_sidebars_style":"","ocean_both_sidebars_content_width":0,"ocean_both_sidebars_sidebars_width":0,"ocean_sidebar":"0","ocean_second_sidebar":"0","ocean_disable_margins":"enable","ocean_add_body_class":"","ocean_shortcode_before_top_bar":"","ocean_shortcode_after_top_bar":"","ocean_shortcode_before_header":"","ocean_shortcode_after_header":"","ocean_has_shortcode":"","ocean_shortcode_after_title":"","ocean_shortcode_before_footer_widgets":"","ocean_shortcode_after_footer_widgets":"","ocean_shortcode_before_footer_bottom":"","ocean_shortcode_after_footer_bottom":"","ocean_display_top_bar":"default","ocean_display_header":"default","ocean_header_style":"","ocean_center_header_left_menu":"0","ocean_custom_header_template":"0","ocean_custom_logo":0,"ocean_custom_retina_logo":0,"ocean_custom_logo_max_width":0,"ocean_custom_logo_tablet_max_width":0,"ocean_custom_logo_mobile_max_width":0,"ocean_custom_logo_max_height":0,"ocean_custom_logo_tablet_max_height":0,"ocean_custom_logo_mobile_max_height":0,"ocean_header_custom_menu":"0","ocean_menu_typo_font_family":"0","ocean_menu_typo_font_subset":"","ocean_menu_typo_font_size":0,"ocean_menu_typo_font_size_tablet":0,"ocean_menu_typo_font_size_mobile":0,"ocean_menu_typo_font_size_unit":"px","ocean_menu_typo_font_weight":"","ocean_menu_typo_font_weight_tablet":"","ocean_menu_typo_font_weight_mobile":"","ocean_menu_typo_transform":"","ocean_menu_typo_transform_tablet":"","ocean_menu_typo_transform_mobile":"","ocean_menu_typo_line_height":0,"ocean_menu_typo_line_height_tablet":0,"ocean_menu_typo_line_height_mobile":0,"ocean_menu_typo_line_height_unit":"","ocean_menu_typo_spacing":0,"ocean_menu_typo_spacing_tablet":0,"ocean_menu_typo_spacing_mobile":0,"ocean_menu_typo_spacing_unit":"","ocean_menu_link_color":"","ocean_menu_link_color_hover":"","ocean_menu_link_color_active":"","ocean_menu_link_background":"","ocean_menu_link_hover_background":"","ocean_menu_link_active_background":"","ocean_menu_social_links_bg":"","ocean_menu_social_hover_links_bg":"","ocean_menu_social_links_color":"","ocean_menu_social_hover_links_color":"","ocean_disable_title":"default","ocean_disable_heading":"default","ocean_post_title":"","ocean_post_subheading":"","ocean_post_title_style":"","ocean_post_title_background_color":"","ocean_post_title_background":0,"ocean_post_title_bg_image_position":"","ocean_post_title_bg_image_attachment":"","ocean_post_title_bg_image_repeat":"","ocean_post_title_bg_image_size":"","ocean_post_title_height":0,"ocean_post_title_bg_overlay":0.5,"ocean_post_title_bg_overlay_color":"","ocean_disable_breadcrumbs":"default","ocean_breadcrumbs_color":"","ocean_breadcrumbs_separator_color":"","ocean_breadcrumbs_links_color":"","ocean_breadcrumbs_links_hover_color":"","ocean_display_footer_widgets":"default","ocean_display_footer_bottom":"default","ocean_custom_footer_template":"0","footnotes":""},"class_list":["post-39","page","type-page","status-publish","has-post-thumbnail","hentry","entry","has-media","owp-thumbs-layout-horizontal","owp-btn-normal","owp-tabs-layout-horizontal","has-no-thumbnails","has-product-nav"],"_links":{"self":[{"href":"https:\/\/crackerstech.com\/es\/wp-json\/wp\/v2\/pages\/39","targetHints":{"allow":["GET"]}}],"collection":[{"href":"https:\/\/crackerstech.com\/es\/wp-json\/wp\/v2\/pages"}],"about":[{"href":"https:\/\/crackerstech.com\/es\/wp-json\/wp\/v2\/types\/page"}],"author":[{"embeddable":true,"href":"https:\/\/crackerstech.com\/es\/wp-json\/wp\/v2\/users\/1"}],"replies":[{"embeddable":true,"href":"https:\/\/crackerstech.com\/es\/wp-json\/wp\/v2\/comments?post=39"}],"version-history":[{"count":0,"href":"https:\/\/crackerstech.com\/es\/wp-json\/wp\/v2\/pages\/39\/revisions"}],"up":[{"embeddable":true,"href":"https:\/\/crackerstech.com\/es\/wp-json\/wp\/v2\/pages\/12"}],"wp:featuredmedia":[{"embeddable":true,"href":"https:\/\/crackerstech.com\/es\/wp-json\/wp\/v2\/media\/3709"}],"wp:attachment":[{"href":"https:\/\/crackerstech.com\/es\/wp-json\/wp\/v2\/media?parent=39"}],"curies":[{"name":"wp","href":"https:\/\/api.w.org\/{rel}","templated":true}]}}