{"id":869,"date":"2022-10-20T21:40:32","date_gmt":"2022-10-20T19:40:32","guid":{"rendered":"https:\/\/www.crackerstech.com\/?page_id=869"},"modified":"2024-02-20T17:15:24","modified_gmt":"2024-02-20T16:15:24","slug":"politica-de-gestion-de-cookies","status":"publish","type":"page","link":"https:\/\/crackerstech.com\/es\/mentions-legales\/politique-de-gestion-des-cookies\/","title":{"rendered":"Pol\u00edtica de gesti\u00f3n de cookies"},"content":{"rendered":"<div data-elementor-type=\"wp-page\" data-elementor-id=\"869\" class=\"elementor elementor-869\" data-elementor-post-type=\"page\">\n\t\t\t\t\t\t<section data-exad-particle-enable=\"false\" class=\"elementor-section elementor-top-section elementor-element elementor-element-ca27502 elementor-section-boxed elementor-section-height-default elementor-section-height-default exad-parallax-effect-no exad-background-color-change-no exad-glass-effect-no exad-sticky-section-no\" data-id=\"ca27502\" data-element_type=\"section\" data-e-type=\"section\">\n\t\t\t\t\t\t<div class=\"elementor-container elementor-column-gap-default\">\n\t\t\t\t\t<div class=\"elementor-column elementor-col-100 elementor-top-column elementor-element elementor-element-0560dac exad-glass-effect-no exad-sticky-section-no\" data-id=\"0560dac\" data-element_type=\"column\" data-e-type=\"column\">\n\t\t\t<div class=\"elementor-widget-wrap elementor-element-populated\">\n\t\t\t\t\t\t<div class=\"elementor-element elementor-element-9b5dca0 exad-sticky-section-no exad-glass-effect-no elementor-widget elementor-widget-heading\" data-id=\"9b5dca0\" data-element_type=\"widget\" data-e-type=\"widget\" data-widget_type=\"heading.default\">\n\t\t\t\t<div class=\"elementor-widget-container\">\n\t\t\t\t\t<h2 class=\"elementor-heading-title elementor-size-default\">Definici\u00f3n de cookie<\/h2>\t\t\t\t<\/div>\n\t\t\t\t<\/div>\n\t\t\t\t<section data-exad-particle-enable=\"false\" class=\"elementor-section elementor-inner-section elementor-element elementor-element-aa01e6d elementor-section-boxed elementor-section-height-default elementor-section-height-default exad-parallax-effect-no exad-background-color-change-no exad-glass-effect-no exad-sticky-section-no\" data-id=\"aa01e6d\" data-element_type=\"section\" data-e-type=\"section\">\n\t\t\t\t\t\t<div class=\"elementor-container elementor-column-gap-default\">\n\t\t\t\t\t<div class=\"elementor-column elementor-col-100 elementor-inner-column elementor-element elementor-element-93253d7 exad-glass-effect-no exad-sticky-section-no\" data-id=\"93253d7\" data-element_type=\"column\" data-e-type=\"column\">\n\t\t\t<div class=\"elementor-widget-wrap elementor-element-populated\">\n\t\t\t\t\t\t<div class=\"elementor-element elementor-element-890609e exad-sticky-section-no exad-glass-effect-no elementor-widget elementor-widget-text-editor\" data-id=\"890609e\" data-element_type=\"widget\" data-e-type=\"widget\" data-widget_type=\"text-editor.default\">\n\t\t\t\t<div class=\"elementor-widget-container\">\n\t\t\t\t\t\t\t\t\t<p style=\"text-align: justify;\">Seg\u00fan la <span style=\"text-decoration: underline;\"><a href=\"https:\/\/cnpd.public.lu\/fr.html\" target=\"_blank\" rel=\"noopener\">CNPD<\/a><\/span> (Commission Nationale pour la Protection des Donn\u00e9es) del Gran Ducado de Luxemburgo, una cookie se define como :<\/p><p style=\"text-align: justify;\">\"Una cookie es un peque\u00f1o archivo de texto en formato alfanum\u00e9rico que es colocado en el terminal del internauta (navegador de Internet, ordenador, dispositivo m\u00f3vil, etc.) por el servidor del servicio en l\u00ednea utilizado (el sitio web visitado) o por un servidor de terceros. Una cookie de este tipo permite, en particular, reconocer a un visitante cuando vuelve al sitio web, recordar el idioma que el internauta hab\u00eda elegido durante una visita anterior o, en el caso de los servicios de compra, los productos que hab\u00eda colocado en su cesta de la compra durante una sesi\u00f3n de compra anterior\".<\/p><p style=\"text-align: justify;\"><span style=\"text-decoration: underline;\"><a href=\"https:\/\/cnpd.public.lu\/fr\/dossiers-thematiques\/cookies\/introduction.html\" target=\"_blank\" rel=\"noopener\">Consulte el art\u00edculo completo en el sitio web de la CNPD<\/a>.<\/span><\/p>\t\t\t\t\t\t\t\t<\/div>\n\t\t\t\t<\/div>\n\t\t\t\t\t<\/div>\n\t\t<\/div>\n\t\t\t\t\t<\/div>\n\t\t<\/section>\n\t\t\t\t<div class=\"elementor-element elementor-element-281838a exad-sticky-section-no exad-glass-effect-no elementor-widget elementor-widget-heading\" data-id=\"281838a\" data-element_type=\"widget\" data-e-type=\"widget\" data-widget_type=\"heading.default\">\n\t\t\t\t<div class=\"elementor-widget-container\">\n\t\t\t\t\t<h2 class=\"elementor-heading-title elementor-size-default\">Cookies utilizadas<\/h2>\t\t\t\t<\/div>\n\t\t\t\t<\/div>\n\t\t\t\t<div class=\"elementor-element elementor-element-1fac119 exad-sticky-section-no exad-glass-effect-no elementor-widget elementor-widget-text-editor\" data-id=\"1fac119\" data-element_type=\"widget\" data-e-type=\"widget\" data-widget_type=\"text-editor.default\">\n\t\t\t\t<div class=\"elementor-widget-container\">\n\t\t\t\t\t\t\t\t\t<p style=\"text-align: justify;\">El sitio est\u00e1 dise\u00f1ado para estar especialmente atento a las necesidades de los visitantes. Para ello, utiliza una serie de cookies.<\/p><p style=\"text-align: justify;\">El dep\u00f3sito de cookies como parte del uso del sitio no permite identificar personalmente al visitante. Registra informaci\u00f3n relativa a la navegaci\u00f3n del terminal del visitante dentro del sitio, que podr\u00e1 ser le\u00edda en visitas posteriores.<\/p><p style=\"text-align: justify;\">La informaci\u00f3n recogida es para uso exclusivo de Cracker's Tech y su empresa matriz CrackyShell Holding Ltd. y sus filiales o sus proveedores de servicios t\u00e9cnicos, y en ning\u00fan caso ser\u00e1 transferida a terceros o anunciantes.<\/p><p style=\"text-align: justify;\">Las cookies utilizadas son exclusivamente para este fin:<\/p><ul><li style=\"text-align: justify;\">elaborar estad\u00edsticas de visitas para mejorar el sitio.<\/li><li style=\"text-align: justify;\">para ofrecerle contenidos de alta calidad que respondan a sus expectativas.<\/li><li>para asegurar la infraestructura inform\u00e1tica de Cracker's Tech.<\/li><li>memorice su nombre de usuario en la plataforma <a href=\"https:\/\/crackerstech.com\/es\/mi-cuenta\/\"><span style=\"text-decoration: underline;\">Mi cuenta<\/span><\/a> cuando haga clic en la casilla \"Recordarme\".<\/li><\/ul>\t\t\t\t\t\t\t\t<\/div>\n\t\t\t\t<\/div>\n\t\t\t\t<div class=\"elementor-element elementor-element-67e0bb8 exad-sticky-section-no exad-glass-effect-no elementor-widget elementor-widget-heading\" data-id=\"67e0bb8\" data-element_type=\"widget\" data-e-type=\"widget\" data-widget_type=\"heading.default\">\n\t\t\t\t<div class=\"elementor-widget-container\">\n\t\t\t\t\t<h2 class=\"elementor-heading-title elementor-size-default\">Cookies de terceros<\/h2>\t\t\t\t<\/div>\n\t\t\t\t<\/div>\n\t\t\t\t<div class=\"elementor-element elementor-element-0c6f8a7 exad-sticky-section-no exad-glass-effect-no elementor-widget elementor-widget-heading\" data-id=\"0c6f8a7\" data-element_type=\"widget\" data-e-type=\"widget\" data-widget_type=\"heading.default\">\n\t\t\t\t<div class=\"elementor-widget-container\">\n\t\t\t\t\t<h3 class=\"elementor-heading-title elementor-size-default\">Lista completa de cookies de terceros<\/h3>\t\t\t\t<\/div>\n\t\t\t\t<\/div>\n\t\t\t\t<div class=\"elementor-element elementor-element-8a2e2ba exad-sticky-section-no exad-glass-effect-no elementor-widget elementor-widget-text-editor\" data-id=\"8a2e2ba\" data-element_type=\"widget\" data-e-type=\"widget\" data-widget_type=\"text-editor.default\">\n\t\t\t\t<div class=\"elementor-widget-container\">\n\t\t\t\t\t\t\t\t\t<div class=\"table-responsive\"><table class=\"table table-bordered\" role=\"presentation\"><tbody><tr><td class=\"text-align-center\"><strong>Nombre<\/strong><\/td><td class=\"text-align-center\"><strong>Tipo (interno \/ externo)<\/strong><\/td><td class=\"text-align-center\"><strong>Prop\u00f3sito<\/strong><\/td><td class=\"text-align-center\"><strong>Vida \u00fatil m\u00e1xima<\/strong><\/td><\/tr><tr><td class=\"text-align-center\">Google reCAPTCHA<\/td><td class=\"text-align-center\">PLC (externo)<\/td><td class=\"text-align-center\">Utilizamos el servicio reCAPTCHA de Google Inc (Google) para proteger las entradas de formularios en nuestro sitio. Este \u00faltimo puede depositar cookies para permitir su funcionamiento.<\/td><td class=\"text-align-center\">13 meses<\/td><\/tr><\/tbody><\/table><\/div>\t\t\t\t\t\t\t\t<\/div>\n\t\t\t\t<\/div>\n\t\t\t\t<div class=\"elementor-element elementor-element-f041382 exad-sticky-section-no exad-glass-effect-no elementor-widget elementor-widget-heading\" data-id=\"f041382\" data-element_type=\"widget\" data-e-type=\"widget\" data-widget_type=\"heading.default\">\n\t\t\t\t<div class=\"elementor-widget-container\">\n\t\t\t\t\t<h2 class=\"elementor-heading-title elementor-size-default\">Informaci\u00f3n y consentimiento sobre cookies<\/h2>\t\t\t\t<\/div>\n\t\t\t\t<\/div>\n\t\t\t\t<div class=\"elementor-element elementor-element-4f8f5b4 exad-sticky-section-no exad-glass-effect-no elementor-widget elementor-widget-text-editor\" data-id=\"4f8f5b4\" data-element_type=\"widget\" data-e-type=\"widget\" data-widget_type=\"text-editor.default\">\n\t\t\t\t<div class=\"elementor-widget-container\">\n\t\t\t\t\t\t\t\t\t<p style=\"text-align: justify;\">Los fines de todas las cookies se exponen en la tabla anterior.<\/p><p style=\"text-align: justify;\">El consentimiento del usuario no es necesario en la medida en que acepte las condiciones de uso. <span style=\"text-decoration: underline;\"><a href=\"https:\/\/crackerstech.com\/es\/cgv\/\">Condiciones generales<\/a><\/span> del sitio web simplemente navegando. Las dos \u00fanicas cookies se utilizan \u00fanicamente para evitar el spam de formularios y para dar acceso al usuario al \u00e1rea de cliente que se ha creado tras el pedido de un producto\/servicio.<\/p><p style=\"text-align: justify;\">El visitante tambi\u00e9n puede configurar su programa de navegaci\u00f3n para que las cookies se almacenen en su terminal o, por el contrario, para que se rechacen, ya sea sistem\u00e1ticamente o en funci\u00f3n del remitente. Los visitantes tambi\u00e9n pueden configurar su software de navegaci\u00f3n para que se les ofrezca la opci\u00f3n de aceptar o rechazar las cookies de vez en cuando, antes de que sea probable que se almacene una cookie en su terminal. Cada navegador tiene una configuraci\u00f3n diferente para gestionar las cookies y las opciones del visitante. Esto se describe en el men\u00fa de ayuda del navegador, que permitir\u00e1 a los visitantes averiguar c\u00f3mo modificar sus preferencias en materia de cookies. Los visitantes pueden optar por expresar y modificar sus preferencias sobre cookies en cualquier momento.<\/p>\t\t\t\t\t\t\t\t<\/div>\n\t\t\t\t<\/div>\n\t\t\t\t<div class=\"elementor-element elementor-element-26652cf exad-sticky-section-no exad-glass-effect-no elementor-widget elementor-widget-heading\" data-id=\"26652cf\" data-element_type=\"widget\" data-e-type=\"widget\" data-widget_type=\"heading.default\">\n\t\t\t\t<div class=\"elementor-widget-container\">\n\t\t\t\t\t<h2 class=\"elementor-heading-title elementor-size-default\">Informaci\u00f3n sobre el derecho de acceso<\/h2>\t\t\t\t<\/div>\n\t\t\t\t<\/div>\n\t\t\t\t<div class=\"elementor-element elementor-element-7708004 exad-sticky-section-no exad-glass-effect-no elementor-widget elementor-widget-text-editor\" data-id=\"7708004\" data-element_type=\"widget\" data-e-type=\"widget\" data-widget_type=\"text-editor.default\">\n\t\t\t\t<div class=\"elementor-widget-container\">\n\t\t\t\t\t\t\t\t\t<p style=\"text-align: justify;\">De conformidad con las disposiciones del Reglamento (UE) 2016\/679 del Parlamento Europeo y del Consejo, de 27 de abril de 2016, relativo a la protecci\u00f3n de las personas f\u00edsicas en lo que respecta al tratamiento de datos personales y a la libre circulaci\u00f3n de estos datos, y de la Ley francesa de Inform\u00e1tica y Libertades modificada (Loi Informatique et Libert\u00e9s) de 6 de enero de 1978, se informa a los visitantes de que disponen de un derecho de acceso a los datos personales que les conciernen, de un derecho de rectificaci\u00f3n, de un derecho a retirar su consentimiento y de un derecho a suprimir dichos datos. Estos derechos pueden ejercerse:<\/p><ul><li style=\"text-align: justify;\">enviando una solicitud por escrito por correo electr\u00f3nico a la siguiente direcci\u00f3n: <a class=\"mailto-link\" href=\"mailto:rgpd@crackerstech.com\">rgpd@crackerstech.com<\/a><\/li><\/ul><p>Tambi\u00e9n puede consultar nuestra declaraci\u00f3n de privacidad en <a href=\"https:\/\/crackerstech.com\/es\/politica-de-privacidad\/\"><span style=\"text-decoration: underline;\">haga clic en este enlace<\/span><\/a>.<\/p>\t\t\t\t\t\t\t\t<\/div>\n\t\t\t\t<\/div>\n\t\t\t\t\t<\/div>\n\t\t<\/div>\n\t\t\t\t\t<\/div>\n\t\t<\/section>\n\t\t\t\t<section data-exad-particle-enable=\"false\" class=\"elementor-section elementor-top-section elementor-element elementor-element-143868b elementor-section-boxed elementor-section-height-default elementor-section-height-default exad-parallax-effect-no exad-background-color-change-no exad-glass-effect-no exad-sticky-section-no\" data-id=\"143868b\" data-element_type=\"section\" data-e-type=\"section\">\n\t\t\t\t\t\t<div class=\"elementor-container elementor-column-gap-default\">\n\t\t\t\t\t<section class=\"elementor-column elementor-col-100 elementor-top-column elementor-element elementor-element-a583c6d exad-glass-effect-no exad-sticky-section-no\" data-id=\"a583c6d\" data-element_type=\"column\" data-e-type=\"column\">\n\t\t\t<div class=\"elementor-widget-wrap elementor-element-populated\">\n\t\t\t\t\t\t<div class=\"elementor-element elementor-element-93d4664 animated-fast exad-sticky-section-no exad-glass-effect-no elementor-invisible elementor-widget elementor-widget-text-editor\" data-id=\"93d4664\" data-element_type=\"widget\" data-e-type=\"widget\" data-settings=\"{&quot;_animation&quot;:&quot;zoomIn&quot;,&quot;_animation_tablet&quot;:&quot;zoomIn&quot;,&quot;_animation_mobile&quot;:&quot;zoomIn&quot;}\" data-widget_type=\"text-editor.default\">\n\t\t\t\t<div class=\"elementor-widget-container\">\n\t\t\t\t\t\t\t\t\t<p class=\"has-text-align-center\"><span style=\"color: #000000;\"><em>Este documento se actualiz\u00f3 el 19 de diciembre de 2023.<\/em><\/span><\/p><p class=\"has-text-align-center\"><em><span style=\"color: #000000;\"> Documento certificado para su uso por :\u00a0<\/span><\/em><\/p><p class=\"has-text-align-center\"><em><span style=\"color: #ffcc00;\"><a style=\"color: #ffcc00;\" href=\"https:\/\/redacteurs-legaux-juridiques.com\/\" target=\"_blank\" rel=\"noopener\">RLJ \u2013 R\u00e9dacteurs L\u00e9gaux Juridiques<\/a><\/span><\/em><\/p><p class=\"has-text-align-center\"><em><span style=\"color: #000000;\">Especialistas en redacci\u00f3n de contenidos jur\u00eddicos.<\/span><\/em><\/p><p><a href=\"https:\/\/redacteurs-legaux-juridiques.com\/\" target=\"_blank\" rel=\"noopener\"><img decoding=\"async\" class=\"wp-image-4997\" src=\"https:\/\/crackerstech.com\/wp-content\/uploads\/2023\/06\/RLJ-Redaction-Juridique-300x107.png\" alt=\"Logotipo de RLJ - Redactores jur\u00eddicos\" width=\"118\" height=\"42\" srcset=\"https:\/\/crackerstech.com\/wp-content\/uploads\/2023\/06\/RLJ-Redaction-Juridique-300x107.png 300w, https:\/\/crackerstech.com\/wp-content\/uploads\/2023\/06\/RLJ-Redaction-Juridique-600x214.png 600w, https:\/\/crackerstech.com\/wp-content\/uploads\/2023\/06\/RLJ-Redaction-Juridique-768x274.png 768w, https:\/\/crackerstech.com\/wp-content\/uploads\/2023\/06\/RLJ-Redaction-Juridique.png 1002w\" sizes=\"(max-width: 118px) 100vw, 118px\" \/><\/a> \u00a0<\/p>\t\t\t\t\t\t\t\t<\/div>\n\t\t\t\t<\/div>\n\t\t\t\t\t<\/div>\n\t\t<\/section>\n\t\t\t\t\t<\/div>\n\t\t<\/section>\n\t\t\t\t<\/div>","protected":false},"excerpt":{"rendered":"<p>D\u00e9finition d&rsquo;un cookie Selon la CNPD (Commission Nationale pour la Protection des Donn\u00e9es) du Grand-Duch\u00e9 de Luxembourg, un cookie se d\u00e9fini par : \u00ab\u00a0Un cookie d\u00e9signe un petit fichier texte au format alphanum\u00e9rique qui est d\u00e9pos\u00e9 sur le terminal de l\u2019internaute (navigateur internet, ordinateur, appareil mobile, etc.) par le serveur du service en ligne utilis\u00e9 [&hellip;]<\/p>\n","protected":false},"author":1,"featured_media":712,"parent":360,"menu_order":0,"comment_status":"closed","ping_status":"closed","template":"","meta":{"_monsterinsights_skip_tracking":false,"_monsterinsights_sitenote_active":false,"_monsterinsights_sitenote_note":"","_monsterinsights_sitenote_category":0,"ocean_post_layout":"","ocean_both_sidebars_style":"","ocean_both_sidebars_content_width":0,"ocean_both_sidebars_sidebars_width":0,"ocean_sidebar":"0","ocean_second_sidebar":"0","ocean_disable_margins":"enable","ocean_add_body_class":"","ocean_shortcode_before_top_bar":"","ocean_shortcode_after_top_bar":"","ocean_shortcode_before_header":"","ocean_shortcode_after_header":"","ocean_has_shortcode":"","ocean_shortcode_after_title":"","ocean_shortcode_before_footer_widgets":"","ocean_shortcode_after_footer_widgets":"","ocean_shortcode_before_footer_bottom":"","ocean_shortcode_after_footer_bottom":"","ocean_display_top_bar":"default","ocean_display_header":"default","ocean_header_style":"","ocean_center_header_left_menu":"0","ocean_custom_header_template":"0","ocean_custom_logo":0,"ocean_custom_retina_logo":0,"ocean_custom_logo_max_width":0,"ocean_custom_logo_tablet_max_width":0,"ocean_custom_logo_mobile_max_width":0,"ocean_custom_logo_max_height":0,"ocean_custom_logo_tablet_max_height":0,"ocean_custom_logo_mobile_max_height":0,"ocean_header_custom_menu":"0","ocean_menu_typo_font_family":"0","ocean_menu_typo_font_subset":"","ocean_menu_typo_font_size":0,"ocean_menu_typo_font_size_tablet":0,"ocean_menu_typo_font_size_mobile":0,"ocean_menu_typo_font_size_unit":"px","ocean_menu_typo_font_weight":"","ocean_menu_typo_font_weight_tablet":"","ocean_menu_typo_font_weight_mobile":"","ocean_menu_typo_transform":"","ocean_menu_typo_transform_tablet":"","ocean_menu_typo_transform_mobile":"","ocean_menu_typo_line_height":0,"ocean_menu_typo_line_height_tablet":0,"ocean_menu_typo_line_height_mobile":0,"ocean_menu_typo_line_height_unit":"","ocean_menu_typo_spacing":0,"ocean_menu_typo_spacing_tablet":0,"ocean_menu_typo_spacing_mobile":0,"ocean_menu_typo_spacing_unit":"","ocean_menu_link_color":"","ocean_menu_link_color_hover":"","ocean_menu_link_color_active":"","ocean_menu_link_background":"","ocean_menu_link_hover_background":"","ocean_menu_link_active_background":"","ocean_menu_social_links_bg":"","ocean_menu_social_hover_links_bg":"","ocean_menu_social_links_color":"","ocean_menu_social_hover_links_color":"","ocean_disable_title":"default","ocean_disable_heading":"default","ocean_post_title":"","ocean_post_subheading":"","ocean_post_title_style":"","ocean_post_title_background_color":"","ocean_post_title_background":0,"ocean_post_title_bg_image_position":"","ocean_post_title_bg_image_attachment":"","ocean_post_title_bg_image_repeat":"","ocean_post_title_bg_image_size":"","ocean_post_title_height":0,"ocean_post_title_bg_overlay":0.5,"ocean_post_title_bg_overlay_color":"","ocean_disable_breadcrumbs":"default","ocean_breadcrumbs_color":"","ocean_breadcrumbs_separator_color":"","ocean_breadcrumbs_links_color":"","ocean_breadcrumbs_links_hover_color":"","ocean_display_footer_widgets":"default","ocean_display_footer_bottom":"default","ocean_custom_footer_template":"0","footnotes":""},"class_list":["post-869","page","type-page","status-publish","has-post-thumbnail","hentry","entry","has-media","owp-thumbs-layout-horizontal","owp-btn-normal","owp-tabs-layout-horizontal","has-no-thumbnails","has-product-nav"],"_links":{"self":[{"href":"https:\/\/crackerstech.com\/es\/wp-json\/wp\/v2\/pages\/869","targetHints":{"allow":["GET"]}}],"collection":[{"href":"https:\/\/crackerstech.com\/es\/wp-json\/wp\/v2\/pages"}],"about":[{"href":"https:\/\/crackerstech.com\/es\/wp-json\/wp\/v2\/types\/page"}],"author":[{"embeddable":true,"href":"https:\/\/crackerstech.com\/es\/wp-json\/wp\/v2\/users\/1"}],"replies":[{"embeddable":true,"href":"https:\/\/crackerstech.com\/es\/wp-json\/wp\/v2\/comments?post=869"}],"version-history":[{"count":0,"href":"https:\/\/crackerstech.com\/es\/wp-json\/wp\/v2\/pages\/869\/revisions"}],"up":[{"embeddable":true,"href":"https:\/\/crackerstech.com\/es\/wp-json\/wp\/v2\/pages\/360"}],"wp:featuredmedia":[{"embeddable":true,"href":"https:\/\/crackerstech.com\/es\/wp-json\/wp\/v2\/media\/712"}],"wp:attachment":[{"href":"https:\/\/crackerstech.com\/es\/wp-json\/wp\/v2\/media?parent=869"}],"curies":[{"name":"wp","href":"https:\/\/api.w.org\/{rel}","templated":true}]}}