{"id":8899,"date":"2025-06-09T15:19:34","date_gmt":"2025-06-09T13:19:34","guid":{"rendered":"https:\/\/crackerstech.com\/?page_id=8899"},"modified":"2025-06-09T15:22:56","modified_gmt":"2025-06-09T13:22:56","slug":"trafico-organico","status":"publish","type":"page","link":"https:\/\/crackerstech.com\/es\/nos-services\/referencement\/le-trafic-organique\/","title":{"rendered":"Tr\u00e1fico org\u00e1nico"},"content":{"rendered":"<div data-elementor-type=\"wp-page\" data-elementor-id=\"8899\" class=\"elementor elementor-8899\" data-elementor-post-type=\"page\">\n\t\t\t\t\t\t<section data-exad-particle-enable=\"false\" class=\"elementor-section elementor-top-section elementor-element elementor-element-2de910a elementor-section-full_width elementor-section-height-min-height elementor-section-content-middle elementor-section-stretched elementor-section-height-default elementor-section-items-middle exad-parallax-effect-no exad-background-color-change-no exad-glass-effect-no exad-sticky-section-no\" data-id=\"2de910a\" data-element_type=\"section\" data-e-type=\"section\" data-settings=\"{&quot;stretch_section&quot;:&quot;section-stretched&quot;,&quot;background_background&quot;:&quot;classic&quot;}\">\n\t\t\t\t\t\t\t<div class=\"elementor-background-overlay\"><\/div>\n\t\t\t\t\t\t\t<div class=\"elementor-container elementor-column-gap-default\">\n\t\t\t\t\t<div class=\"elementor-column elementor-col-100 elementor-top-column elementor-element elementor-element-0b67401 exad-glass-effect-no exad-sticky-section-no\" data-id=\"0b67401\" data-element_type=\"column\" data-e-type=\"column\">\n\t\t\t<div class=\"elementor-widget-wrap elementor-element-populated\">\n\t\t\t\t\t\t<div class=\"elementor-element elementor-element-ccd28e2 exad-sticky-section-no exad-glass-effect-no elementor-widget elementor-widget-heading\" data-id=\"ccd28e2\" data-element_type=\"widget\" data-e-type=\"widget\" data-widget_type=\"heading.default\">\n\t\t\t\t<div class=\"elementor-widget-container\">\n\t\t\t\t\t<h1 class=\"elementor-heading-title elementor-size-default\">Tr\u00e1fico org\u00e1nico<\/h1>\t\t\t\t<\/div>\n\t\t\t\t<\/div>\n\t\t\t\t\t<\/div>\n\t\t<\/div>\n\t\t\t\t\t<\/div>\n\t\t<\/section>\n\t\t\t\t<section data-exad-particle-enable=\"false\" class=\"elementor-section elementor-top-section elementor-element elementor-element-8d4a2da elementor-section-boxed elementor-section-height-default elementor-section-height-default exad-parallax-effect-no exad-background-color-change-no exad-glass-effect-no exad-sticky-section-no\" data-id=\"8d4a2da\" data-element_type=\"section\" data-e-type=\"section\">\n\t\t\t\t\t\t<div class=\"elementor-container elementor-column-gap-default\">\n\t\t\t\t\t<div class=\"elementor-column elementor-col-100 elementor-top-column elementor-element elementor-element-b7d9117 exad-glass-effect-no exad-sticky-section-no\" data-id=\"b7d9117\" data-element_type=\"column\" data-e-type=\"column\">\n\t\t\t<div class=\"elementor-widget-wrap elementor-element-populated\">\n\t\t\t\t\t\t<div class=\"elementor-element elementor-element-03a5494 exad-sticky-section-no exad-glass-effect-no elementor-widget elementor-widget-heading\" data-id=\"03a5494\" data-element_type=\"widget\" data-e-type=\"widget\" data-widget_type=\"heading.default\">\n\t\t\t\t<div class=\"elementor-widget-container\">\n\t\t\t\t\t<h2 class=\"elementor-heading-title elementor-size-default\">Definici\u00f3n de tr\u00e1fico org\u00e1nico<\/h2>\t\t\t\t<\/div>\n\t\t\t\t<\/div>\n\t\t\t\t<div class=\"elementor-element elementor-element-b3b116b exad-sticky-section-no exad-glass-effect-no elementor-widget elementor-widget-text-editor\" data-id=\"b3b116b\" data-element_type=\"widget\" data-e-type=\"widget\" data-widget_type=\"text-editor.default\">\n\t\t\t\t<div class=\"elementor-widget-container\">\n\t\t\t\t\t\t\t\t\t<p>El tr\u00e1fico org\u00e1nico se refiere al n\u00famero de visitantes que llegan a un sitio web a trav\u00e9s de los resultados naturales (no de pago) de motores de b\u00fasqueda como Google, Bing o Yahoo, y que generalmente representan alrededor del 50% del tr\u00e1fico total de un sitio y constituyen una fuente especialmente rentable de clientes potenciales cualificados a largo plazo.<\/p>\t\t\t\t\t\t\t\t<\/div>\n\t\t\t\t<\/div>\n\t\t\t\t\t<\/div>\n\t\t<\/div>\n\t\t\t\t\t<\/div>\n\t\t<\/section>\n\t\t\t\t<section data-exad-particle-enable=\"false\" class=\"elementor-section elementor-top-section elementor-element elementor-element-7857a1fe elementor-section-boxed elementor-section-height-default elementor-section-height-default exad-parallax-effect-no exad-background-color-change-no exad-glass-effect-no exad-sticky-section-no elementor-invisible\" data-id=\"7857a1fe\" data-element_type=\"section\" data-e-type=\"section\" data-settings=\"{&quot;animation&quot;:&quot;zoomIn&quot;}\">\n\t\t\t\t\t\t<div class=\"elementor-container elementor-column-gap-default\">\n\t\t\t\t\t<div class=\"elementor-column elementor-col-100 elementor-top-column elementor-element elementor-element-51176c0a exad-glass-effect-no exad-sticky-section-no\" data-id=\"51176c0a\" data-element_type=\"column\" data-e-type=\"column\">\n\t\t\t<div class=\"elementor-widget-wrap elementor-element-populated\">\n\t\t\t\t\t\t<div class=\"elementor-element elementor-element-4697591d elementor-widget-divider--view-line exad-sticky-section-no exad-glass-effect-no elementor-widget elementor-widget-divider\" data-id=\"4697591d\" data-element_type=\"widget\" data-e-type=\"widget\" data-widget_type=\"divider.default\">\n\t\t\t\t<div class=\"elementor-widget-container\">\n\t\t\t\t\t\t\t<div class=\"elementor-divider\">\n\t\t\t<span class=\"elementor-divider-separator\">\n\t\t\t\t\t\t<\/span>\n\t\t<\/div>\n\t\t\t\t\t\t<\/div>\n\t\t\t\t<\/div>\n\t\t\t\t\t<\/div>\n\t\t<\/div>\n\t\t\t\t\t<\/div>\n\t\t<\/section>\n\t\t\t\t<section data-exad-particle-enable=\"false\" class=\"elementor-section elementor-top-section elementor-element elementor-element-d28d75b elementor-section-boxed elementor-section-height-default elementor-section-height-default exad-parallax-effect-no exad-background-color-change-no exad-glass-effect-no exad-sticky-section-no\" data-id=\"d28d75b\" data-element_type=\"section\" data-e-type=\"section\">\n\t\t\t\t\t\t<div class=\"elementor-container elementor-column-gap-default\">\n\t\t\t\t\t<div class=\"elementor-column elementor-col-100 elementor-top-column elementor-element elementor-element-63a3e73 exad-glass-effect-no exad-sticky-section-no\" data-id=\"63a3e73\" data-element_type=\"column\" data-e-type=\"column\">\n\t\t\t<div class=\"elementor-widget-wrap elementor-element-populated\">\n\t\t\t\t\t\t<div class=\"elementor-element elementor-element-af6b992 exad-sticky-section-no exad-glass-effect-no elementor-widget elementor-widget-heading\" data-id=\"af6b992\" data-element_type=\"widget\" data-e-type=\"widget\" data-widget_type=\"heading.default\">\n\t\t\t\t<div class=\"elementor-widget-container\">\n\t\t\t\t\t<h2 class=\"elementor-heading-title elementor-size-default\">Diferencia entre tr\u00e1fico org\u00e1nico y de pago<\/h2>\t\t\t\t<\/div>\n\t\t\t\t<\/div>\n\t\t\t\t<div class=\"elementor-element elementor-element-cb3bd80 exad-sticky-section-no exad-glass-effect-no elementor-widget elementor-widget-text-editor\" data-id=\"cb3bd80\" data-element_type=\"widget\" data-e-type=\"widget\" data-widget_type=\"text-editor.default\">\n\t\t\t\t<div class=\"elementor-widget-container\">\n\t\t\t\t\t\t\t\t\t<p class=\"my-0\">El tr\u00e1fico de pago, a diferencia del tr\u00e1fico org\u00e1nico, implica una inversi\u00f3n econ\u00f3mica para atraer visitantes a un sitio web a trav\u00e9s de publicidad patrocinada, anuncios en buscadores, banners o publicidad nativa.<span class=\"whitespace-nowrap\">.<\/span> Mientras que el tr\u00e1fico org\u00e1nico es gratuito pero tarda en desarrollarse, el tr\u00e1fico de pago ofrece resultados inmediatos pero se detiene en cuanto cesa la inversi\u00f3n publicitaria.<span class=\"whitespace-nowrap\">.<\/span><\/p><p class=\"my-0\">Las principales diferencias entre estos dos tipos de tr\u00e1fico son :<\/p><ul class=\"marker:text-textOff list-disc\"><li><p class=\"my-0\"><strong>Coste<\/strong> org\u00e1nico (gratuito pero requiere tiempo) frente a pago (inversi\u00f3n continua)<\/p><\/li><li><p class=\"my-0\"><strong>Crecimiento<\/strong> org\u00e1nico (lento pero duradero) frente a pago (r\u00e1pido pero temporal)<\/p><\/li><li><p class=\"my-0\"><strong>Objetivo<\/strong> org\u00e1nico (audiencia m\u00e1s amplia) frente a pago (audiencia espec\u00edfica)<\/p><\/li><li><p class=\"my-0\"><strong>Controlar<\/strong> org\u00e1nico (limitado a la clasificaci\u00f3n) frente a pago (total en la orientaci\u00f3n y el mensaje)<\/p><\/li><li><p class=\"my-0\"><strong>Credibilidad<\/strong> el tr\u00e1fico org\u00e1nico tiende a reforzar la confianza y la autoridad de la marca<\/p><\/li><\/ul>\t\t\t\t\t\t\t\t<\/div>\n\t\t\t\t<\/div>\n\t\t\t\t\t<\/div>\n\t\t<\/div>\n\t\t\t\t\t<\/div>\n\t\t<\/section>\n\t\t\t\t<section data-exad-particle-enable=\"false\" class=\"elementor-section elementor-top-section elementor-element elementor-element-754557f elementor-section-boxed elementor-section-height-default elementor-section-height-default exad-parallax-effect-no exad-background-color-change-no exad-glass-effect-no exad-sticky-section-no elementor-invisible\" data-id=\"754557f\" data-element_type=\"section\" data-e-type=\"section\" data-settings=\"{&quot;animation&quot;:&quot;zoomIn&quot;}\">\n\t\t\t\t\t\t<div class=\"elementor-container elementor-column-gap-default\">\n\t\t\t\t\t<div class=\"elementor-column elementor-col-100 elementor-top-column elementor-element elementor-element-49edf8d exad-glass-effect-no exad-sticky-section-no\" data-id=\"49edf8d\" data-element_type=\"column\" data-e-type=\"column\">\n\t\t\t<div class=\"elementor-widget-wrap elementor-element-populated\">\n\t\t\t\t\t\t<div class=\"elementor-element elementor-element-4cf0a2e elementor-widget-divider--view-line exad-sticky-section-no exad-glass-effect-no elementor-widget elementor-widget-divider\" data-id=\"4cf0a2e\" data-element_type=\"widget\" data-e-type=\"widget\" data-widget_type=\"divider.default\">\n\t\t\t\t<div class=\"elementor-widget-container\">\n\t\t\t\t\t\t\t<div class=\"elementor-divider\">\n\t\t\t<span class=\"elementor-divider-separator\">\n\t\t\t\t\t\t<\/span>\n\t\t<\/div>\n\t\t\t\t\t\t<\/div>\n\t\t\t\t<\/div>\n\t\t\t\t\t<\/div>\n\t\t<\/div>\n\t\t\t\t\t<\/div>\n\t\t<\/section>\n\t\t\t\t<section data-exad-particle-enable=\"false\" class=\"elementor-section elementor-top-section elementor-element elementor-element-803de12 elementor-section-boxed elementor-section-height-default elementor-section-height-default exad-parallax-effect-no exad-background-color-change-no exad-glass-effect-no exad-sticky-section-no\" data-id=\"803de12\" data-element_type=\"section\" data-e-type=\"section\">\n\t\t\t\t\t\t<div class=\"elementor-container elementor-column-gap-default\">\n\t\t\t\t\t<div class=\"elementor-column elementor-col-100 elementor-top-column elementor-element elementor-element-12933a5 exad-glass-effect-no exad-sticky-section-no\" data-id=\"12933a5\" data-element_type=\"column\" data-e-type=\"column\">\n\t\t\t<div class=\"elementor-widget-wrap elementor-element-populated\">\n\t\t\t\t\t\t<div class=\"elementor-element elementor-element-0442352 exad-sticky-section-no exad-glass-effect-no elementor-widget elementor-widget-heading\" data-id=\"0442352\" data-element_type=\"widget\" data-e-type=\"widget\" data-widget_type=\"heading.default\">\n\t\t\t\t<div class=\"elementor-widget-container\">\n\t\t\t\t\t<h2 class=\"elementor-heading-title elementor-size-default\">Medici\u00f3n con Google Analytics<\/h2>\t\t\t\t<\/div>\n\t\t\t\t<\/div>\n\t\t\t\t<div class=\"elementor-element elementor-element-8bb881e exad-sticky-section-no exad-glass-effect-no elementor-widget elementor-widget-text-editor\" data-id=\"8bb881e\" data-element_type=\"widget\" data-e-type=\"widget\" data-widget_type=\"text-editor.default\">\n\t\t\t\t<div class=\"elementor-widget-container\">\n\t\t\t\t\t\t\t\t\t<p class=\"my-0\">Para medir eficazmente el tr\u00e1fico org\u00e1nico de su sitio web, <a href=\"http:\/\/analytics.google.com\" target=\"_blank\" rel=\"noopener\">Google Analytics<\/a> es la herramienta de referencia. Esta plataforma de an\u00e1lisis le permite identificar con precisi\u00f3n a los visitantes que llegan a su sitio a trav\u00e9s de los resultados naturales de los motores de b\u00fasqueda.<span class=\"whitespace-nowrap\">.<\/span> Para acceder a estos datos, vaya a la secci\u00f3n \"Adquisici\u00f3n\", luego a \"Todo el tr\u00e1fico\" y, por \u00faltimo, a \"Fuente\/Promedio\", donde podr\u00e1 filtrar para mostrar s\u00f3lo el tr\u00e1fico org\u00e1nico.<span class=\"whitespace-nowrap\">.<\/span><\/p><p class=\"my-0\">Google Analytics tambi\u00e9n le proporciona informaci\u00f3n detallada sobre :<\/p><ul class=\"marker:text-textOff list-disc\"><li><p class=\"my-0\">Los motores de b\u00fasqueda utilizados por sus visitantes (Google, Bing, Yahoo)<\/p><\/li><li><p class=\"my-0\">Las p\u00e1ginas de destino con mejor rendimiento a trav\u00e9s del tr\u00e1fico org\u00e1nico<\/p><\/li><li><p class=\"my-0\">Comportamiento de los usuarios en la b\u00fasqueda org\u00e1nica (tiempo de permanencia, porcentaje de rebote)<\/p><\/li><li><p class=\"my-0\">Comparaci\u00f3n entre el tr\u00e1fico org\u00e1nico y otras fuentes (directo, social, de pago)<\/p><\/li><li><p class=\"my-0\">La evoluci\u00f3n de su tr\u00e1fico org\u00e1nico a lo largo del tiempo, lo que le permite evaluar la eficacia de sus estrategias SEO<\/p><\/li><\/ul>\t\t\t\t\t\t\t\t<\/div>\n\t\t\t\t<\/div>\n\t\t\t\t\t<\/div>\n\t\t<\/div>\n\t\t\t\t\t<\/div>\n\t\t<\/section>\n\t\t\t\t<section data-exad-particle-enable=\"false\" class=\"elementor-section elementor-top-section elementor-element elementor-element-94fb6ed elementor-section-boxed elementor-section-height-default elementor-section-height-default exad-parallax-effect-no exad-background-color-change-no exad-glass-effect-no exad-sticky-section-no elementor-invisible\" data-id=\"94fb6ed\" data-element_type=\"section\" data-e-type=\"section\" data-settings=\"{&quot;animation&quot;:&quot;zoomIn&quot;}\">\n\t\t\t\t\t\t<div class=\"elementor-container elementor-column-gap-default\">\n\t\t\t\t\t<div class=\"elementor-column elementor-col-100 elementor-top-column elementor-element elementor-element-120f7b5 exad-glass-effect-no exad-sticky-section-no\" data-id=\"120f7b5\" data-element_type=\"column\" data-e-type=\"column\">\n\t\t\t<div class=\"elementor-widget-wrap elementor-element-populated\">\n\t\t\t\t\t\t<div class=\"elementor-element elementor-element-01b3690 elementor-widget-divider--view-line exad-sticky-section-no exad-glass-effect-no elementor-widget elementor-widget-divider\" data-id=\"01b3690\" data-element_type=\"widget\" data-e-type=\"widget\" data-widget_type=\"divider.default\">\n\t\t\t\t<div class=\"elementor-widget-container\">\n\t\t\t\t\t\t\t<div class=\"elementor-divider\">\n\t\t\t<span class=\"elementor-divider-separator\">\n\t\t\t\t\t\t<\/span>\n\t\t<\/div>\n\t\t\t\t\t\t<\/div>\n\t\t\t\t<\/div>\n\t\t\t\t\t<\/div>\n\t\t<\/div>\n\t\t\t\t\t<\/div>\n\t\t<\/section>\n\t\t\t\t<section data-exad-particle-enable=\"false\" class=\"elementor-section elementor-top-section elementor-element elementor-element-eb54538 elementor-section-boxed elementor-section-height-default elementor-section-height-default exad-parallax-effect-no exad-background-color-change-no exad-glass-effect-no exad-sticky-section-no\" data-id=\"eb54538\" data-element_type=\"section\" data-e-type=\"section\">\n\t\t\t\t\t\t<div class=\"elementor-container elementor-column-gap-default\">\n\t\t\t\t\t<div class=\"elementor-column elementor-col-100 elementor-top-column elementor-element elementor-element-fb6a5de exad-glass-effect-no exad-sticky-section-no\" data-id=\"fb6a5de\" data-element_type=\"column\" data-e-type=\"column\">\n\t\t\t<div class=\"elementor-widget-wrap elementor-element-populated\">\n\t\t\t\t\t\t<div class=\"elementor-element elementor-element-6dc4130 exad-sticky-section-no exad-glass-effect-no elementor-widget elementor-widget-heading\" data-id=\"6dc4130\" data-element_type=\"widget\" data-e-type=\"widget\" data-widget_type=\"heading.default\">\n\t\t\t\t<div class=\"elementor-widget-container\">\n\t\t\t\t\t<h2 class=\"elementor-heading-title elementor-size-default\">Optimizar la referenciaci\u00f3n natural<\/h2>\t\t\t\t<\/div>\n\t\t\t\t<\/div>\n\t\t\t\t<div class=\"elementor-element elementor-element-2a42dec exad-sticky-section-no exad-glass-effect-no elementor-widget elementor-widget-text-editor\" data-id=\"2a42dec\" data-element_type=\"widget\" data-e-type=\"widget\" data-widget_type=\"text-editor.default\">\n\t\t\t\t<div class=\"elementor-widget-container\">\n\t\t\t\t\t\t\t\t\t<p class=\"my-0\">La optimizaci\u00f3n para motores de b\u00fasqueda (SEO) se basa en tres pilares fundamentales que mejoran la visibilidad de un sitio web en los resultados de los motores de b\u00fasqueda<span class=\"whitespace-nowrap\">.<\/span>Estos pilares son: la optimizaci\u00f3n t\u00e9cnica del sitio (estructura, velocidad de carga, compatibilidad m\u00f3vil), la optimizaci\u00f3n de los contenidos (calidad, pertinencia, palabras clave) y la adquisici\u00f3n de enlaces externos (netlinking) que refuerzan la credibilidad del sitio.<span class=\"whitespace-nowrap\">.<\/span> Para aplicar una estrategia SEO eficaz, es aconsejable seguir una metodolog\u00eda de varias fases.<\/p><p class=\"my-0\">Para optimizar su referenciaci\u00f3n natural, he aqu\u00ed las acciones esenciales que debe emprender:<\/p><ul class=\"marker:text-textOff list-disc\"><li><p class=\"my-0\">Realizar una auditor\u00eda SEO para identificar \u00e1reas de mejora y problemas t\u00e9cnicos<\/p><\/li><li><p class=\"my-0\">Defina con precisi\u00f3n su p\u00fablico objetivo y determine un universo de palabras clave pertinentes<\/p><\/li><li><p class=\"my-0\">Optimizaci\u00f3n de la estructura del sitio y creaci\u00f3n de contenidos de alta calidad que respondan a las b\u00fasquedas de los usuarios.<\/p><\/li><li><p class=\"my-0\">Trabajar para mejorar el perfil del sitio mediante el desarrollo de una estrategia de adquisici\u00f3n de v\u00ednculos de retroceso.<\/p><\/li><li><p class=\"my-0\">Mida los resultados con regularidad para ajustar su estrategia, ya que el SEO es un proceso de mejora continua<\/p><\/li><\/ul>\t\t\t\t\t\t\t\t<\/div>\n\t\t\t\t<\/div>\n\t\t\t\t\t<\/div>\n\t\t<\/div>\n\t\t\t\t\t<\/div>\n\t\t<\/section>\n\t\t\t\t<\/div>","protected":false},"excerpt":{"rendered":"<p>Le Trafic Organique D\u00e9finition du trafic organique Le trafic organique d\u00e9signe le nombre de visiteurs qui arrivent sur un site web via les r\u00e9sultats naturels (non payants) des moteurs de recherche comme Google, Bing ou Yahoo, repr\u00e9sentant g\u00e9n\u00e9ralement pr\u00e8s de 50% du trafic total d&rsquo;un site et constituant une source de prospects qualifi\u00e9s particuli\u00e8rement rentable [&hellip;]<\/p>\n","protected":false},"author":1,"featured_media":0,"parent":33,"menu_order":0,"comment_status":"closed","ping_status":"closed","template":"elementor_header_footer","meta":{"_monsterinsights_skip_tracking":false,"_monsterinsights_sitenote_active":false,"_monsterinsights_sitenote_note":"","_monsterinsights_sitenote_category":0,"ocean_post_layout":"","ocean_both_sidebars_style":"","ocean_both_sidebars_content_width":0,"ocean_both_sidebars_sidebars_width":0,"ocean_sidebar":"0","ocean_second_sidebar":"0","ocean_disable_margins":"enable","ocean_add_body_class":"","ocean_shortcode_before_top_bar":"","ocean_shortcode_after_top_bar":"","ocean_shortcode_before_header":"","ocean_shortcode_after_header":"","ocean_has_shortcode":"","ocean_shortcode_after_title":"","ocean_shortcode_before_footer_widgets":"","ocean_shortcode_after_footer_widgets":"","ocean_shortcode_before_footer_bottom":"","ocean_shortcode_after_footer_bottom":"","ocean_display_top_bar":"default","ocean_display_header":"default","ocean_header_style":"","ocean_center_header_left_menu":"0","ocean_custom_header_template":"0","ocean_custom_logo":0,"ocean_custom_retina_logo":0,"ocean_custom_logo_max_width":0,"ocean_custom_logo_tablet_max_width":0,"ocean_custom_logo_mobile_max_width":0,"ocean_custom_logo_max_height":0,"ocean_custom_logo_tablet_max_height":0,"ocean_custom_logo_mobile_max_height":0,"ocean_header_custom_menu":"0","ocean_menu_typo_font_family":"0","ocean_menu_typo_font_subset":"","ocean_menu_typo_font_size":0,"ocean_menu_typo_font_size_tablet":0,"ocean_menu_typo_font_size_mobile":0,"ocean_menu_typo_font_size_unit":"px","ocean_menu_typo_font_weight":"","ocean_menu_typo_font_weight_tablet":"","ocean_menu_typo_font_weight_mobile":"","ocean_menu_typo_transform":"","ocean_menu_typo_transform_tablet":"","ocean_menu_typo_transform_mobile":"","ocean_menu_typo_line_height":0,"ocean_menu_typo_line_height_tablet":0,"ocean_menu_typo_line_height_mobile":0,"ocean_menu_typo_line_height_unit":"","ocean_menu_typo_spacing":0,"ocean_menu_typo_spacing_tablet":0,"ocean_menu_typo_spacing_mobile":0,"ocean_menu_typo_spacing_unit":"","ocean_menu_link_color":"","ocean_menu_link_color_hover":"","ocean_menu_link_color_active":"","ocean_menu_link_background":"","ocean_menu_link_hover_background":"","ocean_menu_link_active_background":"","ocean_menu_social_links_bg":"","ocean_menu_social_hover_links_bg":"","ocean_menu_social_links_color":"","ocean_menu_social_hover_links_color":"","ocean_disable_title":"on","ocean_disable_heading":"default","ocean_post_title":"","ocean_post_subheading":"","ocean_post_title_style":"","ocean_post_title_background_color":"","ocean_post_title_background":0,"ocean_post_title_bg_image_position":"","ocean_post_title_bg_image_attachment":"","ocean_post_title_bg_image_repeat":"","ocean_post_title_bg_image_size":"","ocean_post_title_height":0,"ocean_post_title_bg_overlay":0.5,"ocean_post_title_bg_overlay_color":"","ocean_disable_breadcrumbs":"default","ocean_breadcrumbs_color":"","ocean_breadcrumbs_separator_color":"","ocean_breadcrumbs_links_color":"","ocean_breadcrumbs_links_hover_color":"","ocean_display_footer_widgets":"default","ocean_display_footer_bottom":"default","ocean_custom_footer_template":"0","footnotes":""},"class_list":["post-8899","page","type-page","status-publish","hentry","entry","owp-thumbs-layout-horizontal","owp-btn-normal","owp-tabs-layout-horizontal","has-no-thumbnails","has-product-nav"],"_links":{"self":[{"href":"https:\/\/crackerstech.com\/es\/wp-json\/wp\/v2\/pages\/8899","targetHints":{"allow":["GET"]}}],"collection":[{"href":"https:\/\/crackerstech.com\/es\/wp-json\/wp\/v2\/pages"}],"about":[{"href":"https:\/\/crackerstech.com\/es\/wp-json\/wp\/v2\/types\/page"}],"author":[{"embeddable":true,"href":"https:\/\/crackerstech.com\/es\/wp-json\/wp\/v2\/users\/1"}],"replies":[{"embeddable":true,"href":"https:\/\/crackerstech.com\/es\/wp-json\/wp\/v2\/comments?post=8899"}],"version-history":[{"count":0,"href":"https:\/\/crackerstech.com\/es\/wp-json\/wp\/v2\/pages\/8899\/revisions"}],"up":[{"embeddable":true,"href":"https:\/\/crackerstech.com\/es\/wp-json\/wp\/v2\/pages\/33"}],"wp:attachment":[{"href":"https:\/\/crackerstech.com\/es\/wp-json\/wp\/v2\/media?parent=8899"}],"curies":[{"name":"wp","href":"https:\/\/api.w.org\/{rel}","templated":true}]}}