{"id":7060,"date":"2024-02-24T03:25:00","date_gmt":"2024-02-24T02:25:00","guid":{"rendered":"https:\/\/crackerstech.com\/?post_type=product&#038;p=7060"},"modified":"2025-05-14T09:24:01","modified_gmt":"2025-05-14T07:24:01","slug":"web-corporativa","status":"publish","type":"product","link":"https:\/\/crackerstech.com\/es\/produit\/site-internet-corporate\/","title":{"rendered":"Sitio web corporativo"},"content":{"rendered":"<h2><strong>Dise\u00f1o de un sitio web corporativo<\/strong><\/h2>\n<p style=\"text-align: justify;\">El sitio web corporativo es una soluci\u00f3n web completa y avanzada dise\u00f1ada para empresas que buscan establecer una presencia en l\u00ednea s\u00f3lida y din\u00e1mica. Este producto va m\u00e1s all\u00e1 de un simple sitio de escaparate, ya que ofrece amplias funciones personalizadas, como un formulario de contacto avanzado, integraci\u00f3n de rese\u00f1as de clientes de Google MyBusiness y otras plataformas, descripciones detalladas de los servicios y sofisticados gr\u00e1ficos con herramientas de generaci\u00f3n de informes para analizar en profundidad el rendimiento de su sitio.<\/p>\n<p><strong>Caracter\u00edsticas :<\/strong><\/p>\n<ul>\n<li><strong>Dise\u00f1o avanzado :<\/strong> Dise\u00f1o gr\u00e1fico a medida para reflejar la identidad y profesionalidad de su empresa.<\/li>\n<li><strong>Formularios de contacto avanzados :<\/strong> Recopile informaci\u00f3n valiosa de sus visitantes con formularios personalizables e integrados.<\/li>\n<li><strong>Integraci\u00f3n de las notificaciones :<\/strong> Muestra los comentarios de los clientes directamente en tu sitio integrando las opiniones de Google MyBusiness y otras plataformas.<\/li>\n<li><strong>Descripciones detalladas de los servicios :<\/strong> Presente sus ofertas con p\u00e1ginas de servicios en profundidad, enriquecidas con contenidos multimedia.<\/li>\n<li><strong>Herramientas de informaci\u00f3n :<\/strong> Controle el rendimiento de su sitio con herramientas anal\u00edticas integradas para una mejora continua.<\/li>\n<\/ul>\n<p><strong><br \/>\nVentajas :<\/strong><\/p>\n<ul>\n<li><strong>Profesionalidad :<\/strong> Muestre lo mejor de su empresa con un sitio web profesional y funcional.<\/li>\n<li><strong>Compromiso del cliente :<\/strong> Mejore el compromiso y la fidelidad de los clientes con formularios interactivos y secciones de opini\u00f3n.<\/li>\n<li><strong>Mayor visibilidad :<\/strong> Refuerce su presencia en Internet y atraiga a m\u00e1s clientes con un sitio optimizado para SEO.<\/li>\n<li><strong>An\u00e1lisis del rendimiento :<\/strong> Mida la eficacia de su sitio y ajuste su estrategia con herramientas de elaboraci\u00f3n de informes.<\/li>\n<\/ul>\n<p><strong><br \/>\nAlojamiento :<\/strong><\/p>\n<p style=\"text-align: justify;\">Cuando encarga cualquier tipo de sitio web a Cracker's Tech, nos aseguramos de que <a href=\"https:\/\/crackerstech.com\/es\/nuestros-servicios\/alojamiento-en-nube\/\">alojamiento<\/a> est\u00e1 incluido. Su sitio se alojar\u00e1 en nuestras infraestructuras, famosas por su fiabilidad, rapidez y seguridad. Esta integraci\u00f3n garantiza que su proyecto se construya sobre una base s\u00f3lida y de alto rendimiento desde el primer d\u00eda.<\/p>\n<p><strong>Dise\u00f1o en tiempo real : <\/strong><\/p>\n<p style=\"text-align: justify;\">Durante la fase de dise\u00f1o, le proporcionamos un enlace \u00fanico, no indexado, a la maqueta de su sitio. Esto le permite seguir el desarrollo de su proyecto en tiempo real y participar activamente en el proceso creativo. Este enfoque interactivo garantiza que sus comentarios e ideas se integren a la perfecci\u00f3n durante todo el proceso de desarrollo, lo que permite una estrecha colaboraci\u00f3n y una satisfacci\u00f3n \u00f3ptima con el resultado final.<\/p>\n<p><strong><br \/>\nDestinatarios :<\/strong> Empresas medianas y grandes, corporaciones y profesionales que buscan una soluci\u00f3n web integral para reforzar su marca y sus comunicaciones en l\u00ednea.<\/p>\n<p><strong><br \/>\nPrecio :<\/strong> Los precios var\u00edan en funci\u00f3n de las caracter\u00edsticas y la personalizaci\u00f3n necesarias. Visite <a href=\"https:\/\/crackerstech.com\/es\/contacto\/\">Contacto<\/a> para obtener un presupuesto personalizado.<\/p>\n<p><strong><br \/>\nCondiciones de pago:<\/strong> El pago del dise\u00f1o de una p\u00e1gina web corporativa puede fraccionarse en 12 mensualidades de 150 EUR.<\/p>\n<p><strong><br \/>\nPlazo de entrega :<\/strong> El proyecto t\u00edpico dura entre 8 y 12 semanas, dependiendo de la complejidad y las especificaciones facilitadas.<\/p>\n<p><strong><br \/>\nOpciones adicionales :<\/strong><\/p>\n<ul>\n<li>Blog integrado para art\u00edculos y noticias<\/li>\n<li>Multiling\u00fcismo para llegar a un p\u00fablico internacional<\/li>\n<li>Integraci\u00f3n de tiendas en l\u00ednea y soluciones de comercio electr\u00f3nico<\/li>\n<li>Funciones de reserva y concertaci\u00f3n de citas en l\u00ednea<\/li>\n<li>Asistencia t\u00e9cnica y mantenimiento continuos<\/li>\n<\/ul>\n<p><strong><br \/>\nContacto:<\/strong> Transforme su presencia en l\u00ednea y comience su proyecto de sitio web corporativo, <a href=\"https:\/\/crackerstech.com\/es\/contacto\/\">Contacto<\/a>.<br \/>\nBenef\u00edciese de una soluci\u00f3n digital que crece con su empresa.<\/p>","protected":false},"excerpt":{"rendered":"<p style=\"text-align: justify;\">D\u00e9 a su empresa el escaparate en l\u00ednea que se merece con nuestro servicio de creaci\u00f3n de sitios web corporativos. Dise\u00f1ado para empresas exigentes, este sitio avanzado incluye formularios de contacto personalizados, integraci\u00f3n de opiniones de clientes, descripciones detalladas de servicios y gr\u00e1ficos sofisticados. Aproveche las herramientas de generaci\u00f3n de informes para obtener una visi\u00f3n general de su rendimiento en l\u00ednea. Eleve su presencia digital y atraiga a su p\u00fablico como nunca antes.<\/p>","protected":false},"featured_media":1299,"comment_status":"open","ping_status":"closed","template":"","meta":{"_monsterinsights_skip_tracking":false,"_monsterinsights_sitenote_active":false,"_monsterinsights_sitenote_note":"","_monsterinsights_sitenote_category":0,"ocean_post_layout":"","ocean_both_sidebars_style":"","ocean_both_sidebars_content_width":0,"ocean_both_sidebars_sidebars_width":0,"ocean_sidebar":"0","ocean_second_sidebar":"0","ocean_disable_margins":"enable","ocean_add_body_class":"","ocean_shortcode_before_top_bar":"","ocean_shortcode_after_top_bar":"","ocean_shortcode_before_header":"","ocean_shortcode_after_header":"","ocean_has_shortcode":"","ocean_shortcode_after_title":"","ocean_shortcode_before_footer_widgets":"","ocean_shortcode_after_footer_widgets":"","ocean_shortcode_before_footer_bottom":"","ocean_shortcode_after_footer_bottom":"","ocean_display_top_bar":"default","ocean_display_header":"default","ocean_header_style":"","ocean_center_header_left_menu":"0","ocean_custom_header_template":"0","ocean_custom_logo":0,"ocean_custom_retina_logo":0,"ocean_custom_logo_max_width":0,"ocean_custom_logo_tablet_max_width":0,"ocean_custom_logo_mobile_max_width":0,"ocean_custom_logo_max_height":0,"ocean_custom_logo_tablet_max_height":0,"ocean_custom_logo_mobile_max_height":0,"ocean_header_custom_menu":"0","ocean_menu_typo_font_family":"0","ocean_menu_typo_font_subset":"","ocean_menu_typo_font_size":0,"ocean_menu_typo_font_size_tablet":0,"ocean_menu_typo_font_size_mobile":0,"ocean_menu_typo_font_size_unit":"px","ocean_menu_typo_font_weight":"","ocean_menu_typo_font_weight_tablet":"","ocean_menu_typo_font_weight_mobile":"","ocean_menu_typo_transform":"","ocean_menu_typo_transform_tablet":"","ocean_menu_typo_transform_mobile":"","ocean_menu_typo_line_height":0,"ocean_menu_typo_line_height_tablet":0,"ocean_menu_typo_line_height_mobile":0,"ocean_menu_typo_line_height_unit":"","ocean_menu_typo_spacing":0,"ocean_menu_typo_spacing_tablet":0,"ocean_menu_typo_spacing_mobile":0,"ocean_menu_typo_spacing_unit":"","ocean_menu_link_color":"","ocean_menu_link_color_hover":"","ocean_menu_link_color_active":"","ocean_menu_link_background":"","ocean_menu_link_hover_background":"","ocean_menu_link_active_background":"","ocean_menu_social_links_bg":"","ocean_menu_social_hover_links_bg":"","ocean_menu_social_links_color":"","ocean_menu_social_hover_links_color":"","ocean_disable_title":"default","ocean_disable_heading":"default","ocean_post_title":"","ocean_post_subheading":"","ocean_post_title_style":"","ocean_post_title_background_color":"","ocean_post_title_background":0,"ocean_post_title_bg_image_position":"","ocean_post_title_bg_image_attachment":"","ocean_post_title_bg_image_repeat":"","ocean_post_title_bg_image_size":"","ocean_post_title_height":0,"ocean_post_title_bg_overlay":0.5,"ocean_post_title_bg_overlay_color":"","ocean_disable_breadcrumbs":"default","ocean_breadcrumbs_color":"","ocean_breadcrumbs_separator_color":"","ocean_breadcrumbs_links_color":"","ocean_breadcrumbs_links_hover_color":"","ocean_display_footer_widgets":"default","ocean_display_footer_bottom":"default","ocean_custom_footer_template":"0"},"product_brand":[],"product_cat":[160],"product_tag":[163,161],"class_list":{"0":"post-7060","1":"product","2":"type-product","3":"status-publish","4":"has-post-thumbnail","6":"product_cat-site-internet","7":"product_tag-site-corporate","8":"product_tag-site-internet","10":"entry","11":"has-media","12":"wcpa_has_options","14":"first","15":"instock","16":"virtual","17":"sold-individually","18":"purchasable","19":"product-type-simple","20":"has-rating","21":"has-product-nav","22":"col","23":"span_1_of_3","24":"owp-content-center","25":"owp-thumbs-layout-horizontal","26":"owp-btn-normal","27":"owp-tabs-layout-horizontal","28":"has-no-thumbnails"},"_links":{"self":[{"href":"https:\/\/crackerstech.com\/es\/wp-json\/wp\/v2\/product\/7060","targetHints":{"allow":["GET"]}}],"collection":[{"href":"https:\/\/crackerstech.com\/es\/wp-json\/wp\/v2\/product"}],"about":[{"href":"https:\/\/crackerstech.com\/es\/wp-json\/wp\/v2\/types\/product"}],"replies":[{"embeddable":true,"href":"https:\/\/crackerstech.com\/es\/wp-json\/wp\/v2\/comments?post=7060"}],"wp:featuredmedia":[{"embeddable":true,"href":"https:\/\/crackerstech.com\/es\/wp-json\/wp\/v2\/media\/1299"}],"wp:attachment":[{"href":"https:\/\/crackerstech.com\/es\/wp-json\/wp\/v2\/media?parent=7060"}],"wp:term":[{"taxonomy":"product_brand","embeddable":true,"href":"https:\/\/crackerstech.com\/es\/wp-json\/wp\/v2\/product_brand?post=7060"},{"taxonomy":"product_cat","embeddable":true,"href":"https:\/\/crackerstech.com\/es\/wp-json\/wp\/v2\/product_cat?post=7060"},{"taxonomy":"product_tag","embeddable":true,"href":"https:\/\/crackerstech.com\/es\/wp-json\/wp\/v2\/product_tag?post=7060"}],"curies":[{"name":"wp","href":"https:\/\/api.w.org\/{rel}","templated":true}]}}