{"id":7136,"date":"2024-02-24T16:34:19","date_gmt":"2024-02-24T15:34:19","guid":{"rendered":"https:\/\/crackerstech.com\/?post_type=product&#038;p=7136"},"modified":"2025-05-14T09:23:58","modified_gmt":"2025-05-14T07:23:58","slug":"sitio-web-de-la-cartera","status":"publish","type":"product","link":"https:\/\/crackerstech.com\/es\/produit\/site-internet-portfolio\/","title":{"rendered":"Sitio web de la cartera"},"content":{"rendered":"<h2>Creaci\u00f3n de un sitio web \"Portfolio<\/h2>\n<p>El sitio web Portfolio es una plataforma elegante y funcional dise\u00f1ada espec\u00edficamente para creativos, artistas, modelos y profesionales que desean mostrar su trabajo y sus proyectos en l\u00ednea. Ideal para presentar un portafolio de moda, un CV mejorado o un banco de im\u00e1genes, nuestro servicio de creaci\u00f3n de portafolios digitales muestra su talento a trav\u00e9s de un dise\u00f1o visualmente cautivador y una navegaci\u00f3n intuitiva. Gracias a sus amplias capacidades de almacenamiento, el sitio puede integrar y mostrar diversos formatos multimedia, garantizando una presentaci\u00f3n rica y completa de su trabajo.<\/p>\n<p><strong><br \/>\nCaracter\u00edsticas :<\/strong><\/p>\n<ul>\n<li><strong>Dise\u00f1o personalizado :<\/strong> Dise\u00f1o visual a medida que pone de relieve su identidad art\u00edstica y su trabajo.<\/li>\n<li><strong>Capacidades de almacenamiento ampliadas :<\/strong> Aloje una gran variedad de contenidos multimedia, como fotos, v\u00eddeos y archivos de audio.<\/li>\n<li><strong>Galer\u00eda de im\u00e1genes y v\u00eddeos :<\/strong> Muestre su trabajo en elegantes galer\u00edas de f\u00e1cil navegaci\u00f3n.<\/li>\n<li><strong>Integraci\u00f3n de CV y Bio :<\/strong> Comparta su trayectoria profesional, sus competencias y su experiencia en secciones espec\u00edficas.<\/li>\n<li><strong>Dise\u00f1o adaptable :<\/strong> Su cartera ser\u00e1 accesible y estar\u00e1 optimizada para todos los dispositivos, ya sea ordenador, tableta o smartphone.<\/li>\n<\/ul>\n<p><strong><br \/>\nVentajas :<\/strong><\/p>\n<ul>\n<li><strong>Profesionalidad y creatividad:<\/strong> Ofrezca a su obra art\u00edstica o creativa un escaparate profesional.<\/li>\n<li><strong>Mayor visibilidad :<\/strong> Aumente su presencia en Internet y llegue a un p\u00fablico m\u00e1s amplio.<\/li>\n<li><strong>F\u00e1cil de compartir :<\/strong> Comparta f\u00e1cilmente su portafolio con clientes potenciales, reclutadores o fans.<\/li>\n<li><strong>Control total :<\/strong> Gestione y actualice f\u00e1cilmente sus contenidos para reflejar sus \u00faltimos trabajos y proyectos.<\/li>\n<\/ul>\n<p><strong><br \/>\nDestinatarios :<\/strong> Creativos, artistas, fot\u00f3grafos, modelos, dise\u00f1adores y cualquier profesional que necesite un espacio dedicado para mostrar su portafolio en l\u00ednea.<\/p>\n<p><strong><br \/>\nPrecio :<\/strong> El coste puede variar en funci\u00f3n de sus necesidades espec\u00edficas y del nivel de personalizaci\u00f3n. P\u00f3ngase en contacto con nosotros para obtener un presupuesto a medida.<\/p>\n<p><strong><br \/>\nPlazo de entrega :<\/strong> La creaci\u00f3n de un sitio completo de portafolio puede llevar entre 4 y 6 semanas, dependiendo de la cantidad de contenido y de las funcionalidades espec\u00edficas requeridas.<\/p>\n<p><strong><br \/>\nOpciones adicionales :<\/strong><\/p>\n<ul>\n<li>SEO para mejorar la visibilidad en los motores de b\u00fasqueda.<\/li>\n<li>Blog integrado para compartir noticias, art\u00edculos y casos pr\u00e1cticos.<\/li>\n<li>Formulario de contacto personalizado para facilitar el contacto de sus visitantes.<\/li>\n<li>Integraci\u00f3n en redes sociales para vincular su sitio a sus perfiles en distintas plataformas.<\/li>\n<\/ul>\n<p><strong><br \/>\nContacto:<\/strong> Lance hoy mismo su proyecto de sitio web de cartera y empiece a compartir su mundo creativo con el mundo. <a href=\"https:\/\/crackerstech.com\/es\/contacto\/\">P\u00f3ngase en contacto con nosotros<\/a> para empezar.<\/p>","protected":false},"excerpt":{"rendered":"<p>Muestre su trabajo creativo con nuestro servicio de creaci\u00f3n de sitios web de portafolio, dise\u00f1ado especialmente para artistas, fot\u00f3grafos y profesionales creativos. Benef\u00edciese de un dise\u00f1o personalizado, una gran capacidad de almacenamiento para sus archivos multimedia y una interfaz intuitiva para presentar su trabajo y sus proyectos en l\u00ednea de forma eficaz. Aumente su visibilidad y comparta su talento con un portafolio elegante y profesional.<\/p>","protected":false},"featured_media":1303,"comment_status":"open","ping_status":"closed","template":"","meta":{"_monsterinsights_skip_tracking":false,"_monsterinsights_sitenote_active":false,"_monsterinsights_sitenote_note":"","_monsterinsights_sitenote_category":0,"ocean_post_layout":"","ocean_both_sidebars_style":"","ocean_both_sidebars_content_width":0,"ocean_both_sidebars_sidebars_width":0,"ocean_sidebar":"0","ocean_second_sidebar":"0","ocean_disable_margins":"enable","ocean_add_body_class":"","ocean_shortcode_before_top_bar":"","ocean_shortcode_after_top_bar":"","ocean_shortcode_before_header":"","ocean_shortcode_after_header":"","ocean_has_shortcode":"","ocean_shortcode_after_title":"","ocean_shortcode_before_footer_widgets":"","ocean_shortcode_after_footer_widgets":"","ocean_shortcode_before_footer_bottom":"","ocean_shortcode_after_footer_bottom":"","ocean_display_top_bar":"default","ocean_display_header":"default","ocean_header_style":"","ocean_center_header_left_menu":"0","ocean_custom_header_template":"0","ocean_custom_logo":0,"ocean_custom_retina_logo":0,"ocean_custom_logo_max_width":0,"ocean_custom_logo_tablet_max_width":0,"ocean_custom_logo_mobile_max_width":0,"ocean_custom_logo_max_height":0,"ocean_custom_logo_tablet_max_height":0,"ocean_custom_logo_mobile_max_height":0,"ocean_header_custom_menu":"0","ocean_menu_typo_font_family":"0","ocean_menu_typo_font_subset":"","ocean_menu_typo_font_size":0,"ocean_menu_typo_font_size_tablet":0,"ocean_menu_typo_font_size_mobile":0,"ocean_menu_typo_font_size_unit":"px","ocean_menu_typo_font_weight":"","ocean_menu_typo_font_weight_tablet":"","ocean_menu_typo_font_weight_mobile":"","ocean_menu_typo_transform":"","ocean_menu_typo_transform_tablet":"","ocean_menu_typo_transform_mobile":"","ocean_menu_typo_line_height":0,"ocean_menu_typo_line_height_tablet":0,"ocean_menu_typo_line_height_mobile":0,"ocean_menu_typo_line_height_unit":"","ocean_menu_typo_spacing":0,"ocean_menu_typo_spacing_tablet":0,"ocean_menu_typo_spacing_mobile":0,"ocean_menu_typo_spacing_unit":"","ocean_menu_link_color":"","ocean_menu_link_color_hover":"","ocean_menu_link_color_active":"","ocean_menu_link_background":"","ocean_menu_link_hover_background":"","ocean_menu_link_active_background":"","ocean_menu_social_links_bg":"","ocean_menu_social_hover_links_bg":"","ocean_menu_social_links_color":"","ocean_menu_social_hover_links_color":"","ocean_disable_title":"default","ocean_disable_heading":"default","ocean_post_title":"","ocean_post_subheading":"","ocean_post_title_style":"","ocean_post_title_background_color":"","ocean_post_title_background":0,"ocean_post_title_bg_image_position":"","ocean_post_title_bg_image_attachment":"","ocean_post_title_bg_image_repeat":"","ocean_post_title_bg_image_size":"","ocean_post_title_height":0,"ocean_post_title_bg_overlay":0.5,"ocean_post_title_bg_overlay_color":"","ocean_disable_breadcrumbs":"default","ocean_breadcrumbs_color":"","ocean_breadcrumbs_separator_color":"","ocean_breadcrumbs_links_color":"","ocean_breadcrumbs_links_hover_color":"","ocean_display_footer_widgets":"default","ocean_display_footer_bottom":"default","ocean_custom_footer_template":"0"},"product_brand":[],"product_cat":[160],"product_tag":[161,164],"class_list":{"0":"post-7136","1":"product","2":"type-product","3":"status-publish","4":"has-post-thumbnail","6":"product_cat-site-internet","7":"product_tag-site-internet","8":"product_tag-site-portfolio","10":"entry","11":"has-media","12":"wcpa_has_options","14":"first","15":"instock","16":"virtual","17":"sold-individually","18":"purchasable","19":"product-type-simple","20":"has-product-nav","21":"col","22":"span_1_of_3","23":"owp-content-center","24":"owp-thumbs-layout-horizontal","25":"owp-btn-normal","26":"owp-tabs-layout-horizontal","27":"has-no-thumbnails"},"_links":{"self":[{"href":"https:\/\/crackerstech.com\/es\/wp-json\/wp\/v2\/product\/7136","targetHints":{"allow":["GET"]}}],"collection":[{"href":"https:\/\/crackerstech.com\/es\/wp-json\/wp\/v2\/product"}],"about":[{"href":"https:\/\/crackerstech.com\/es\/wp-json\/wp\/v2\/types\/product"}],"replies":[{"embeddable":true,"href":"https:\/\/crackerstech.com\/es\/wp-json\/wp\/v2\/comments?post=7136"}],"wp:featuredmedia":[{"embeddable":true,"href":"https:\/\/crackerstech.com\/es\/wp-json\/wp\/v2\/media\/1303"}],"wp:attachment":[{"href":"https:\/\/crackerstech.com\/es\/wp-json\/wp\/v2\/media?parent=7136"}],"wp:term":[{"taxonomy":"product_brand","embeddable":true,"href":"https:\/\/crackerstech.com\/es\/wp-json\/wp\/v2\/product_brand?post=7136"},{"taxonomy":"product_cat","embeddable":true,"href":"https:\/\/crackerstech.com\/es\/wp-json\/wp\/v2\/product_cat?post=7136"},{"taxonomy":"product_tag","embeddable":true,"href":"https:\/\/crackerstech.com\/es\/wp-json\/wp\/v2\/product_tag?post=7136"}],"curies":[{"name":"wp","href":"https:\/\/api.w.org\/{rel}","templated":true}]}}