{"id":7138,"date":"2024-02-24T16:39:56","date_gmt":"2024-02-24T15:39:56","guid":{"rendered":"https:\/\/crackerstech.com\/?post_type=product&#038;p=7138"},"modified":"2025-05-14T09:23:38","modified_gmt":"2025-05-14T07:23:38","slug":"sitio-web-de-comercio-electronico","status":"publish","type":"product","link":"https:\/\/crackerstech.com\/es\/produit\/site-internet-e-commerce\/","title":{"rendered":"Sitio web de comercio electr\u00f3nico"},"content":{"rendered":"<h2>Creaci\u00f3n de un sitio web de comercio electr\u00f3nico<\/h2>\n<p>Nuestro servicio de creaci\u00f3n de sitios web de comercio electr\u00f3nico ofrece una soluci\u00f3n completa para transformar su negocio en una potente plataforma de ventas en l\u00ednea. Dise\u00f1ado para reflejar su identidad de marca y llegar a su p\u00fablico objetivo, nuestro sitio de comercio electr\u00f3nico integra su cat\u00e1logo de productos, descripciones detalladas y una estructura de precios clara. Los clientes pueden navegar f\u00e1cilmente, seleccionar productos y realizar pagos de forma segura, lo que facilita la compra en l\u00ednea desde casa. Adecuado tanto para la venta Click-and-Collect como para la venta tradicional en l\u00ednea, nuestro servicio integra funcionalidades de contabilidad y gesti\u00f3n de existencias, optimizando la gesti\u00f3n de las ventas y la satisfacci\u00f3n del cliente.<\/p>\n<p><strong>Caracter\u00edsticas :<\/strong><\/p>\n<ul>\n<li><strong>Dise\u00f1o personalizado :<\/strong> Adaptaci\u00f3n a los colores y la imagen de su marca para una experiencia de usuario coherente.<\/li>\n<li><strong>Cat\u00e1logo de productos :<\/strong> Presentaci\u00f3n clara de sus productos con im\u00e1genes, descripciones y precios.<\/li>\n<li><strong>Pago seguro :<\/strong> Integraci\u00f3n de soluciones de pago fiables para transacciones en l\u00ednea seguras.<\/li>\n<li><strong>Gesti\u00f3n de existencias :<\/strong> Herramientas integradas para supervisar sus inventarios en tiempo real y gestionar sus existencias de forma eficaz.<\/li>\n<li><strong>Funciones de comercio electr\u00f3nico :<\/strong> Soporte para Click-and-Collect, promociones, c\u00f3digos de descuento y m\u00e1s.<\/li>\n<\/ul>\n<p><strong><br \/>\nVentajas :<\/strong><\/p>\n<ul>\n<li><strong>Aumento de las ventas :<\/strong> Acceda a un mercado m\u00e1s amplio y venda sus productos 24 horas al d\u00eda, 7 d\u00edas a la semana.<\/li>\n<li><strong>Gesti\u00f3n optimizada :<\/strong> Simplifique la gesti\u00f3n de su empresa con herramientas integradas de contabilidad y gesti\u00f3n de existencias.<\/li>\n<li><strong>Mejora de la experiencia del cliente :<\/strong> Ofrezca a sus clientes una experiencia de compra fluida y segura.<\/li>\n<li><strong>An\u00e1lisis e informes :<\/strong> Realice un seguimiento del rendimiento de las ventas y del comportamiento de los clientes para optimizar su estrategia.<\/li>\n<\/ul>\n<p>&nbsp;<\/p>\n<p><strong>Destinatarios :<\/strong> Cualquier negocio o empresa que desee vender productos o servicios en l\u00ednea, desde peque\u00f1os empresarios a grandes corporaciones.<\/p>\n<p><strong><br \/>\nPrecio :<\/strong> El coste var\u00eda seg\u00fan la complejidad del sitio y la funcionalidad requerida. P\u00f3ngase en contacto con nosotros para obtener un presupuesto personalizado.<\/p>\n<p><strong><br \/>\nPlazo de entrega :<\/strong> Desarrollo completo en 6 a 12 semanas, dependiendo de la naturaleza espec\u00edfica del proyecto.<\/p>\n<p><strong><br \/>\nOpciones adicionales :<\/strong><\/p>\n<ul>\n<li>Blog integrado para el marketing de contenidos.<\/li>\n<li>SEO para mejorar la visibilidad y atraer a m\u00e1s clientes.<\/li>\n<li>Integraci\u00f3n de las redes sociales para reforzar el compromiso de los clientes.<\/li>\n<li>Soluciones de marketing por correo electr\u00f3nico para promociones y boletines informativos.<\/li>\n<\/ul>\n<p><strong><br \/>\nContacto:<\/strong> Aumente sus ventas en l\u00ednea y desarrolle su negocio con un sitio web de comercio electr\u00f3nico personalizado. <a href=\"https:\/\/crackerstech.com\/es\/contacto\/\">P\u00f3ngase en contacto con nosotros<\/a> para empezar.<\/p>","protected":false},"excerpt":{"rendered":"<p>Ponga en marcha su tienda en l\u00ednea con nuestra soluci\u00f3n personalizada de sitio web de comercio electr\u00f3nico. Benef\u00edciese de un dise\u00f1o personalizado, un cat\u00e1logo de productos integrado, pagos seguros y una gesti\u00f3n eficaz de las existencias. Aumente sus ventas y optimice la gesti\u00f3n de su negocio en l\u00ednea ofreciendo a sus clientes una experiencia de compra fluida y segura, disponible 24 horas al d\u00eda, 7 d\u00edas a la semana. Nuestra plataforma de comercio electr\u00f3nico, perfecta para la venta directa y la recogida en tienda, est\u00e1 dise\u00f1ada para adaptarse a todo tipo de negocios.<\/p>","protected":false},"featured_media":1313,"comment_status":"open","ping_status":"closed","template":"","meta":{"_monsterinsights_skip_tracking":false,"_monsterinsights_sitenote_active":false,"_monsterinsights_sitenote_note":"","_monsterinsights_sitenote_category":0,"ocean_post_layout":"","ocean_both_sidebars_style":"","ocean_both_sidebars_content_width":0,"ocean_both_sidebars_sidebars_width":0,"ocean_sidebar":"0","ocean_second_sidebar":"0","ocean_disable_margins":"enable","ocean_add_body_class":"","ocean_shortcode_before_top_bar":"","ocean_shortcode_after_top_bar":"","ocean_shortcode_before_header":"","ocean_shortcode_after_header":"","ocean_has_shortcode":"","ocean_shortcode_after_title":"","ocean_shortcode_before_footer_widgets":"","ocean_shortcode_after_footer_widgets":"","ocean_shortcode_before_footer_bottom":"","ocean_shortcode_after_footer_bottom":"","ocean_display_top_bar":"default","ocean_display_header":"default","ocean_header_style":"","ocean_center_header_left_menu":"0","ocean_custom_header_template":"0","ocean_custom_logo":0,"ocean_custom_retina_logo":0,"ocean_custom_logo_max_width":0,"ocean_custom_logo_tablet_max_width":0,"ocean_custom_logo_mobile_max_width":0,"ocean_custom_logo_max_height":0,"ocean_custom_logo_tablet_max_height":0,"ocean_custom_logo_mobile_max_height":0,"ocean_header_custom_menu":"0","ocean_menu_typo_font_family":"0","ocean_menu_typo_font_subset":"","ocean_menu_typo_font_size":0,"ocean_menu_typo_font_size_tablet":0,"ocean_menu_typo_font_size_mobile":0,"ocean_menu_typo_font_size_unit":"px","ocean_menu_typo_font_weight":"","ocean_menu_typo_font_weight_tablet":"","ocean_menu_typo_font_weight_mobile":"","ocean_menu_typo_transform":"","ocean_menu_typo_transform_tablet":"","ocean_menu_typo_transform_mobile":"","ocean_menu_typo_line_height":0,"ocean_menu_typo_line_height_tablet":0,"ocean_menu_typo_line_height_mobile":0,"ocean_menu_typo_line_height_unit":"","ocean_menu_typo_spacing":0,"ocean_menu_typo_spacing_tablet":0,"ocean_menu_typo_spacing_mobile":0,"ocean_menu_typo_spacing_unit":"","ocean_menu_link_color":"","ocean_menu_link_color_hover":"","ocean_menu_link_color_active":"","ocean_menu_link_background":"","ocean_menu_link_hover_background":"","ocean_menu_link_active_background":"","ocean_menu_social_links_bg":"","ocean_menu_social_hover_links_bg":"","ocean_menu_social_links_color":"","ocean_menu_social_hover_links_color":"","ocean_disable_title":"default","ocean_disable_heading":"default","ocean_post_title":"","ocean_post_subheading":"","ocean_post_title_style":"","ocean_post_title_background_color":"","ocean_post_title_background":0,"ocean_post_title_bg_image_position":"","ocean_post_title_bg_image_attachment":"","ocean_post_title_bg_image_repeat":"","ocean_post_title_bg_image_size":"","ocean_post_title_height":0,"ocean_post_title_bg_overlay":0.5,"ocean_post_title_bg_overlay_color":"","ocean_disable_breadcrumbs":"default","ocean_breadcrumbs_color":"","ocean_breadcrumbs_separator_color":"","ocean_breadcrumbs_links_color":"","ocean_breadcrumbs_links_hover_color":"","ocean_display_footer_widgets":"default","ocean_display_footer_bottom":"default","ocean_custom_footer_template":"0"},"product_brand":[],"product_cat":[160],"product_tag":[165,161],"class_list":{"0":"post-7138","1":"product","2":"type-product","3":"status-publish","4":"has-post-thumbnail","6":"product_cat-site-internet","7":"product_tag-site-e-commerce","8":"product_tag-site-internet","10":"entry","11":"has-media","12":"wcpa_has_options","14":"first","15":"instock","16":"virtual","17":"sold-individually","18":"purchasable","19":"product-type-simple","20":"has-product-nav","21":"col","22":"span_1_of_3","23":"owp-content-center","24":"owp-thumbs-layout-horizontal","25":"owp-btn-normal","26":"owp-tabs-layout-horizontal","27":"has-no-thumbnails"},"_links":{"self":[{"href":"https:\/\/crackerstech.com\/es\/wp-json\/wp\/v2\/product\/7138","targetHints":{"allow":["GET"]}}],"collection":[{"href":"https:\/\/crackerstech.com\/es\/wp-json\/wp\/v2\/product"}],"about":[{"href":"https:\/\/crackerstech.com\/es\/wp-json\/wp\/v2\/types\/product"}],"replies":[{"embeddable":true,"href":"https:\/\/crackerstech.com\/es\/wp-json\/wp\/v2\/comments?post=7138"}],"wp:featuredmedia":[{"embeddable":true,"href":"https:\/\/crackerstech.com\/es\/wp-json\/wp\/v2\/media\/1313"}],"wp:attachment":[{"href":"https:\/\/crackerstech.com\/es\/wp-json\/wp\/v2\/media?parent=7138"}],"wp:term":[{"taxonomy":"product_brand","embeddable":true,"href":"https:\/\/crackerstech.com\/es\/wp-json\/wp\/v2\/product_brand?post=7138"},{"taxonomy":"product_cat","embeddable":true,"href":"https:\/\/crackerstech.com\/es\/wp-json\/wp\/v2\/product_cat?post=7138"},{"taxonomy":"product_tag","embeddable":true,"href":"https:\/\/crackerstech.com\/es\/wp-json\/wp\/v2\/product_tag?post=7138"}],"curies":[{"name":"wp","href":"https:\/\/api.w.org\/{rel}","templated":true}]}}