{"id":7140,"date":"2024-02-24T16:45:40","date_gmt":"2024-02-24T15:45:40","guid":{"rendered":"https:\/\/crackerstech.com\/?post_type=product&#038;p=7140"},"modified":"2025-05-14T09:23:51","modified_gmt":"2025-05-14T07:23:51","slug":"blog-del-sitio-web","status":"publish","type":"product","link":"https:\/\/crackerstech.com\/es\/produit\/site-internet-blog\/","title":{"rendered":"Blog del sitio web"},"content":{"rendered":"<h2>Creaci\u00f3n de un sitio web Blog<\/h2>\n<p>Nuestra soluci\u00f3n de creaci\u00f3n de sitios web de blogs est\u00e1 dise\u00f1ada para quienes desean compartir regularmente art\u00edculos, noticias o contenidos centrados en un tema concreto. Tanto si es usted un aficionado, un experto en un campo espec\u00edfico o una empresa que busca atraer a su p\u00fablico, nuestro servicio le ofrece una plataforma din\u00e1mica e interactiva para publicar sus ideas e interactuar con su comunidad. El sitio cuenta con un hilo de comentarios y opciones de suscripci\u00f3n para mantener a sus lectores al d\u00eda de sus \u00faltimas publicaciones.<\/p>\n<p>&nbsp;<\/p>\n<p><strong>Caracter\u00edsticas :<\/strong><\/p>\n<ul>\n<li><strong>Dise\u00f1o personalizado :<\/strong> Crear un espacio blog que refleje su imagen y su identidad o la de su marca.<\/li>\n<li><strong>Gesti\u00f3n de contenidos :<\/strong> Interfaz intuitiva para escribir, editar y publicar art\u00edculos.<\/li>\n<li><strong>Interactividad :<\/strong> Secci\u00f3n de comentarios para fomentar el debate y la participaci\u00f3n de los usuarios.<\/li>\n<li><strong>Notificaciones y suscripciones :<\/strong> Sistema de suscripci\u00f3n para notificar nuevos art\u00edculos a sus lectores.<\/li>\n<li><strong>Optimizaci\u00f3n SEO :<\/strong> Estructura optimizada y herramientas para mejorar su visibilidad en los motores de b\u00fasqueda.<\/li>\n<\/ul>\n<p><strong><br \/>\nVentajas :<\/strong><\/p>\n<ul>\n<li><strong>Expresar y compartir :<\/strong> La plataforma ideal para expresar sus ideas y compartir conocimientos.<\/li>\n<li><strong>Compromiso comunitario :<\/strong> Refuerce la relaci\u00f3n con su p\u00fablico mediante la interacci\u00f3n y el debate.<\/li>\n<li><strong>Mayor visibilidad :<\/strong> Aumente su presencia en l\u00ednea y atraiga a nuevos visitantes con contenidos actualizados peri\u00f3dicamente.<\/li>\n<li><strong>Facilidad de gesti\u00f3n :<\/strong> Publique y gestione sus art\u00edculos f\u00e1cilmente sin necesidad de conocimientos t\u00e9cnicos avanzados.<\/li>\n<\/ul>\n<p><strong><br \/>\nDestinatarios :<\/strong> Blogueros, entusiastas, expertos, personas influyentes, empresas y cualquiera que desee crear un espacio para debatir y compartir en l\u00ednea.<\/p>\n<p><strong><br \/>\nPrecio :<\/strong> Var\u00eda seg\u00fan la funcionalidad y el nivel de personalizaci\u00f3n requerido. P\u00f3ngase en contacto con nosotros para obtener un presupuesto adaptado a sus necesidades.<\/p>\n<p><strong><br \/>\nPlazo de entrega :<\/strong> Configurar un blog completo puede llevar de 2 a 4 semanas, dependiendo de sus necesidades y de la complejidad del proyecto.<\/p>\n<p><strong><br \/>\nOpciones adicionales :<\/strong><\/p>\n<ul>\n<li>Integraci\u00f3n de las redes sociales para compartir sus art\u00edculos.<\/li>\n<li>Funciones avanzadas de blogging, como categor\u00edas, etiquetas y archivos.<\/li>\n<li>Herramientas de an\u00e1lisis del tr\u00e1fico y elaboraci\u00f3n de informes para hacer un seguimiento de la participaci\u00f3n y el rendimiento.<\/li>\n<li>Formaci\u00f3n en gesti\u00f3n de contenidos y buenas pr\u00e1cticas de SEO.<\/li>\n<\/ul>\n<p><strong><br \/>\nContacto:<\/strong> Empieza hoy mismo a compartir tu pasi\u00f3n y a atraer a tu p\u00fablico con un blog personalizado. Haga clic aqu\u00ed para obtener m\u00e1s informaci\u00f3n, <a href=\"https:\/\/crackerstech.com\/es\/contacto\/\">Contacto<\/a>.<\/p>","protected":false},"excerpt":{"rendered":"<p>Lance su propia plataforma para compartir ideas con nuestro servicio de creaci\u00f3n de p\u00e1ginas web de blogs. Dise\u00f1ado para la publicaci\u00f3n f\u00e1cil y regular de art\u00edculos, nuestro blog le permite cubrir acontecimientos actuales o centrarse en temas espec\u00edficos. Involucre a su comunidad con un hilo de debate interactivo, permita que los miembros comenten y suscr\u00edbase a las notificaciones para mantenerse al d\u00eda. Expr\u00e9sese, comparta su experiencia y conecte con su p\u00fablico en su propio blog personalizado.<\/p>","protected":false},"featured_media":1339,"comment_status":"open","ping_status":"closed","template":"","meta":{"_monsterinsights_skip_tracking":false,"_monsterinsights_sitenote_active":false,"_monsterinsights_sitenote_note":"","_monsterinsights_sitenote_category":0,"ocean_post_layout":"","ocean_both_sidebars_style":"","ocean_both_sidebars_content_width":0,"ocean_both_sidebars_sidebars_width":0,"ocean_sidebar":"0","ocean_second_sidebar":"0","ocean_disable_margins":"enable","ocean_add_body_class":"","ocean_shortcode_before_top_bar":"","ocean_shortcode_after_top_bar":"","ocean_shortcode_before_header":"","ocean_shortcode_after_header":"","ocean_has_shortcode":"","ocean_shortcode_after_title":"","ocean_shortcode_before_footer_widgets":"","ocean_shortcode_after_footer_widgets":"","ocean_shortcode_before_footer_bottom":"","ocean_shortcode_after_footer_bottom":"","ocean_display_top_bar":"default","ocean_display_header":"default","ocean_header_style":"","ocean_center_header_left_menu":"0","ocean_custom_header_template":"0","ocean_custom_logo":0,"ocean_custom_retina_logo":0,"ocean_custom_logo_max_width":0,"ocean_custom_logo_tablet_max_width":0,"ocean_custom_logo_mobile_max_width":0,"ocean_custom_logo_max_height":0,"ocean_custom_logo_tablet_max_height":0,"ocean_custom_logo_mobile_max_height":0,"ocean_header_custom_menu":"0","ocean_menu_typo_font_family":"0","ocean_menu_typo_font_subset":"","ocean_menu_typo_font_size":0,"ocean_menu_typo_font_size_tablet":0,"ocean_menu_typo_font_size_mobile":0,"ocean_menu_typo_font_size_unit":"px","ocean_menu_typo_font_weight":"","ocean_menu_typo_font_weight_tablet":"","ocean_menu_typo_font_weight_mobile":"","ocean_menu_typo_transform":"","ocean_menu_typo_transform_tablet":"","ocean_menu_typo_transform_mobile":"","ocean_menu_typo_line_height":0,"ocean_menu_typo_line_height_tablet":0,"ocean_menu_typo_line_height_mobile":0,"ocean_menu_typo_line_height_unit":"","ocean_menu_typo_spacing":0,"ocean_menu_typo_spacing_tablet":0,"ocean_menu_typo_spacing_mobile":0,"ocean_menu_typo_spacing_unit":"","ocean_menu_link_color":"","ocean_menu_link_color_hover":"","ocean_menu_link_color_active":"","ocean_menu_link_background":"","ocean_menu_link_hover_background":"","ocean_menu_link_active_background":"","ocean_menu_social_links_bg":"","ocean_menu_social_hover_links_bg":"","ocean_menu_social_links_color":"","ocean_menu_social_hover_links_color":"","ocean_disable_title":"default","ocean_disable_heading":"default","ocean_post_title":"","ocean_post_subheading":"","ocean_post_title_style":"","ocean_post_title_background_color":"","ocean_post_title_background":0,"ocean_post_title_bg_image_position":"","ocean_post_title_bg_image_attachment":"","ocean_post_title_bg_image_repeat":"","ocean_post_title_bg_image_size":"","ocean_post_title_height":0,"ocean_post_title_bg_overlay":0.5,"ocean_post_title_bg_overlay_color":"","ocean_disable_breadcrumbs":"default","ocean_breadcrumbs_color":"","ocean_breadcrumbs_separator_color":"","ocean_breadcrumbs_links_color":"","ocean_breadcrumbs_links_hover_color":"","ocean_display_footer_widgets":"default","ocean_display_footer_bottom":"default","ocean_custom_footer_template":"0"},"product_brand":[],"product_cat":[160],"product_tag":[166,161],"class_list":{"0":"post-7140","1":"product","2":"type-product","3":"status-publish","4":"has-post-thumbnail","6":"product_cat-site-internet","7":"product_tag-blog","8":"product_tag-site-internet","10":"entry","11":"has-media","12":"wcpa_has_options","14":"first","15":"instock","16":"virtual","17":"sold-individually","18":"purchasable","19":"product-type-simple","20":"has-product-nav","21":"col","22":"span_1_of_3","23":"owp-content-center","24":"owp-thumbs-layout-horizontal","25":"owp-btn-normal","26":"owp-tabs-layout-horizontal","27":"has-no-thumbnails"},"_links":{"self":[{"href":"https:\/\/crackerstech.com\/es\/wp-json\/wp\/v2\/product\/7140","targetHints":{"allow":["GET"]}}],"collection":[{"href":"https:\/\/crackerstech.com\/es\/wp-json\/wp\/v2\/product"}],"about":[{"href":"https:\/\/crackerstech.com\/es\/wp-json\/wp\/v2\/types\/product"}],"replies":[{"embeddable":true,"href":"https:\/\/crackerstech.com\/es\/wp-json\/wp\/v2\/comments?post=7140"}],"wp:featuredmedia":[{"embeddable":true,"href":"https:\/\/crackerstech.com\/es\/wp-json\/wp\/v2\/media\/1339"}],"wp:attachment":[{"href":"https:\/\/crackerstech.com\/es\/wp-json\/wp\/v2\/media?parent=7140"}],"wp:term":[{"taxonomy":"product_brand","embeddable":true,"href":"https:\/\/crackerstech.com\/es\/wp-json\/wp\/v2\/product_brand?post=7140"},{"taxonomy":"product_cat","embeddable":true,"href":"https:\/\/crackerstech.com\/es\/wp-json\/wp\/v2\/product_cat?post=7140"},{"taxonomy":"product_tag","embeddable":true,"href":"https:\/\/crackerstech.com\/es\/wp-json\/wp\/v2\/product_tag?post=7140"}],"curies":[{"name":"wp","href":"https:\/\/api.w.org\/{rel}","templated":true}]}}