{"id":7142,"date":"2024-02-24T16:51:57","date_gmt":"2024-02-24T15:51:57","guid":{"rendered":"https:\/\/crackerstech.com\/?post_type=product&#038;p=7142"},"modified":"2025-05-14T09:23:45","modified_gmt":"2025-05-14T07:23:45","slug":"sitio-web-de-aplicaciones","status":"publish","type":"product","link":"https:\/\/crackerstech.com\/es\/produit\/site-web-applicatif\/","title":{"rendered":"Aplicaci\u00f3n Web (WebApp)"},"content":{"rendered":"<h2>Creaci\u00f3n de una aplicaci\u00f3n web<\/h2>\n<p>Nuestra soluci\u00f3n WebApp ofrece una alternativa potente y flexible a las aplicaciones tradicionales. Alojada en un servidor y accesible a trav\u00e9s de cualquier navegador web, nuestra WebApp elimina la necesidad de instalaci\u00f3n en dispositivos cliente, facilitando a sus usuarios el acceso y la gesti\u00f3n. Dise\u00f1ada para ser multiplataforma, nuestra aplicaci\u00f3n garantiza una experiencia de usuario coherente y de alta calidad en distintos dispositivos y sistemas operativos. Ideal para empresas que buscan unificar sus entornos de aplicaciones en un parque inform\u00e1tico diverso, nuestra WebApp mejora la eficacia y la productividad, al tiempo que reduce los costes de mantenimiento e implantaci\u00f3n.<\/p>\n<p><strong><br \/>\nCaracter\u00edsticas :<\/strong><\/p>\n<ul>\n<li><strong>Accesibilidad en cualquier lugar :<\/strong> Util\u00edcelo a trav\u00e9s de cualquier navegador web, sin necesidad de instalaci\u00f3n.<\/li>\n<li><strong>Dise\u00f1o adaptable :<\/strong> Apariencia y funcionalidad coherentes en todos los dispositivos y plataformas.<\/li>\n<li><strong>Mayor seguridad :<\/strong> Alojamiento seguro y cifrado para proteger los datos.<\/li>\n<li><strong>F\u00e1cil actualizaci\u00f3n :<\/strong> Las actualizaciones se realizan directamente en el servidor, sin que sea necesaria ninguna acci\u00f3n por parte del usuario final.<\/li>\n<li><strong>Personalizaci\u00f3n :<\/strong> Adapte la interfaz y las funciones a las necesidades espec\u00edficas de su empresa.<\/li>\n<\/ul>\n<p><strong><br \/>\nVentajas :<\/strong><\/p>\n<ul>\n<li><strong>Flexibilidad :<\/strong> F\u00e1cil acceso desde cualquier lugar o dispositivo conectado a Internet.<\/li>\n<li><strong>Uniformidad :<\/strong> Experiencia de usuario e interfaz coherentes, sea cual sea el dispositivo.<\/li>\n<li><strong>Reducci\u00f3n de costes :<\/strong> Menos mantenimiento y asistencia t\u00e9cnica que las aplicaciones tradicionales.<\/li>\n<li><strong>Velocidad de despliegue :<\/strong> Puesta en marcha y actualizaci\u00f3n r\u00e1pidas sin interrumpir a los usuarios.<\/li>\n<\/ul>\n<p><strong><br \/>\nDestinatarios :<\/strong> Empresas de todos los tama\u00f1os que buscan estandarizar su entorno de aplicaciones y facilitar el acceso a sus recursos desde diversos dispositivos.<\/p>\n<p><strong><br \/>\nPrecio :<\/strong> Los precios se basan en la funcionalidad espec\u00edfica, la personalizaci\u00f3n y el nivel de asistencia requerido. P\u00f3ngase en contacto con nosotros para obtener un presupuesto adaptado a sus necesidades.<\/p>\n<p><strong><br \/>\nPlazo de entrega :<\/strong> Variable en funci\u00f3n de la complejidad de la aplicaci\u00f3n y los requisitos de personalizaci\u00f3n. Tras la consulta inicial se elaborar\u00e1 un calendario del proyecto.<\/p>\n<p><strong><br \/>\nOpciones adicionales :<\/strong><\/p>\n<ul>\n<li>Integraci\u00f3n con otros sistemas o aplicaciones existentes.<\/li>\n<li>Funciones avanzadas de elaboraci\u00f3n de informes y an\u00e1lisis.<\/li>\n<li>Formaci\u00f3n y asistencia a los usuarios.<\/li>\n<li>Servicios continuos de mantenimiento y actualizaci\u00f3n.<\/li>\n<\/ul>\n<p><strong><br \/>\nContacto:<\/strong> Modernice su empresa con una aplicaci\u00f3n Web personalizada. <a href=\"https:\/\/crackerstech.com\/es\/contacto\/\">P\u00f3ngase en contacto con nosotros<\/a> para obtener m\u00e1s informaci\u00f3n e iniciar su proyecto.<\/p>","protected":false},"excerpt":{"rendered":"<p>Modernice su empresa con nuestro servicio de desarrollo de aplicaciones web. Accesibles desde cualquier navegador web sin necesidad de instalaci\u00f3n, nuestras WebApps est\u00e1n dise\u00f1adas para funcionar sin problemas en diferentes plataformas. Proporcione a su empresa la flexibilidad de una aplicaci\u00f3n multiplataforma, garantizando una experiencia de usuario coherente con independencia del dispositivo que utilice. Ideal para empresas que buscan unificar sus entornos de aplicaciones, nuestra soluci\u00f3n WebApp mejora la eficacia y la coherencia operativa.<\/p>","protected":false},"featured_media":1343,"comment_status":"open","ping_status":"closed","template":"","meta":{"_monsterinsights_skip_tracking":false,"_monsterinsights_sitenote_active":false,"_monsterinsights_sitenote_note":"","_monsterinsights_sitenote_category":0,"ocean_post_layout":"","ocean_both_sidebars_style":"","ocean_both_sidebars_content_width":0,"ocean_both_sidebars_sidebars_width":0,"ocean_sidebar":"0","ocean_second_sidebar":"0","ocean_disable_margins":"enable","ocean_add_body_class":"","ocean_shortcode_before_top_bar":"","ocean_shortcode_after_top_bar":"","ocean_shortcode_before_header":"","ocean_shortcode_after_header":"","ocean_has_shortcode":"","ocean_shortcode_after_title":"","ocean_shortcode_before_footer_widgets":"","ocean_shortcode_after_footer_widgets":"","ocean_shortcode_before_footer_bottom":"","ocean_shortcode_after_footer_bottom":"","ocean_display_top_bar":"default","ocean_display_header":"default","ocean_header_style":"","ocean_center_header_left_menu":"0","ocean_custom_header_template":"0","ocean_custom_logo":0,"ocean_custom_retina_logo":0,"ocean_custom_logo_max_width":0,"ocean_custom_logo_tablet_max_width":0,"ocean_custom_logo_mobile_max_width":0,"ocean_custom_logo_max_height":0,"ocean_custom_logo_tablet_max_height":0,"ocean_custom_logo_mobile_max_height":0,"ocean_header_custom_menu":"0","ocean_menu_typo_font_family":"0","ocean_menu_typo_font_subset":"","ocean_menu_typo_font_size":0,"ocean_menu_typo_font_size_tablet":0,"ocean_menu_typo_font_size_mobile":0,"ocean_menu_typo_font_size_unit":"px","ocean_menu_typo_font_weight":"","ocean_menu_typo_font_weight_tablet":"","ocean_menu_typo_font_weight_mobile":"","ocean_menu_typo_transform":"","ocean_menu_typo_transform_tablet":"","ocean_menu_typo_transform_mobile":"","ocean_menu_typo_line_height":0,"ocean_menu_typo_line_height_tablet":0,"ocean_menu_typo_line_height_mobile":0,"ocean_menu_typo_line_height_unit":"","ocean_menu_typo_spacing":0,"ocean_menu_typo_spacing_tablet":0,"ocean_menu_typo_spacing_mobile":0,"ocean_menu_typo_spacing_unit":"","ocean_menu_link_color":"","ocean_menu_link_color_hover":"","ocean_menu_link_color_active":"","ocean_menu_link_background":"","ocean_menu_link_hover_background":"","ocean_menu_link_active_background":"","ocean_menu_social_links_bg":"","ocean_menu_social_hover_links_bg":"","ocean_menu_social_links_color":"","ocean_menu_social_hover_links_color":"","ocean_disable_title":"default","ocean_disable_heading":"default","ocean_post_title":"","ocean_post_subheading":"","ocean_post_title_style":"","ocean_post_title_background_color":"","ocean_post_title_background":0,"ocean_post_title_bg_image_position":"","ocean_post_title_bg_image_attachment":"","ocean_post_title_bg_image_repeat":"","ocean_post_title_bg_image_size":"","ocean_post_title_height":0,"ocean_post_title_bg_overlay":0.5,"ocean_post_title_bg_overlay_color":"","ocean_disable_breadcrumbs":"default","ocean_breadcrumbs_color":"","ocean_breadcrumbs_separator_color":"","ocean_breadcrumbs_links_color":"","ocean_breadcrumbs_links_hover_color":"","ocean_display_footer_widgets":"default","ocean_display_footer_bottom":"default","ocean_custom_footer_template":"0"},"product_brand":[],"product_cat":[160,167],"product_tag":[168,161],"class_list":{"0":"post-7142","1":"product","2":"type-product","3":"status-publish","4":"has-post-thumbnail","6":"product_cat-site-internet","7":"product_cat-application-web","8":"product_tag-application-web","9":"product_tag-site-internet","11":"entry","12":"has-media","13":"wcpa_has_options","15":"first","16":"instock","17":"virtual","18":"sold-individually","19":"product-type-simple","20":"has-product-nav","21":"col","22":"span_1_of_3","23":"owp-content-center","24":"owp-thumbs-layout-horizontal","25":"owp-btn-normal","26":"owp-tabs-layout-horizontal","27":"has-no-thumbnails"},"_links":{"self":[{"href":"https:\/\/crackerstech.com\/es\/wp-json\/wp\/v2\/product\/7142","targetHints":{"allow":["GET"]}}],"collection":[{"href":"https:\/\/crackerstech.com\/es\/wp-json\/wp\/v2\/product"}],"about":[{"href":"https:\/\/crackerstech.com\/es\/wp-json\/wp\/v2\/types\/product"}],"replies":[{"embeddable":true,"href":"https:\/\/crackerstech.com\/es\/wp-json\/wp\/v2\/comments?post=7142"}],"wp:featuredmedia":[{"embeddable":true,"href":"https:\/\/crackerstech.com\/es\/wp-json\/wp\/v2\/media\/1343"}],"wp:attachment":[{"href":"https:\/\/crackerstech.com\/es\/wp-json\/wp\/v2\/media?parent=7142"}],"wp:term":[{"taxonomy":"product_brand","embeddable":true,"href":"https:\/\/crackerstech.com\/es\/wp-json\/wp\/v2\/product_brand?post=7142"},{"taxonomy":"product_cat","embeddable":true,"href":"https:\/\/crackerstech.com\/es\/wp-json\/wp\/v2\/product_cat?post=7142"},{"taxonomy":"product_tag","embeddable":true,"href":"https:\/\/crackerstech.com\/es\/wp-json\/wp\/v2\/product_tag?post=7142"}],"curies":[{"name":"wp","href":"https:\/\/api.w.org\/{rel}","templated":true}]}}