{"id":7304,"date":"2024-02-26T11:56:49","date_gmt":"2024-02-26T10:56:49","guid":{"rendered":"https:\/\/crackerstech.com\/?post_type=product&#038;p=7304"},"modified":"2025-05-14T09:23:55","modified_gmt":"2025-05-14T07:23:55","slug":"referencement-deluxe-hosting","status":"publish","type":"product","link":"https:\/\/crackerstech.com\/es\/produit\/hebergement-referencement-deluxe\/","title":{"rendered":"Paquete Deluxe (Alojamiento + Referenciaci\u00f3n)"},"content":{"rendered":"<h2>Alojamiento y referenciaci\u00f3n de sitios web<\/h2>\n<p>El paquete de Alojamiento Web Deluxe es nuestra soluci\u00f3n m\u00e1s completa y avanzada, dise\u00f1ada para empresas que exigen lo mejor en t\u00e9rminos de rendimiento, seguridad y servicios en l\u00ednea. Con un precio de 300 euros al mes, este paquete incorpora todas las ventajas de los paquetes Simple y Premium, al tiempo que ofrece servicios exclusivos como la gesti\u00f3n de listados de empresas, asesoramiento SEO personalizado e informes SEO peri\u00f3dicos para maximizar su visibilidad e impacto online.<\/p>\n<p><strong>Caracter\u00edsticas :<\/strong><\/p>\n<ul>\n<li><strong>Todas las caracter\u00edsticas de los paquetes de alojamiento <a href=\"https:\/\/crackerstech.com\/es\/producto\/paquete-de-alojamiento-individual\/\">Simple<\/a> y <a href=\"https:\/\/crackerstech.com\/es\/producto\/alojamiento-premium-referencement\/\">Premium<\/a> :<\/strong>\n<ul>\n<li>Alojamiento web de alta calidad<\/li>\n<li>Copias de seguridad diarias<\/li>\n<li>Actualizaciones de hosting+plugins<\/li>\n<li>Supervisi\u00f3n del servicio<\/li>\n<li>Asistencia ocasional<\/li>\n<li>Apoyo personalizado<\/li>\n<li>Modificaciones a petici\u00f3n<\/li>\n<\/ul>\n<\/li>\n<li><strong>Gesti\u00f3n del archivo maestro del sitio :<\/strong> Optimice su presencia en l\u00ednea con datos precisos y actualizados sobre su establecimiento.<\/li>\n<li><strong>Asesoramiento SEO personalizado :<\/strong> Reciba estrategias SEO a medida para mejorar el posicionamiento y la visibilidad de su sitio web.<\/li>\n<li><strong>Informes SEO peri\u00f3dicos :<\/strong> Controle el rendimiento de su sitio web con informes detallados y an\u00e1lisis SEO.<\/li>\n<\/ul>\n<p><strong><br \/>\nVentajas :<\/strong><\/p>\n<ul>\n<li><strong>Servicio completo :<\/strong> Benef\u00edciese de un paquete de alojamiento web todo en uno para un rendimiento \u00f3ptimo.<\/li>\n<li><strong>Experiencia SEO :<\/strong> Mejore su posicionamiento en los buscadores con la ayuda de nuestros expertos en SEO.<\/li>\n<li><strong>An\u00e1lisis detallado :<\/strong> Obtenga informaci\u00f3n valiosa para su estrategia en l\u00ednea con informes SEO peri\u00f3dicos.<\/li>\n<\/ul>\n<p><strong><br \/>\nDestinatarios :<\/strong> Ideal para grandes empresas, sitios de comercio electr\u00f3nico de alto tr\u00e1fico y cualquier organizaci\u00f3n que busque una gesti\u00f3n completa de su presencia en l\u00ednea con una estrategia SEO integrada.<\/p>\n<p><strong><br \/>\nPrecio :<\/strong> 300 al mes por una soluci\u00f3n de alojamiento web de primera clase y soporte SEO profesional.<\/p>\n<p><strong><br \/>\nContacto:<\/strong> Lleve su alojamiento web al siguiente nivel con el paquete de alojamiento web Deluxe. P\u00f3ngase en contacto con nosotros para obtener m\u00e1s informaci\u00f3n o para suscribirse.<\/p>","protected":false},"excerpt":{"rendered":"<p>Maximice su presencia en Internet con nuestro Paquete Deluxe de Alojamiento Web y SEO por 300 euros al mes. Benef\u00edciese de servicios de gama alta que incluyen alojamiento, copias de seguridad diarias, actualizaciones continuas, asistencia personalizada, gesti\u00f3n de archivos del sitio, asesoramiento experto en SEO e informes detallados. Ideal para grandes empresas y sitios con mucho tr\u00e1fico que buscan optimizar su estrategia digital y su visibilidad en los motores de b\u00fasqueda.<\/p>","protected":false},"featured_media":7302,"comment_status":"open","ping_status":"closed","template":"","meta":{"_monsterinsights_skip_tracking":false,"_monsterinsights_sitenote_active":false,"_monsterinsights_sitenote_note":"","_monsterinsights_sitenote_category":0,"ocean_post_layout":"","ocean_both_sidebars_style":"","ocean_both_sidebars_content_width":0,"ocean_both_sidebars_sidebars_width":0,"ocean_sidebar":"0","ocean_second_sidebar":"0","ocean_disable_margins":"enable","ocean_add_body_class":"","ocean_shortcode_before_top_bar":"","ocean_shortcode_after_top_bar":"","ocean_shortcode_before_header":"","ocean_shortcode_after_header":"","ocean_has_shortcode":"","ocean_shortcode_after_title":"","ocean_shortcode_before_footer_widgets":"","ocean_shortcode_after_footer_widgets":"","ocean_shortcode_before_footer_bottom":"","ocean_shortcode_after_footer_bottom":"","ocean_display_top_bar":"default","ocean_display_header":"default","ocean_header_style":"","ocean_center_header_left_menu":"0","ocean_custom_header_template":"0","ocean_custom_logo":0,"ocean_custom_retina_logo":0,"ocean_custom_logo_max_width":0,"ocean_custom_logo_tablet_max_width":0,"ocean_custom_logo_mobile_max_width":0,"ocean_custom_logo_max_height":0,"ocean_custom_logo_tablet_max_height":0,"ocean_custom_logo_mobile_max_height":0,"ocean_header_custom_menu":"0","ocean_menu_typo_font_family":"0","ocean_menu_typo_font_subset":"","ocean_menu_typo_font_size":0,"ocean_menu_typo_font_size_tablet":0,"ocean_menu_typo_font_size_mobile":0,"ocean_menu_typo_font_size_unit":"px","ocean_menu_typo_font_weight":"","ocean_menu_typo_font_weight_tablet":"","ocean_menu_typo_font_weight_mobile":"","ocean_menu_typo_transform":"","ocean_menu_typo_transform_tablet":"","ocean_menu_typo_transform_mobile":"","ocean_menu_typo_line_height":0,"ocean_menu_typo_line_height_tablet":0,"ocean_menu_typo_line_height_mobile":0,"ocean_menu_typo_line_height_unit":"","ocean_menu_typo_spacing":0,"ocean_menu_typo_spacing_tablet":0,"ocean_menu_typo_spacing_mobile":0,"ocean_menu_typo_spacing_unit":"","ocean_menu_link_color":"","ocean_menu_link_color_hover":"","ocean_menu_link_color_active":"","ocean_menu_link_background":"","ocean_menu_link_hover_background":"","ocean_menu_link_active_background":"","ocean_menu_social_links_bg":"","ocean_menu_social_hover_links_bg":"","ocean_menu_social_links_color":"","ocean_menu_social_hover_links_color":"","ocean_disable_title":"default","ocean_disable_heading":"default","ocean_post_title":"","ocean_post_subheading":"","ocean_post_title_style":"","ocean_post_title_background_color":"","ocean_post_title_background":0,"ocean_post_title_bg_image_position":"","ocean_post_title_bg_image_attachment":"","ocean_post_title_bg_image_repeat":"","ocean_post_title_bg_image_size":"","ocean_post_title_height":0,"ocean_post_title_bg_overlay":0.5,"ocean_post_title_bg_overlay_color":"","ocean_disable_breadcrumbs":"default","ocean_breadcrumbs_color":"","ocean_breadcrumbs_separator_color":"","ocean_breadcrumbs_links_color":"","ocean_breadcrumbs_links_hover_color":"","ocean_display_footer_widgets":"default","ocean_display_footer_bottom":"default","ocean_custom_footer_template":"0"},"product_brand":[],"product_cat":[171,172,160],"product_tag":[173,174,161],"class_list":{"0":"post-7304","1":"product","2":"type-product","3":"status-publish","4":"has-post-thumbnail","6":"product_cat-hebergement","7":"product_cat-referencement","8":"product_cat-site-internet","9":"product_tag-hebergement","10":"product_tag-referencement","11":"product_tag-site-internet","13":"entry","14":"has-media","15":"wcpa_has_options","17":"first","18":"instock","19":"virtual","20":"sold-individually","21":"purchasable","22":"product-type-subscription","23":"has-product-nav","24":"col","25":"span_1_of_3","26":"owp-content-center","27":"owp-thumbs-layout-horizontal","28":"owp-btn-normal","29":"owp-tabs-layout-horizontal","30":"has-no-thumbnails"},"_links":{"self":[{"href":"https:\/\/crackerstech.com\/es\/wp-json\/wp\/v2\/product\/7304","targetHints":{"allow":["GET"]}}],"collection":[{"href":"https:\/\/crackerstech.com\/es\/wp-json\/wp\/v2\/product"}],"about":[{"href":"https:\/\/crackerstech.com\/es\/wp-json\/wp\/v2\/types\/product"}],"replies":[{"embeddable":true,"href":"https:\/\/crackerstech.com\/es\/wp-json\/wp\/v2\/comments?post=7304"}],"wp:featuredmedia":[{"embeddable":true,"href":"https:\/\/crackerstech.com\/es\/wp-json\/wp\/v2\/media\/7302"}],"wp:attachment":[{"href":"https:\/\/crackerstech.com\/es\/wp-json\/wp\/v2\/media?parent=7304"}],"wp:term":[{"taxonomy":"product_brand","embeddable":true,"href":"https:\/\/crackerstech.com\/es\/wp-json\/wp\/v2\/product_brand?post=7304"},{"taxonomy":"product_cat","embeddable":true,"href":"https:\/\/crackerstech.com\/es\/wp-json\/wp\/v2\/product_cat?post=7304"},{"taxonomy":"product_tag","embeddable":true,"href":"https:\/\/crackerstech.com\/es\/wp-json\/wp\/v2\/product_tag?post=7304"}],"curies":[{"name":"wp","href":"https:\/\/api.w.org\/{rel}","templated":true}]}}