{"id":7392,"date":"2024-02-27T19:34:21","date_gmt":"2024-02-27T18:34:21","guid":{"rendered":"https:\/\/crackerstech.com\/?post_type=product&#038;p=7392"},"modified":"2025-05-14T09:23:57","modified_gmt":"2025-05-14T07:23:57","slug":"paquete-seo","status":"publish","type":"product","link":"https:\/\/crackerstech.com\/es\/produit\/forfait-seo\/","title":{"rendered":"Paquete SEO org\u00e1nico"},"content":{"rendered":"<h2>Optimizar la referenciaci\u00f3n org\u00e1nica de su sitio web<\/h2>\n<p>Nuestro paquete de SEO org\u00e1nico es la soluci\u00f3n ideal para los propietarios de sitios web que buscan mejorar su visibilidad en l\u00ednea sin estar alojados o creados por Cracker's Tech. Con una tarifa mensual competitiva, ofrecemos un servicio completo dise\u00f1ado para optimizar el posicionamiento natural de su sitio web.<\/p>\n<p><strong>Servicios incluidos:<\/strong><\/p>\n<ul>\n<li><strong>Redacci\u00f3n :<\/strong> Nos encargamos de la redacci\u00f3n de su sitio web para garantizar una calidad \u00f3ptima y la relevancia SEO. Nuestros expertos en redacci\u00f3n adaptan el contenido para que resulte atractivo y est\u00e9 optimizado para los motores de b\u00fasqueda.<\/li>\n<li><strong>Optimizaci\u00f3n de las etiquetas H1, H2, H3... :<\/strong> Estructuramos su contenido utilizando etiquetas de t\u00edtulo correctas para mejorar el SEO y la legibilidad de su sitio.<\/li>\n<li><strong>Estructuraci\u00f3n editorial y mallado interno :<\/strong> Organizamos su contenido de forma que facilite la navegaci\u00f3n a los usuarios y a los motores de b\u00fasqueda, reforzando la malla interna de su sitio.<\/li>\n<li><strong>Implantaci\u00f3n de Schema.org :<\/strong> Integramos datos estructurados para ayudar a los motores de b\u00fasqueda a comprender mejor el contenido de su sitio, mejorando su indexaci\u00f3n y clasificaci\u00f3n.<\/li>\n<li><strong>Despliegue de herramientas de optimizaci\u00f3n de motores de b\u00fasqueda :<\/strong> Instalaci\u00f3n y configuraci\u00f3n de plugins Premium para impulsar su SEO y mejorar el rendimiento general de su sitio.<\/li>\n<li><strong>Google Analytics y seguimiento del rendimiento :<\/strong> Creaci\u00f3n y configuraci\u00f3n de su cuenta de Google Analytics para rastrear el tr\u00e1fico y comprender el comportamiento de los visitantes en su sitio web.<\/li>\n<li><strong>Creaci\u00f3n de archivos maestros de sitio :<\/strong> Establecemos su presencia en Google My Business, Bing Maps y Apple Maps, aumentando su visibilidad local.<\/li>\n<li><strong>An\u00e1lisis del rendimiento con Google Search Console y Bing Webmaster Tools :<\/strong> Seguimiento y an\u00e1lisis de su sitio web para identificar oportunidades de mejora y controlar su clasificaci\u00f3n en los resultados de b\u00fasqueda.<\/li>\n<li><strong>Control peri\u00f3dico del rendimiento y estad\u00edsticas :<\/strong> Le proporcionamos informes peri\u00f3dicos sobre el rendimiento de su sitio web para mantenerle informado de su progreso SEO.<\/li>\n<li><strong>Asistencia y asesoramiento sobre contenidos :<\/strong> Nuestros expertos est\u00e1n a su disposici\u00f3n para ofrecerle asesoramiento personalizado y ayudarle a mejorar continuamente la calidad y relevancia de sus contenidos.<\/li>\n<\/ul>\n<p>Opte por nuestro paquete de SEO org\u00e1nico y proporcione a su sitio web los medios para situarse en los primeros puestos de los resultados de b\u00fasqueda, al tiempo que se beneficia de un apoyo profesional y personalizado.<\/p>","protected":false},"excerpt":{"rendered":"<p>Mejore la visibilidad de su sitio web con nuestro paquete de SEO org\u00e1nico, dise\u00f1ado para sitios no alojados en Cracker's Tech. Benef\u00edciese de una estrategia SEO completa que incluye redacci\u00f3n optimizada, etiquetado HTML, enlaces internos y mucho m\u00e1s. Aumente su presencia online con una optimizaci\u00f3n experta y un seguimiento regular del rendimiento.<\/p>","protected":false},"featured_media":1662,"comment_status":"open","ping_status":"closed","template":"","meta":{"_monsterinsights_skip_tracking":false,"_monsterinsights_sitenote_active":false,"_monsterinsights_sitenote_note":"","_monsterinsights_sitenote_category":0,"ocean_post_layout":"","ocean_both_sidebars_style":"","ocean_both_sidebars_content_width":0,"ocean_both_sidebars_sidebars_width":0,"ocean_sidebar":"0","ocean_second_sidebar":"0","ocean_disable_margins":"enable","ocean_add_body_class":"","ocean_shortcode_before_top_bar":"","ocean_shortcode_after_top_bar":"","ocean_shortcode_before_header":"","ocean_shortcode_after_header":"","ocean_has_shortcode":"","ocean_shortcode_after_title":"","ocean_shortcode_before_footer_widgets":"","ocean_shortcode_after_footer_widgets":"","ocean_shortcode_before_footer_bottom":"","ocean_shortcode_after_footer_bottom":"","ocean_display_top_bar":"default","ocean_display_header":"default","ocean_header_style":"","ocean_center_header_left_menu":"0","ocean_custom_header_template":"0","ocean_custom_logo":0,"ocean_custom_retina_logo":0,"ocean_custom_logo_max_width":0,"ocean_custom_logo_tablet_max_width":0,"ocean_custom_logo_mobile_max_width":0,"ocean_custom_logo_max_height":0,"ocean_custom_logo_tablet_max_height":0,"ocean_custom_logo_mobile_max_height":0,"ocean_header_custom_menu":"0","ocean_menu_typo_font_family":"0","ocean_menu_typo_font_subset":"","ocean_menu_typo_font_size":0,"ocean_menu_typo_font_size_tablet":0,"ocean_menu_typo_font_size_mobile":0,"ocean_menu_typo_font_size_unit":"px","ocean_menu_typo_font_weight":"","ocean_menu_typo_font_weight_tablet":"","ocean_menu_typo_font_weight_mobile":"","ocean_menu_typo_transform":"","ocean_menu_typo_transform_tablet":"","ocean_menu_typo_transform_mobile":"","ocean_menu_typo_line_height":0,"ocean_menu_typo_line_height_tablet":0,"ocean_menu_typo_line_height_mobile":0,"ocean_menu_typo_line_height_unit":"","ocean_menu_typo_spacing":0,"ocean_menu_typo_spacing_tablet":0,"ocean_menu_typo_spacing_mobile":0,"ocean_menu_typo_spacing_unit":"","ocean_menu_link_color":"","ocean_menu_link_color_hover":"","ocean_menu_link_color_active":"","ocean_menu_link_background":"","ocean_menu_link_hover_background":"","ocean_menu_link_active_background":"","ocean_menu_social_links_bg":"","ocean_menu_social_hover_links_bg":"","ocean_menu_social_links_color":"","ocean_menu_social_hover_links_color":"","ocean_disable_title":"default","ocean_disable_heading":"default","ocean_post_title":"","ocean_post_subheading":"","ocean_post_title_style":"","ocean_post_title_background_color":"","ocean_post_title_background":0,"ocean_post_title_bg_image_position":"","ocean_post_title_bg_image_attachment":"","ocean_post_title_bg_image_repeat":"","ocean_post_title_bg_image_size":"","ocean_post_title_height":0,"ocean_post_title_bg_overlay":0.5,"ocean_post_title_bg_overlay_color":"","ocean_disable_breadcrumbs":"default","ocean_breadcrumbs_color":"","ocean_breadcrumbs_separator_color":"","ocean_breadcrumbs_links_color":"","ocean_breadcrumbs_links_hover_color":"","ocean_display_footer_widgets":"default","ocean_display_footer_bottom":"default","ocean_custom_footer_template":"0"},"product_brand":[],"product_cat":[172,160],"product_tag":[174,161],"class_list":{"0":"post-7392","1":"product","2":"type-product","3":"status-publish","4":"has-post-thumbnail","6":"product_cat-referencement","7":"product_cat-site-internet","8":"product_tag-referencement","9":"product_tag-site-internet","11":"entry","12":"has-media","13":"wcpa_has_options","15":"first","16":"instock","17":"virtual","18":"sold-individually","19":"purchasable","20":"product-type-subscription","21":"has-product-nav","22":"col","23":"span_1_of_3","24":"owp-content-center","25":"owp-thumbs-layout-horizontal","26":"owp-btn-normal","27":"owp-tabs-layout-horizontal"},"_links":{"self":[{"href":"https:\/\/crackerstech.com\/es\/wp-json\/wp\/v2\/product\/7392","targetHints":{"allow":["GET"]}}],"collection":[{"href":"https:\/\/crackerstech.com\/es\/wp-json\/wp\/v2\/product"}],"about":[{"href":"https:\/\/crackerstech.com\/es\/wp-json\/wp\/v2\/types\/product"}],"replies":[{"embeddable":true,"href":"https:\/\/crackerstech.com\/es\/wp-json\/wp\/v2\/comments?post=7392"}],"wp:featuredmedia":[{"embeddable":true,"href":"https:\/\/crackerstech.com\/es\/wp-json\/wp\/v2\/media\/1662"}],"wp:attachment":[{"href":"https:\/\/crackerstech.com\/es\/wp-json\/wp\/v2\/media?parent=7392"}],"wp:term":[{"taxonomy":"product_brand","embeddable":true,"href":"https:\/\/crackerstech.com\/es\/wp-json\/wp\/v2\/product_brand?post=7392"},{"taxonomy":"product_cat","embeddable":true,"href":"https:\/\/crackerstech.com\/es\/wp-json\/wp\/v2\/product_cat?post=7392"},{"taxonomy":"product_tag","embeddable":true,"href":"https:\/\/crackerstech.com\/es\/wp-json\/wp\/v2\/product_tag?post=7392"}],"curies":[{"name":"wp","href":"https:\/\/api.w.org\/{rel}","templated":true}]}}